{"id":8734,"date":"2019-05-13T15:30:25","date_gmt":"2019-05-13T13:30:25","guid":{"rendered":"https:\/\/endurance.nu\/cart\/"},"modified":"2019-10-03T09:45:16","modified_gmt":"2019-10-03T07:45:16","slug":"cart","status":"publish","type":"page","link":"https:\/\/endurance.nu\/de\/cart\/","title":{"rendered":"Cart"},"content":{"rendered":"<div class=\"woocommerce\"><div class=\"woocommerce-notices-wrapper\"><\/div><div class=\"wc-empty-cart-message\">\n\t<div class=\"cart-empty woocommerce-info\" role=\"status\">\n\t\tDein Warenkorb ist gegenw\u00e4rtig leer.\t<\/div>\n<\/div>\t<p class=\"return-to-shop\">\n\t\t<a class=\"button wc-backward\" href=\"https:\/\/endurance.nu\/de\/shop\/\">\n\t\t\tZur\u00fcck zum Shop\t\t<\/a>\n\t<\/p>\n<\/div>\n","protected":false},"excerpt":{"rendered":"","protected":false},"author":1,"featured_media":0,"parent":0,"menu_order":0,"comment_status":"closed","ping_status":"closed","template":"","meta":{"_acf_changed":false,"footnotes":""},"categories":[],"tags":[],"dbm_type":[],"dbm_relation":[],"class_list":["post-8734","page","type-page","status-publish","hentry"],"acf":[],"yoast_head":"<!-- This site is optimized with the Yoast SEO plugin v26.2 - https:\/\/yoast.com\/wordpress\/plugins\/seo\/ -->\n<title>Cart - Endurance<\/title>\n<meta name=\"robots\" content=\"index, follow, max-snippet:-1, max-image-preview:large, max-video-preview:-1\" \/>\n<link rel=\"canonical\" href=\"https:\/\/endurance.nu\/de\/cart\/\" \/>\n<meta property=\"og:locale\" content=\"de_DE\" \/>\n<meta property=\"og:type\" content=\"article\" \/>\n<meta property=\"og:title\" content=\"Cart - Endurance\" \/>\n<meta property=\"og:url\" content=\"https:\/\/endurance.nu\/de\/cart\/\" \/>\n<meta property=\"og:site_name\" content=\"Endurance\" \/>\n<meta property=\"article:modified_time\" content=\"2019-10-03T07:45:16+00:00\" \/>\n<meta name=\"twitter:card\" content=\"summary_large_image\" \/>\n<script type=\"application\/ld+json\" class=\"yoast-schema-graph\">{\"@context\":\"https:\/\/schema.org\",\"@graph\":[{\"@type\":\"WebPage\",\"@id\":\"https:\/\/endurance.nu\/de\/cart\/\",\"url\":\"https:\/\/endurance.nu\/de\/cart\/\",\"name\":\"Cart - Endurance\",\"isPartOf\":{\"@id\":\"https:\/\/endurance.nu\/de\/#website\"},\"datePublished\":\"2019-05-13T13:30:25+00:00\",\"dateModified\":\"2019-10-03T07:45:16+00:00\",\"breadcrumb\":{\"@id\":\"https:\/\/endurance.nu\/de\/cart\/#breadcrumb\"},\"inLanguage\":\"de\",\"potentialAction\":[{\"@type\":\"ReadAction\",\"target\":[\"https:\/\/endurance.nu\/de\/cart\/\"]}]},{\"@type\":\"BreadcrumbList\",\"@id\":\"https:\/\/endurance.nu\/de\/cart\/#breadcrumb\",\"itemListElement\":[{\"@type\":\"ListItem\",\"position\":1,\"name\":\"Home\",\"item\":\"https:\/\/endurance.nu\/de\/\"},{\"@type\":\"ListItem\",\"position\":2,\"name\":\"Cart\"}]},{\"@type\":\"WebSite\",\"@id\":\"https:\/\/endurance.nu\/de\/#website\",\"url\":\"https:\/\/endurance.nu\/de\/\",\"name\":\"Endurance\",\"description\":\"V\u00e4rldens mest s\u00e5lda tr\u00e4ningstillskott!\",\"publisher\":{\"@id\":\"https:\/\/endurance.nu\/de\/#organization\"},\"potentialAction\":[{\"@type\":\"SearchAction\",\"target\":{\"@type\":\"EntryPoint\",\"urlTemplate\":\"https:\/\/endurance.nu\/de\/?s={search_term_string}\"},\"query-input\":{\"@type\":\"PropertyValueSpecification\",\"valueRequired\":true,\"valueName\":\"search_term_string\"}}],\"inLanguage\":\"de\"},{\"@type\":\"Organization\",\"@id\":\"https:\/\/endurance.nu\/de\/#organization\",\"name\":\"Endurance\",\"url\":\"https:\/\/endurance.nu\/de\/\",\"logo\":{\"@type\":\"ImageObject\",\"inLanguage\":\"de\",\"@id\":\"https:\/\/endurance.nu\/de\/#\/schema\/logo\/image\/\",\"url\":\"https:\/\/endurance.nu\/wp-content\/uploads\/2019\/07\/endurance-logo.png\",\"contentUrl\":\"https:\/\/endurance.nu\/wp-content\/uploads\/2019\/07\/endurance-logo.png\",\"width\":700,\"height\":150,\"caption\":\"Endurance\"},\"image\":{\"@id\":\"https:\/\/endurance.nu\/de\/#\/schema\/logo\/image\/\"}}]}<\/script>\n<!-- \/ Yoast SEO plugin. -->","yoast_head_json":{"title":"Cart - Endurance","robots":{"index":"index","follow":"follow","max-snippet":"max-snippet:-1","max-image-preview":"max-image-preview:large","max-video-preview":"max-video-preview:-1"},"canonical":"https:\/\/endurance.nu\/de\/cart\/","og_locale":"de_DE","og_type":"article","og_title":"Cart - Endurance","og_url":"https:\/\/endurance.nu\/de\/cart\/","og_site_name":"Endurance","article_modified_time":"2019-10-03T07:45:16+00:00","twitter_card":"summary_large_image","schema":{"@context":"https:\/\/schema.org","@graph":[{"@type":"WebPage","@id":"https:\/\/endurance.nu\/de\/cart\/","url":"https:\/\/endurance.nu\/de\/cart\/","name":"Cart - Endurance","isPartOf":{"@id":"https:\/\/endurance.nu\/de\/#website"},"datePublished":"2019-05-13T13:30:25+00:00","dateModified":"2019-10-03T07:45:16+00:00","breadcrumb":{"@id":"https:\/\/endurance.nu\/de\/cart\/#breadcrumb"},"inLanguage":"de","potentialAction":[{"@type":"ReadAction","target":["https:\/\/endurance.nu\/de\/cart\/"]}]},{"@type":"BreadcrumbList","@id":"https:\/\/endurance.nu\/de\/cart\/#breadcrumb","itemListElement":[{"@type":"ListItem","position":1,"name":"Home","item":"https:\/\/endurance.nu\/de\/"},{"@type":"ListItem","position":2,"name":"Cart"}]},{"@type":"WebSite","@id":"https:\/\/endurance.nu\/de\/#website","url":"https:\/\/endurance.nu\/de\/","name":"Endurance","description":"V\u00e4rldens mest s\u00e5lda tr\u00e4ningstillskott!","publisher":{"@id":"https:\/\/endurance.nu\/de\/#organization"},"potentialAction":[{"@type":"SearchAction","target":{"@type":"EntryPoint","urlTemplate":"https:\/\/endurance.nu\/de\/?s={search_term_string}"},"query-input":{"@type":"PropertyValueSpecification","valueRequired":true,"valueName":"search_term_string"}}],"inLanguage":"de"},{"@type":"Organization","@id":"https:\/\/endurance.nu\/de\/#organization","name":"Endurance","url":"https:\/\/endurance.nu\/de\/","logo":{"@type":"ImageObject","inLanguage":"de","@id":"https:\/\/endurance.nu\/de\/#\/schema\/logo\/image\/","url":"https:\/\/endurance.nu\/wp-content\/uploads\/2019\/07\/endurance-logo.png","contentUrl":"https:\/\/endurance.nu\/wp-content\/uploads\/2019\/07\/endurance-logo.png","width":700,"height":150,"caption":"Endurance"},"image":{"@id":"https:\/\/endurance.nu\/de\/#\/schema\/logo\/image\/"}}]}},"guten_post_layout_featured_media_urls":{"full":false,"thumbnail":false,"medium":false,"medium_large":false,"large":false,"1536x1536":false,"2048x2048":false,"guten_post_layout_landscape_large":false,"guten_post_layout_portrait_large":false,"guten_post_layout_square_large":false,"guten_post_layout_landscape":false,"guten_post_layout_portrait":false,"guten_post_layout_square":false,"post-thumbnail":false,"sullivan_fullscreen":false,"woocommerce_thumbnail":false,"woocommerce_single":false,"woocommerce_gallery_thumbnail":false,"ppec_logo_image_size":false,"ppec_header_image_size":false},"_links":{"self":[{"href":"https:\/\/endurance.nu\/de\/wp-json\/wp\/v2\/pages\/8734","targetHints":{"allow":["GET"]}}],"collection":[{"href":"https:\/\/endurance.nu\/de\/wp-json\/wp\/v2\/pages"}],"about":[{"href":"https:\/\/endurance.nu\/de\/wp-json\/wp\/v2\/types\/page"}],"author":[{"embeddable":true,"href":"https:\/\/endurance.nu\/de\/wp-json\/wp\/v2\/users\/1"}],"replies":[{"embeddable":true,"href":"https:\/\/endurance.nu\/de\/wp-json\/wp\/v2\/comments?post=8734"}],"version-history":[{"count":1,"href":"https:\/\/endurance.nu\/de\/wp-json\/wp\/v2\/pages\/8734\/revisions"}],"predecessor-version":[{"id":8752,"href":"https:\/\/endurance.nu\/de\/wp-json\/wp\/v2\/pages\/8734\/revisions\/8752"}],"wp:attachment":[{"href":"https:\/\/endurance.nu\/de\/wp-json\/wp\/v2\/media?parent=8734"}],"wp:term":[{"taxonomy":"category","embeddable":true,"href":"https:\/\/endurance.nu\/de\/wp-json\/wp\/v2\/categories?post=8734"},{"taxonomy":"post_tag","embeddable":true,"href":"https:\/\/endurance.nu\/de\/wp-json\/wp\/v2\/tags?post=8734"},{"taxonomy":"dbm_type","embeddable":true,"href":"https:\/\/endurance.nu\/de\/wp-json\/wp\/v2\/dbm_type?post=8734"},{"taxonomy":"dbm_relation","embeddable":true,"href":"https:\/\/endurance.nu\/de\/wp-json\/wp\/v2\/dbm_relation?post=8734"}],"curies":[{"name":"wp","href":"https:\/\/api.w.org\/{rel}","templated":true}]}}