{"id":8736,"date":"2019-05-17T10:30:26","date_gmt":"2019-05-17T08:30:26","guid":{"rendered":"https:\/\/endurance.nu\/endurancerodbeta\/"},"modified":"2019-12-15T20:15:18","modified_gmt":"2019-12-15T19:15:18","slug":"endurancerodbeta","status":"publish","type":"page","link":"https:\/\/endurance.nu\/de\/","title":{"rendered":"ENDURANCE"},"content":{"rendered":"\n<h4 class=\"wp-block-heading\"><strong><span class=\"flexovital-product-name\"><span class=\"flexovital\">ENDURANCE<\/span><span class=\"product-name\">+ROTE BEETE<\/span><\/span><\/strong><\/h4>\n\n\n\n<h4 class=\"wp-block-heading\"><strong>Seit 20 Jahren eine von Sportlern beliebte Nahrungserg\u00e4nzung!<\/strong><\/h4>\n\n\n\n<p>Nahrungserg\u00e4nzungsmittel, welche die Aminos\u00e4uren L-Arginine und L-Citrulline enthalten, sind weltweit popul\u00e4r. Man nennt diese oft auch NO bzw. Stickstoffzus\u00e4tze, deren Sinn und Zweck die Steigerung der Blutzirkulation durch eine Erh\u00f6hung des Stickstoffgehalts im Blut ist. Rote Beete Saft ist einer der neuesten Stickstoffzus\u00e4tze. Deshalb haben wir unserem Produkt ENDURANCE den Rote Beete Extrakt beigef\u00fcgt.  ENDURANCE. <span class=\"flexovital-product-name\"><span class=\"flexovital\">ENDURANCE<\/span><span class=\"product-name\">+ROTE BEETE<\/span><\/span> <strong>hat die NO-Erg\u00e4nzungsmittelverfahren auf ein v\u00f6llig neues Niveau gehoben. <\/strong><\/p>\n\n\n\n<p><strong>Wir hoffen, Sie sehr neugierig zu machen und bieten Ihnen an: 50% Rabatt f\u00fcr den Ersterwerb einer Packung! <\/strong><\/p>\n\n\n\n<figure class=\"wp-block-image\"><img loading=\"lazy\" decoding=\"async\" width=\"1024\" height=\"683\" src=\"https:\/\/endurance.nu\/wp-content\/uploads\/2019\/12\/Cyklisterf\u00e4rg-1024x683.jpg\" alt=\"\" class=\"wp-image-12382\" srcset=\"https:\/\/endurance.nu\/wp-content\/uploads\/2019\/12\/Cyklisterf\u00e4rg-1024x683.jpg 1024w, https:\/\/endurance.nu\/wp-content\/uploads\/2019\/12\/Cyklisterf\u00e4rg-300x200.jpg 300w, https:\/\/endurance.nu\/wp-content\/uploads\/2019\/12\/Cyklisterf\u00e4rg-768x512.jpg 768w, https:\/\/endurance.nu\/wp-content\/uploads\/2019\/12\/Cyklisterf\u00e4rg-1200x800.jpg 1200w, https:\/\/endurance.nu\/wp-content\/uploads\/2019\/12\/Cyklisterf\u00e4rg-600x400.jpg 600w, https:\/\/endurance.nu\/wp-content\/uploads\/2019\/12\/Cyklisterf\u00e4rg-870x580.jpg 870w, https:\/\/endurance.nu\/wp-content\/uploads\/2019\/12\/Cyklisterf\u00e4rg-1860x1240.jpg 1860w\" sizes=\"auto, (max-width: 1024px) 100vw, 1024px\" \/><\/figure>\n\n\n\n<p><strong>\u201dWenn Ihnen Rote Beete Saft schmeckt, sollten Sie auch die Wirkung von Rote Beete Extrakt, kombiniert mit L-Arginin, L-Citrullin und Rosenwurzextrakt testen!\u201d<br><\/strong><\/p>\n\n\n\n<p> Die Rote Beete ist Dank schwedischer Forschung in der ganzen Welt popul\u00e4r. <strong>Der Star ist hierbei eigentlich das Stickstoffmolek\u00fcl, das sich aus dem Nitrat der Roten Beete bildet.<\/strong> Belegt durch Studien \u00fcber Rote Beete Saft wirkt sich das Getr\u00e4nk positiv auf das Leistungsverm\u00f6gen und auch die Regenerierung aus. Besonders bei Anf\u00e4ngern hat sich eine sportliche Leistungssteigerung von bis zu 20% gezeigt. F\u00e4ndest du es spannend,  <span class=\"flexovital-product-name\"><span class=\"flexovital\">ENDURANCE<\/span><span class=\"product-name\">+R<\/span><\/span> zu testen? <strong>Bestelle hier, dann gilt ein Begr\u00fc\u00dfungs-Rabatt von 50%! <\/strong><\/p>\n\n\n\n<div data-expanded-content=\"1\" data-wprr-component=\"bookButton\" data-wprr-component-data=\"{&quot;product&quot;:&quot;71&quot;,&quot;text&quot;:&quot;50% Rabatt im ersten Monat. Keine Bindungszeiten.&quot;,&quot;discountCode&quot;:&quot;prova-p\u00e5 rabatt&quot;}\" class=\"wp-block-bioconcept-book-button\"><\/div>\n\n\n\n<figure class=\"wp-block-image\"><img loading=\"lazy\" decoding=\"async\" width=\"1024\" height=\"613\" src=\"https:\/\/endurance.nu\/wp-content\/uploads\/2019\/12\/RunnerMountain-1024x613.jpg\" alt=\"\" class=\"wp-image-12370\" srcset=\"https:\/\/endurance.nu\/wp-content\/uploads\/2019\/12\/RunnerMountain-1024x613.jpg 1024w, https:\/\/endurance.nu\/wp-content\/uploads\/2019\/12\/RunnerMountain-300x180.jpg 300w, https:\/\/endurance.nu\/wp-content\/uploads\/2019\/12\/RunnerMountain-768x460.jpg 768w, https:\/\/endurance.nu\/wp-content\/uploads\/2019\/12\/RunnerMountain-870x521.jpg 870w, https:\/\/endurance.nu\/wp-content\/uploads\/2019\/12\/RunnerMountain-1860x1114.jpg 1860w, https:\/\/endurance.nu\/wp-content\/uploads\/2019\/12\/RunnerMountain-600x359.jpg 600w\" sizes=\"auto, (max-width: 1024px) 100vw, 1024px\" \/><\/figure>\n\n\n\n<h2 class=\"wp-block-heading\"><strong>Wir m\u00f6chten, dass Ihnen Ihr K\u00f6rper folgt, nicht anders herum!<\/strong><\/h2>\n\n\n\n<p><strong>Wussten Sie es?<\/strong><\/p>\n\n\n\n<ul class=\"wp-block-list\"><li>Der Blutkreislauf ist das Versorgungssystem des K\u00f6rpers, der Sauerstoff und N\u00e4hrstoffe in alle Zellen transportiert. Gleichzeitig werden Milchs\u00e4ure, Kohlendioxid und Abfallprodukte abtransportiert.<\/li><li>Schmerzen in Gelenken und Muskeln haben oft eine Entz\u00fcndung als Ursache. Eine gute Blutzirkulation tr\u00e4gt dazu bei, dass Entz\u00fcndungen schneller heilen.<\/li><li>F\u00fcr steife Muskeln ist oft eine schlechte Blutzirkulation die Ursache. Deshalb sind beispielsweise Massagen sinnvoll, um die Zirkulation in Gang zu setzten und damit die Bewegungsf\u00e4higkeit zu verbessern sowie Schmerzen zu mindern.<\/li><li>Wenn das k\u00f6rpereigene Transportsystem gut funktioniert ist dies im Prinzip gut f\u00fcr alles. <\/li><\/ul>\n\n\n\n<h2 class=\"wp-block-heading\"><strong>Das k\u00f6rpereigene Versorgungssystem muss optimal funktionieren!<\/strong><\/h2>\n\n\n\n<figure class=\"wp-block-image\"><img loading=\"lazy\" decoding=\"async\" width=\"1024\" height=\"576\" src=\"http:\/\/endurance.nu\/wp-content\/uploads\/2019\/07\/ENDURANCE-STILL-4-1024x576.png\" alt=\"\" class=\"wp-image-198\" srcset=\"https:\/\/endurance.nu\/wp-content\/uploads\/2019\/07\/ENDURANCE-STILL-4-1024x576.png 1024w, https:\/\/endurance.nu\/wp-content\/uploads\/2019\/07\/ENDURANCE-STILL-4-300x169.png 300w, https:\/\/endurance.nu\/wp-content\/uploads\/2019\/07\/ENDURANCE-STILL-4-768x432.png 768w, https:\/\/endurance.nu\/wp-content\/uploads\/2019\/07\/ENDURANCE-STILL-4-870x489.png 870w, https:\/\/endurance.nu\/wp-content\/uploads\/2019\/07\/ENDURANCE-STILL-4-1860x1046.png 1860w, https:\/\/endurance.nu\/wp-content\/uploads\/2019\/07\/ENDURANCE-STILL-4-600x338.png 600w, https:\/\/endurance.nu\/wp-content\/uploads\/2019\/07\/ENDURANCE-STILL-4.png 1920w\" sizes=\"auto, (max-width: 1024px) 100vw, 1024px\" \/><\/figure>\n\n\n\n<h2 class=\"wp-block-heading\"><strong>Was erstreben Sie?<\/strong><\/h2>\n\n\n\n<p> Sportler aller Niveaus m\u00f6chten stets ihre Leistung steigern \u2013 unabh\u00e4ngig davon ob es dabei um ein paar Sekunden per Kilometer, oder einige Meter Vorsprung auf dem Fahrrad geht, oder um auf dem Tennisplatz den entscheidenden Punkt zu machen. Wir Sportler treten gegen uns selbst an. Bei Schmerzen durch Milchs\u00e4ure und im Falle von Energiemangel: Testen Sie  <span class=\"flexovital-product-name\"><span class=\"flexovital\">ENDURANCE<\/span><span class=\"product-name\">+ROTE BEETE<\/span><\/span>,  und sp\u00fcren Sie die unmittelbare Wirkung! <\/p>\n\n\n\n<figure class=\"wp-block-image\"><img loading=\"lazy\" decoding=\"async\" width=\"1024\" height=\"731\" src=\"https:\/\/endurance.nu\/wp-content\/uploads\/2019\/12\/Endurance_Ty_Fram_sRGB_T2A5910-1-1024x731.jpg\" alt=\"\" class=\"wp-image-12344\" srcset=\"https:\/\/endurance.nu\/wp-content\/uploads\/2019\/12\/Endurance_Ty_Fram_sRGB_T2A5910-1-1024x731.jpg 1024w, https:\/\/endurance.nu\/wp-content\/uploads\/2019\/12\/Endurance_Ty_Fram_sRGB_T2A5910-1-300x214.jpg 300w, https:\/\/endurance.nu\/wp-content\/uploads\/2019\/12\/Endurance_Ty_Fram_sRGB_T2A5910-1-768x549.jpg 768w, https:\/\/endurance.nu\/wp-content\/uploads\/2019\/12\/Endurance_Ty_Fram_sRGB_T2A5910-1-870x621.jpg 870w, https:\/\/endurance.nu\/wp-content\/uploads\/2019\/12\/Endurance_Ty_Fram_sRGB_T2A5910-1-1860x1328.jpg 1860w, https:\/\/endurance.nu\/wp-content\/uploads\/2019\/12\/Endurance_Ty_Fram_sRGB_T2A5910-1-600x429.jpg 600w\" sizes=\"auto, (max-width: 1024px) 100vw, 1024px\" \/><\/figure>\n\n\n\n<div data-expanded-content=\"1\" data-wprr-component=\"bookButton\" data-wprr-component-data=\"{&quot;product&quot;:&quot;71&quot;,&quot;text&quot;:&quot;Beginnen Sie eine Reise zu Ihrem Besten \u2013 hier!&quot;,&quot;discountCode&quot;:&quot;prova-p\u00e5 rabatt&quot;}\" class=\"wp-block-bioconcept-book-button\"><\/div>\n","protected":false},"excerpt":{"rendered":"<p>Seit 20 Jahren eine von Sportlern beliebte Nahrungserg\u00e4nzung! Nahrungserg\u00e4nzungsmittel, welche die Aminos\u00e4uren L-Arginine und L-Citrulline enthalten, sind weltweit popul\u00e4r. Man nennt diese oft auch NO bzw. Stickstoffzus\u00e4tze, deren Sinn und Zweck die Steigerung der Blutzirkulation durch eine Erh\u00f6hung des Stickstoffgehalts im Blut ist. Rote Beete Saft ist einer der neuesten Stickstoffzus\u00e4tze. Deshalb haben wir unserem [&hellip;]<\/p>\n","protected":false},"author":1,"featured_media":11692,"parent":0,"menu_order":0,"comment_status":"closed","ping_status":"closed","template":"template-cover.php","meta":{"_acf_changed":false,"footnotes":""},"categories":[],"tags":[],"dbm_type":[],"dbm_relation":[],"class_list":["post-8736","page","type-page","status-publish","has-post-thumbnail","hentry"],"acf":[],"yoast_head":"<!-- This site is optimized with the Yoast SEO plugin v26.2 - https:\/\/yoast.com\/wordpress\/plugins\/seo\/ -->\n<title>ENDURANCE - Endurance<\/title>\n<meta name=\"robots\" content=\"index, follow, max-snippet:-1, max-image-preview:large, max-video-preview:-1\" \/>\n<link rel=\"canonical\" href=\"https:\/\/endurance.nu\/de\/\" \/>\n<meta property=\"og:locale\" content=\"de_DE\" \/>\n<meta property=\"og:type\" content=\"article\" \/>\n<meta property=\"og:title\" content=\"ENDURANCE - Endurance\" \/>\n<meta property=\"og:description\" content=\"Seit 20 Jahren eine von Sportlern beliebte Nahrungserg\u00e4nzung! Nahrungserg\u00e4nzungsmittel, welche die Aminos\u00e4uren L-Arginine und L-Citrulline enthalten, sind weltweit popul\u00e4r. Man nennt diese oft auch NO bzw. Stickstoffzus\u00e4tze, deren Sinn und Zweck die Steigerung der Blutzirkulation durch eine Erh\u00f6hung des Stickstoffgehalts im Blut ist. Rote Beete Saft ist einer der neuesten Stickstoffzus\u00e4tze. Deshalb haben wir unserem [&hellip;]\" \/>\n<meta property=\"og:url\" content=\"https:\/\/endurance.nu\/de\/\" \/>\n<meta property=\"og:site_name\" content=\"Endurance\" \/>\n<meta property=\"article:modified_time\" content=\"2019-12-15T19:15:18+00:00\" \/>\n<meta property=\"og:image\" content=\"https:\/\/endurance.nu\/wp-content\/uploads\/2019\/11\/Springerp\u00e5fj\u00e4llet-1024x576.jpg\" \/>\n\t<meta property=\"og:image:width\" content=\"1024\" \/>\n\t<meta property=\"og:image:height\" content=\"576\" \/>\n\t<meta property=\"og:image:type\" content=\"image\/jpeg\" \/>\n<meta name=\"twitter:card\" content=\"summary_large_image\" \/>\n<meta name=\"twitter:label1\" content=\"Gesch\u00e4tzte Lesezeit\" \/>\n\t<meta name=\"twitter:data1\" content=\"2\u00a0Minuten\" \/>\n<script type=\"application\/ld+json\" class=\"yoast-schema-graph\">{\"@context\":\"https:\/\/schema.org\",\"@graph\":[{\"@type\":\"WebPage\",\"@id\":\"https:\/\/endurance.nu\/de\/\",\"url\":\"https:\/\/endurance.nu\/de\/\",\"name\":\"ENDURANCE - Endurance\",\"isPartOf\":{\"@id\":\"https:\/\/endurance.nu\/de\/#website\"},\"primaryImageOfPage\":{\"@id\":\"https:\/\/endurance.nu\/de\/#primaryimage\"},\"image\":{\"@id\":\"https:\/\/endurance.nu\/de\/#primaryimage\"},\"thumbnailUrl\":\"https:\/\/endurance.nu\/wp-content\/uploads\/2019\/11\/Springerp\u00e5fj\u00e4llet.jpg\",\"datePublished\":\"2019-05-17T08:30:26+00:00\",\"dateModified\":\"2019-12-15T19:15:18+00:00\",\"breadcrumb\":{\"@id\":\"https:\/\/endurance.nu\/de\/#breadcrumb\"},\"inLanguage\":\"de\",\"potentialAction\":[{\"@type\":\"ReadAction\",\"target\":[\"https:\/\/endurance.nu\/de\/\"]}]},{\"@type\":\"ImageObject\",\"inLanguage\":\"de\",\"@id\":\"https:\/\/endurance.nu\/de\/#primaryimage\",\"url\":\"https:\/\/endurance.nu\/wp-content\/uploads\/2019\/11\/Springerp\u00e5fj\u00e4llet.jpg\",\"contentUrl\":\"https:\/\/endurance.nu\/wp-content\/uploads\/2019\/11\/Springerp\u00e5fj\u00e4llet.jpg\",\"width\":6000,\"height\":3375},{\"@type\":\"BreadcrumbList\",\"@id\":\"https:\/\/endurance.nu\/de\/#breadcrumb\",\"itemListElement\":[{\"@type\":\"ListItem\",\"position\":1,\"name\":\"Home\",\"item\":\"https:\/\/endurance.nu\/de\/\"},{\"@type\":\"ListItem\",\"position\":2,\"name\":\"ENDURANCE\"}]},{\"@type\":\"WebSite\",\"@id\":\"https:\/\/endurance.nu\/de\/#website\",\"url\":\"https:\/\/endurance.nu\/de\/\",\"name\":\"Endurance\",\"description\":\"V\u00e4rldens mest s\u00e5lda tr\u00e4ningstillskott!\",\"publisher\":{\"@id\":\"https:\/\/endurance.nu\/de\/#organization\"},\"potentialAction\":[{\"@type\":\"SearchAction\",\"target\":{\"@type\":\"EntryPoint\",\"urlTemplate\":\"https:\/\/endurance.nu\/de\/?s={search_term_string}\"},\"query-input\":{\"@type\":\"PropertyValueSpecification\",\"valueRequired\":true,\"valueName\":\"search_term_string\"}}],\"inLanguage\":\"de\"},{\"@type\":\"Organization\",\"@id\":\"https:\/\/endurance.nu\/de\/#organization\",\"name\":\"Endurance\",\"url\":\"https:\/\/endurance.nu\/de\/\",\"logo\":{\"@type\":\"ImageObject\",\"inLanguage\":\"de\",\"@id\":\"https:\/\/endurance.nu\/de\/#\/schema\/logo\/image\/\",\"url\":\"https:\/\/endurance.nu\/wp-content\/uploads\/2019\/07\/endurance-logo.png\",\"contentUrl\":\"https:\/\/endurance.nu\/wp-content\/uploads\/2019\/07\/endurance-logo.png\",\"width\":700,\"height\":150,\"caption\":\"Endurance\"},\"image\":{\"@id\":\"https:\/\/endurance.nu\/de\/#\/schema\/logo\/image\/\"}}]}<\/script>\n<!-- \/ Yoast SEO plugin. -->","yoast_head_json":{"title":"ENDURANCE - Endurance","robots":{"index":"index","follow":"follow","max-snippet":"max-snippet:-1","max-image-preview":"max-image-preview:large","max-video-preview":"max-video-preview:-1"},"canonical":"https:\/\/endurance.nu\/de\/","og_locale":"de_DE","og_type":"article","og_title":"ENDURANCE - Endurance","og_description":"Seit 20 Jahren eine von Sportlern beliebte Nahrungserg\u00e4nzung! Nahrungserg\u00e4nzungsmittel, welche die Aminos\u00e4uren L-Arginine und L-Citrulline enthalten, sind weltweit popul\u00e4r. Man nennt diese oft auch NO bzw. Stickstoffzus\u00e4tze, deren Sinn und Zweck die Steigerung der Blutzirkulation durch eine Erh\u00f6hung des Stickstoffgehalts im Blut ist. Rote Beete Saft ist einer der neuesten Stickstoffzus\u00e4tze. Deshalb haben wir unserem [&hellip;]","og_url":"https:\/\/endurance.nu\/de\/","og_site_name":"Endurance","article_modified_time":"2019-12-15T19:15:18+00:00","og_image":[{"width":1024,"height":576,"url":"https:\/\/endurance.nu\/wp-content\/uploads\/2019\/11\/Springerp\u00e5fj\u00e4llet-1024x576.jpg","type":"image\/jpeg"}],"twitter_card":"summary_large_image","twitter_misc":{"Gesch\u00e4tzte Lesezeit":"2\u00a0Minuten"},"schema":{"@context":"https:\/\/schema.org","@graph":[{"@type":"WebPage","@id":"https:\/\/endurance.nu\/de\/","url":"https:\/\/endurance.nu\/de\/","name":"ENDURANCE - Endurance","isPartOf":{"@id":"https:\/\/endurance.nu\/de\/#website"},"primaryImageOfPage":{"@id":"https:\/\/endurance.nu\/de\/#primaryimage"},"image":{"@id":"https:\/\/endurance.nu\/de\/#primaryimage"},"thumbnailUrl":"https:\/\/endurance.nu\/wp-content\/uploads\/2019\/11\/Springerp\u00e5fj\u00e4llet.jpg","datePublished":"2019-05-17T08:30:26+00:00","dateModified":"2019-12-15T19:15:18+00:00","breadcrumb":{"@id":"https:\/\/endurance.nu\/de\/#breadcrumb"},"inLanguage":"de","potentialAction":[{"@type":"ReadAction","target":["https:\/\/endurance.nu\/de\/"]}]},{"@type":"ImageObject","inLanguage":"de","@id":"https:\/\/endurance.nu\/de\/#primaryimage","url":"https:\/\/endurance.nu\/wp-content\/uploads\/2019\/11\/Springerp\u00e5fj\u00e4llet.jpg","contentUrl":"https:\/\/endurance.nu\/wp-content\/uploads\/2019\/11\/Springerp\u00e5fj\u00e4llet.jpg","width":6000,"height":3375},{"@type":"BreadcrumbList","@id":"https:\/\/endurance.nu\/de\/#breadcrumb","itemListElement":[{"@type":"ListItem","position":1,"name":"Home","item":"https:\/\/endurance.nu\/de\/"},{"@type":"ListItem","position":2,"name":"ENDURANCE"}]},{"@type":"WebSite","@id":"https:\/\/endurance.nu\/de\/#website","url":"https:\/\/endurance.nu\/de\/","name":"Endurance","description":"V\u00e4rldens mest s\u00e5lda tr\u00e4ningstillskott!","publisher":{"@id":"https:\/\/endurance.nu\/de\/#organization"},"potentialAction":[{"@type":"SearchAction","target":{"@type":"EntryPoint","urlTemplate":"https:\/\/endurance.nu\/de\/?s={search_term_string}"},"query-input":{"@type":"PropertyValueSpecification","valueRequired":true,"valueName":"search_term_string"}}],"inLanguage":"de"},{"@type":"Organization","@id":"https:\/\/endurance.nu\/de\/#organization","name":"Endurance","url":"https:\/\/endurance.nu\/de\/","logo":{"@type":"ImageObject","inLanguage":"de","@id":"https:\/\/endurance.nu\/de\/#\/schema\/logo\/image\/","url":"https:\/\/endurance.nu\/wp-content\/uploads\/2019\/07\/endurance-logo.png","contentUrl":"https:\/\/endurance.nu\/wp-content\/uploads\/2019\/07\/endurance-logo.png","width":700,"height":150,"caption":"Endurance"},"image":{"@id":"https:\/\/endurance.nu\/de\/#\/schema\/logo\/image\/"}}]}},"guten_post_layout_featured_media_urls":{"full":["https:\/\/endurance.nu\/wp-content\/uploads\/2019\/11\/Springerp\u00e5fj\u00e4llet.jpg",6000,3375,false],"thumbnail":["https:\/\/endurance.nu\/wp-content\/uploads\/2019\/11\/Springerp\u00e5fj\u00e4llet-150x150.jpg",150,150,true],"medium":["https:\/\/endurance.nu\/wp-content\/uploads\/2019\/11\/Springerp\u00e5fj\u00e4llet-300x169.jpg",300,169,true],"medium_large":["https:\/\/endurance.nu\/wp-content\/uploads\/2019\/11\/Springerp\u00e5fj\u00e4llet-768x432.jpg",600,338,true],"large":["https:\/\/endurance.nu\/wp-content\/uploads\/2019\/11\/Springerp\u00e5fj\u00e4llet-1024x576.jpg",600,338,true],"1536x1536":["https:\/\/endurance.nu\/wp-content\/uploads\/2019\/11\/Springerp\u00e5fj\u00e4llet.jpg",1536,864,false],"2048x2048":["https:\/\/endurance.nu\/wp-content\/uploads\/2019\/11\/Springerp\u00e5fj\u00e4llet.jpg",2048,1152,false],"guten_post_layout_landscape_large":["https:\/\/endurance.nu\/wp-content\/uploads\/2019\/11\/Springerp\u00e5fj\u00e4llet-1200x800.jpg",1200,800,true],"guten_post_layout_portrait_large":["https:\/\/endurance.nu\/wp-content\/uploads\/2019\/11\/Springerp\u00e5fj\u00e4llet-1200x1800.jpg",1200,1800,true],"guten_post_layout_square_large":["https:\/\/endurance.nu\/wp-content\/uploads\/2019\/11\/Springerp\u00e5fj\u00e4llet-1200x1200.jpg",1200,1200,true],"guten_post_layout_landscape":["https:\/\/endurance.nu\/wp-content\/uploads\/2019\/11\/Springerp\u00e5fj\u00e4llet-600x400.jpg",600,400,true],"guten_post_layout_portrait":["https:\/\/endurance.nu\/wp-content\/uploads\/2019\/11\/Springerp\u00e5fj\u00e4llet-600x900.jpg",600,900,true],"guten_post_layout_square":["https:\/\/endurance.nu\/wp-content\/uploads\/2019\/11\/Springerp\u00e5fj\u00e4llet-600x600.jpg",600,600,true],"post-thumbnail":["https:\/\/endurance.nu\/wp-content\/uploads\/2019\/11\/Springerp\u00e5fj\u00e4llet-870x489.jpg",870,489,true],"sullivan_fullscreen":["https:\/\/endurance.nu\/wp-content\/uploads\/2019\/11\/Springerp\u00e5fj\u00e4llet-1860x1046.jpg",1860,1046,true],"woocommerce_thumbnail":["https:\/\/endurance.nu\/wp-content\/uploads\/2019\/11\/Springerp\u00e5fj\u00e4llet-300x300.jpg",300,300,true],"woocommerce_single":["https:\/\/endurance.nu\/wp-content\/uploads\/2019\/11\/Springerp\u00e5fj\u00e4llet-600x338.jpg",600,338,true],"woocommerce_gallery_thumbnail":["https:\/\/endurance.nu\/wp-content\/uploads\/2019\/11\/Springerp\u00e5fj\u00e4llet-100x100.jpg",100,100,true],"ppec_logo_image_size":["https:\/\/endurance.nu\/wp-content\/uploads\/2019\/11\/Springerp\u00e5fj\u00e4llet.jpg",107,60,false],"ppec_header_image_size":["https:\/\/endurance.nu\/wp-content\/uploads\/2019\/11\/Springerp\u00e5fj\u00e4llet.jpg",160,90,false]},"_links":{"self":[{"href":"https:\/\/endurance.nu\/de\/wp-json\/wp\/v2\/pages\/8736","targetHints":{"allow":["GET"]}}],"collection":[{"href":"https:\/\/endurance.nu\/de\/wp-json\/wp\/v2\/pages"}],"about":[{"href":"https:\/\/endurance.nu\/de\/wp-json\/wp\/v2\/types\/page"}],"author":[{"embeddable":true,"href":"https:\/\/endurance.nu\/de\/wp-json\/wp\/v2\/users\/1"}],"replies":[{"embeddable":true,"href":"https:\/\/endurance.nu\/de\/wp-json\/wp\/v2\/comments?post=8736"}],"version-history":[{"count":19,"href":"https:\/\/endurance.nu\/de\/wp-json\/wp\/v2\/pages\/8736\/revisions"}],"predecessor-version":[{"id":12416,"href":"https:\/\/endurance.nu\/de\/wp-json\/wp\/v2\/pages\/8736\/revisions\/12416"}],"wp:featuredmedia":[{"embeddable":true,"href":"https:\/\/endurance.nu\/de\/wp-json\/wp\/v2\/media\/11692"}],"wp:attachment":[{"href":"https:\/\/endurance.nu\/de\/wp-json\/wp\/v2\/media?parent=8736"}],"wp:term":[{"taxonomy":"category","embeddable":true,"href":"https:\/\/endurance.nu\/de\/wp-json\/wp\/v2\/categories?post=8736"},{"taxonomy":"post_tag","embeddable":true,"href":"https:\/\/endurance.nu\/de\/wp-json\/wp\/v2\/tags?post=8736"},{"taxonomy":"dbm_type","embeddable":true,"href":"https:\/\/endurance.nu\/de\/wp-json\/wp\/v2\/dbm_type?post=8736"},{"taxonomy":"dbm_relation","embeddable":true,"href":"https:\/\/endurance.nu\/de\/wp-json\/wp\/v2\/dbm_relation?post=8736"}],"curies":[{"name":"wp","href":"https:\/\/api.w.org\/{rel}","templated":true}]}}