{"id":8743,"date":"2019-05-17T11:10:50","date_gmt":"2019-05-17T09:10:50","guid":{"rendered":"https:\/\/endurance.nu\/kontakta-oss\/"},"modified":"2020-02-13T16:09:44","modified_gmt":"2020-02-13T15:09:44","slug":"kontakta-oss","status":"publish","type":"page","link":"https:\/\/endurance.nu\/de\/kontakta-oss\/","title":{"rendered":"Kontakt"},"content":{"rendered":"\n<h2 class=\"wp-block-heading\">Wir sind hier f\u00fcr Sie da<strong>.<\/strong><\/h2>\n\n\n\n<p> Haben Sie Fragen zu <span class=\"flexovital-product-name\"><span class=\"flexovital\">ENDURANCE<\/span><span class=\"product-name\">+ROTE BEETE<\/span><\/span>? Oder hat sich Ihre Lieferung verz\u00f6gert? Nutzen Sie das unten angegebene Formular und wir werden uns umgehend bei Ihnen melden. Loggen Sie sich gerne unter \u201dMeine Seiten\u201d ein. Hier k\u00f6nnen Sie einige \u00c4nderungen selbst vornehmen. <\/p>\n\n\n<div class=\"caldera-grid\" id=\"caldera_form_1\" data-cf-ver=\"1.9.6\" data-cf-form-id=\"CF5c751775e3af6\"><div id=\"caldera_notices_1\" data-spinner=\"https:\/\/endurance.nu\/wp-admin\/images\/spinner.gif\"><\/div><form data-instance=\"1\" class=\"CF5c751775e3af6 caldera_forms_form cfajax-trigger\" method=\"POST\" enctype=\"multipart\/form-data\" id=\"CF5c751775e3af6_1\" data-form-id=\"CF5c751775e3af6\" aria-label=\"Kontakta oss\" data-target=\"#caldera_notices_1\" data-template=\"#cfajax_CF5c751775e3af6-tmpl\" data-cfajax=\"CF5c751775e3af6\" data-load-element=\"_parent\" data-load-class=\"cf_processing\" data-post-disable=\"0\" data-action=\"cf_process_ajax_submit\" data-request=\"https:\/\/endurance.nu\/de\/\/cf-api\/CF5c751775e3af6\" data-hiderows=\"true\">\r\n<input type=\"hidden\" id=\"_cf_verify_CF5c751775e3af6\" name=\"_cf_verify\" value=\"fc6b01e71b\"  data-nonce-time=\"1777590996\" \/><input type=\"hidden\" name=\"_wp_http_referer\" value=\"\/de\/wp-json\/wp\/v2\/pages\/8743\" \/><div id=\"cf2-CF5c751775e3af6_1\"><\/div><input type=\"hidden\" name=\"_cf_frm_id\" value=\"CF5c751775e3af6\">\r\n<input type=\"hidden\" name=\"_cf_frm_ct\" value=\"1\">\r\n<input type=\"hidden\" name=\"cfajax\" value=\"CF5c751775e3af6\">\r\n<input type=\"hidden\" name=\"_cf_cr_pst\" value=\"8743\">\r\n<div class=\"hide\" style=\"display:none; overflow:hidden;height:0;width:0;\">\r\n<label>Twitter<\/label><input type=\"text\" name=\"twitter\" value=\"\" autocomplete=\"off\">\r\n<\/div><div id=\"CF5c751775e3af6_1-row-1\"  class=\"row  first_row\"><div  class=\"col-sm-6  first_col\"><div data-field-wrapper=\"fld_8768091\" class=\"form-group\" id=\"fld_8768091_1-wrap\">\r\n\t<label id=\"fld_8768091Label\" for=\"fld_8768091_1\" class=\"control-label\">F\u00f6rnamn <span aria-hidden=\"true\" role=\"presentation\" class=\"field_required\" style=\"color:#ee0000;\">*<\/span><\/label>\r\n\t<div class=\"\">\r\n\t\t<input   required type=\"text\" data-field=\"fld_8768091\" class=\" form-control\" id=\"fld_8768091_1\" name=\"fld_8768091\" value=\"\" data-type=\"text\" aria-required=\"true\"   aria-labelledby=\"fld_8768091Label\" >\t\t\t<\/div>\r\n<\/div>\r\n<div data-field-wrapper=\"fld_6009157\" class=\"form-group\" id=\"fld_6009157_1-wrap\">\r\n\t<label id=\"fld_6009157Label\" for=\"fld_6009157_1\" class=\"control-label\">E-postadress <span aria-hidden=\"true\" role=\"presentation\" class=\"field_required\" style=\"color:#ee0000;\">*<\/span><\/label>\r\n\t<div class=\"\">\r\n\t\t<input   required type=\"email\" data-field=\"fld_6009157\" class=\" form-control\" id=\"fld_6009157_1\" name=\"fld_6009157\" value=\"\" data-type=\"email\" aria-required=\"true\"   aria-labelledby=\"fld_6009157Label\" >\t\t\t<\/div>\r\n<\/div>\r\n<\/div><div  class=\"col-sm-6  last_col\"><div data-field-wrapper=\"fld_9970286\" class=\"form-group\" id=\"fld_9970286_1-wrap\">\r\n\t<label id=\"fld_9970286Label\" for=\"fld_9970286_1\" class=\"control-label\">Efternamn <span aria-hidden=\"true\" role=\"presentation\" class=\"field_required\" style=\"color:#ee0000;\">*<\/span><\/label>\r\n\t<div class=\"\">\r\n\t\t<input   required type=\"text\" data-field=\"fld_9970286\" class=\" form-control\" id=\"fld_9970286_1\" name=\"fld_9970286\" value=\"\" data-type=\"text\" aria-required=\"true\"   aria-labelledby=\"fld_9970286Label\" >\t\t\t<\/div>\r\n<\/div>\r\n<div data-field-wrapper=\"fld_7263056\" class=\"form-group\" id=\"fld_7263056_1-wrap\">\r\n\t<label id=\"fld_7263056Label\" for=\"fld_7263056_1\" class=\"control-label\">Telefon <span aria-hidden=\"true\" role=\"presentation\" class=\"field_required\" style=\"color:#ee0000;\">*<\/span><\/label>\r\n\t<div class=\"\">\r\n\t\t<input   required type=\"text\" data-field=\"fld_7263056\" class=\" form-control\" id=\"fld_7263056_1\" name=\"fld_7263056\" value=\"\" data-type=\"text\" aria-required=\"true\"   aria-labelledby=\"fld_7263056Label\" >\t\t\t<\/div>\r\n<\/div>\r\n<\/div><\/div><div id=\"CF5c751775e3af6_1-row-2\"  class=\"row \"><div  class=\"col-sm-12  single\"><div data-field-wrapper=\"fld_7569025\" class=\"form-group\" id=\"fld_7569025_1-wrap\">\r\n\t<label id=\"fld_7569025Label\" for=\"fld_7569025_1\" class=\"control-label\">\u00c4mne <span aria-hidden=\"true\" role=\"presentation\" class=\"field_required\" style=\"color:#ee0000;\">*<\/span><\/label>\r\n\t<div class=\"\">\r\n\t\t<input   required type=\"text\" data-field=\"fld_7569025\" class=\" form-control\" id=\"fld_7569025_1\" name=\"fld_7569025\" value=\"\" data-type=\"text\" aria-required=\"true\"   aria-labelledby=\"fld_7569025Label\" >\t\t\t<\/div>\r\n<\/div>\r\n<div data-field-wrapper=\"fld_7683514\" class=\"form-group\" id=\"fld_7683514_1-wrap\">\r\n\t<label id=\"fld_7683514Label\" for=\"fld_7683514_1\" class=\"control-label\">Kommentarer \/ fr\u00e5gor <span aria-hidden=\"true\" role=\"presentation\" class=\"field_required\" style=\"color:#ee0000;\">*<\/span><\/label>\r\n\t<div class=\"\">\r\n\t\t<textarea name=\"fld_7683514\" value=\"\" data-field=\"fld_7683514\" class=\"form-control\" id=\"fld_7683514_1\" rows=\"7\"  required=\"required\"  aria-labelledby=\"fld_7683514Label\" ><\/textarea>\n\t\t\t<\/div>\r\n<\/div>\r\n<\/div><\/div><div id=\"CF5c751775e3af6_1-row-3\"  class=\"row  last_row\"><div  class=\"col-sm-12  single\"><div data-field-wrapper=\"fld_7908577\" class=\"form-group\" id=\"fld_7908577_1-wrap\">\r\n<div class=\"\">\r\n\t<input  class=\"btn btn-default\" type=\"submit\" name=\"fld_7908577\" id=\"fld_7908577_1\" value=\"Skicka meddelande\" data-field=\"fld_7908577\"  >\n<\/div>\r\n<\/div>\r\n\t<input class=\"button_trigger_1\" type=\"hidden\" name=\"fld_7908577\" id=\"fld_7908577_1_btn\" value=\"\" data-field=\"fld_7908577\"  \/>\n<\/div><\/div><\/form>\r\n<\/div>\r\n\n\n\n<p>Bioconcept AB FL\u00d6JELGATAN 10 16765 BROMMA office@bioconcept.se +46 (8) 1244 3838<\/p>\n","protected":false},"excerpt":{"rendered":"<p>Wir sind hier f\u00fcr Sie da. Haben Sie Fragen zu ? Oder hat sich Ihre Lieferung verz\u00f6gert? Nutzen Sie das unten angegebene Formular und wir werden uns umgehend bei Ihnen melden. Loggen Sie sich gerne unter \u201dMeine Seiten\u201d ein. Hier k\u00f6nnen Sie einige \u00c4nderungen selbst vornehmen. Bioconcept AB FL\u00d6JELGATAN 10 16765 BROMMA office@bioconcept.se +46 (8) [&hellip;]<\/p>\n","protected":false},"author":1,"featured_media":11702,"parent":0,"menu_order":0,"comment_status":"closed","ping_status":"closed","template":"","meta":{"_acf_changed":false,"footnotes":""},"categories":[],"tags":[],"dbm_type":[],"dbm_relation":[],"class_list":["post-8743","page","type-page","status-publish","has-post-thumbnail","hentry"],"acf":[],"yoast_head":"<!-- This site is optimized with the Yoast SEO plugin v26.2 - https:\/\/yoast.com\/wordpress\/plugins\/seo\/ -->\n<title>Kontakt - Endurance<\/title>\n<meta name=\"robots\" content=\"index, follow, max-snippet:-1, max-image-preview:large, max-video-preview:-1\" \/>\n<link rel=\"canonical\" href=\"https:\/\/endurance.nu\/de\/kontakta-oss\/\" \/>\n<meta property=\"og:locale\" content=\"de_DE\" \/>\n<meta property=\"og:type\" content=\"article\" \/>\n<meta property=\"og:title\" content=\"Kontakt - Endurance\" \/>\n<meta property=\"og:description\" content=\"Wir sind hier f\u00fcr Sie da. Haben Sie Fragen zu ? Oder hat sich Ihre Lieferung verz\u00f6gert? Nutzen Sie das unten angegebene Formular und wir werden uns umgehend bei Ihnen melden. Loggen Sie sich gerne unter \u201dMeine Seiten\u201d ein. Hier k\u00f6nnen Sie einige \u00c4nderungen selbst vornehmen. Bioconcept AB FL\u00d6JELGATAN 10 16765 BROMMA office@bioconcept.se +46 (8) [&hellip;]\" \/>\n<meta property=\"og:url\" content=\"https:\/\/endurance.nu\/de\/kontakta-oss\/\" \/>\n<meta property=\"og:site_name\" content=\"Endurance\" \/>\n<meta property=\"article:modified_time\" content=\"2020-02-13T15:09:44+00:00\" \/>\n<meta property=\"og:image\" content=\"https:\/\/endurance.nu\/wp-content\/uploads\/2019\/11\/Runningroadmountain-1024x683.jpg\" \/>\n\t<meta property=\"og:image:width\" content=\"1024\" \/>\n\t<meta property=\"og:image:height\" content=\"683\" \/>\n\t<meta property=\"og:image:type\" content=\"image\/jpeg\" \/>\n<meta name=\"twitter:card\" content=\"summary_large_image\" \/>\n<script type=\"application\/ld+json\" class=\"yoast-schema-graph\">{\"@context\":\"https:\/\/schema.org\",\"@graph\":[{\"@type\":\"WebPage\",\"@id\":\"https:\/\/endurance.nu\/de\/kontakta-oss\/\",\"url\":\"https:\/\/endurance.nu\/de\/kontakta-oss\/\",\"name\":\"Kontakt - Endurance\",\"isPartOf\":{\"@id\":\"https:\/\/endurance.nu\/de\/#website\"},\"primaryImageOfPage\":{\"@id\":\"https:\/\/endurance.nu\/de\/kontakta-oss\/#primaryimage\"},\"image\":{\"@id\":\"https:\/\/endurance.nu\/de\/kontakta-oss\/#primaryimage\"},\"thumbnailUrl\":\"https:\/\/endurance.nu\/wp-content\/uploads\/2019\/11\/Runningroadmountain.jpg\",\"datePublished\":\"2019-05-17T09:10:50+00:00\",\"dateModified\":\"2020-02-13T15:09:44+00:00\",\"breadcrumb\":{\"@id\":\"https:\/\/endurance.nu\/de\/kontakta-oss\/#breadcrumb\"},\"inLanguage\":\"de\",\"potentialAction\":[{\"@type\":\"ReadAction\",\"target\":[\"https:\/\/endurance.nu\/de\/kontakta-oss\/\"]}]},{\"@type\":\"ImageObject\",\"inLanguage\":\"de\",\"@id\":\"https:\/\/endurance.nu\/de\/kontakta-oss\/#primaryimage\",\"url\":\"https:\/\/endurance.nu\/wp-content\/uploads\/2019\/11\/Runningroadmountain.jpg\",\"contentUrl\":\"https:\/\/endurance.nu\/wp-content\/uploads\/2019\/11\/Runningroadmountain.jpg\",\"width\":6000,\"height\":4000},{\"@type\":\"BreadcrumbList\",\"@id\":\"https:\/\/endurance.nu\/de\/kontakta-oss\/#breadcrumb\",\"itemListElement\":[{\"@type\":\"ListItem\",\"position\":1,\"name\":\"Home\",\"item\":\"https:\/\/endurance.nu\/de\/\"},{\"@type\":\"ListItem\",\"position\":2,\"name\":\"Kontakt\"}]},{\"@type\":\"WebSite\",\"@id\":\"https:\/\/endurance.nu\/de\/#website\",\"url\":\"https:\/\/endurance.nu\/de\/\",\"name\":\"Endurance\",\"description\":\"V\u00e4rldens mest s\u00e5lda tr\u00e4ningstillskott!\",\"publisher\":{\"@id\":\"https:\/\/endurance.nu\/de\/#organization\"},\"potentialAction\":[{\"@type\":\"SearchAction\",\"target\":{\"@type\":\"EntryPoint\",\"urlTemplate\":\"https:\/\/endurance.nu\/de\/?s={search_term_string}\"},\"query-input\":{\"@type\":\"PropertyValueSpecification\",\"valueRequired\":true,\"valueName\":\"search_term_string\"}}],\"inLanguage\":\"de\"},{\"@type\":\"Organization\",\"@id\":\"https:\/\/endurance.nu\/de\/#organization\",\"name\":\"Endurance\",\"url\":\"https:\/\/endurance.nu\/de\/\",\"logo\":{\"@type\":\"ImageObject\",\"inLanguage\":\"de\",\"@id\":\"https:\/\/endurance.nu\/de\/#\/schema\/logo\/image\/\",\"url\":\"https:\/\/endurance.nu\/wp-content\/uploads\/2019\/07\/endurance-logo.png\",\"contentUrl\":\"https:\/\/endurance.nu\/wp-content\/uploads\/2019\/07\/endurance-logo.png\",\"width\":700,\"height\":150,\"caption\":\"Endurance\"},\"image\":{\"@id\":\"https:\/\/endurance.nu\/de\/#\/schema\/logo\/image\/\"}}]}<\/script>\n<!-- \/ Yoast SEO plugin. -->","yoast_head_json":{"title":"Kontakt - Endurance","robots":{"index":"index","follow":"follow","max-snippet":"max-snippet:-1","max-image-preview":"max-image-preview:large","max-video-preview":"max-video-preview:-1"},"canonical":"https:\/\/endurance.nu\/de\/kontakta-oss\/","og_locale":"de_DE","og_type":"article","og_title":"Kontakt - Endurance","og_description":"Wir sind hier f\u00fcr Sie da. Haben Sie Fragen zu ? Oder hat sich Ihre Lieferung verz\u00f6gert? Nutzen Sie das unten angegebene Formular und wir werden uns umgehend bei Ihnen melden. Loggen Sie sich gerne unter \u201dMeine Seiten\u201d ein. Hier k\u00f6nnen Sie einige \u00c4nderungen selbst vornehmen. Bioconcept AB FL\u00d6JELGATAN 10 16765 BROMMA office@bioconcept.se +46 (8) [&hellip;]","og_url":"https:\/\/endurance.nu\/de\/kontakta-oss\/","og_site_name":"Endurance","article_modified_time":"2020-02-13T15:09:44+00:00","og_image":[{"width":1024,"height":683,"url":"https:\/\/endurance.nu\/wp-content\/uploads\/2019\/11\/Runningroadmountain-1024x683.jpg","type":"image\/jpeg"}],"twitter_card":"summary_large_image","schema":{"@context":"https:\/\/schema.org","@graph":[{"@type":"WebPage","@id":"https:\/\/endurance.nu\/de\/kontakta-oss\/","url":"https:\/\/endurance.nu\/de\/kontakta-oss\/","name":"Kontakt - Endurance","isPartOf":{"@id":"https:\/\/endurance.nu\/de\/#website"},"primaryImageOfPage":{"@id":"https:\/\/endurance.nu\/de\/kontakta-oss\/#primaryimage"},"image":{"@id":"https:\/\/endurance.nu\/de\/kontakta-oss\/#primaryimage"},"thumbnailUrl":"https:\/\/endurance.nu\/wp-content\/uploads\/2019\/11\/Runningroadmountain.jpg","datePublished":"2019-05-17T09:10:50+00:00","dateModified":"2020-02-13T15:09:44+00:00","breadcrumb":{"@id":"https:\/\/endurance.nu\/de\/kontakta-oss\/#breadcrumb"},"inLanguage":"de","potentialAction":[{"@type":"ReadAction","target":["https:\/\/endurance.nu\/de\/kontakta-oss\/"]}]},{"@type":"ImageObject","inLanguage":"de","@id":"https:\/\/endurance.nu\/de\/kontakta-oss\/#primaryimage","url":"https:\/\/endurance.nu\/wp-content\/uploads\/2019\/11\/Runningroadmountain.jpg","contentUrl":"https:\/\/endurance.nu\/wp-content\/uploads\/2019\/11\/Runningroadmountain.jpg","width":6000,"height":4000},{"@type":"BreadcrumbList","@id":"https:\/\/endurance.nu\/de\/kontakta-oss\/#breadcrumb","itemListElement":[{"@type":"ListItem","position":1,"name":"Home","item":"https:\/\/endurance.nu\/de\/"},{"@type":"ListItem","position":2,"name":"Kontakt"}]},{"@type":"WebSite","@id":"https:\/\/endurance.nu\/de\/#website","url":"https:\/\/endurance.nu\/de\/","name":"Endurance","description":"V\u00e4rldens mest s\u00e5lda tr\u00e4ningstillskott!","publisher":{"@id":"https:\/\/endurance.nu\/de\/#organization"},"potentialAction":[{"@type":"SearchAction","target":{"@type":"EntryPoint","urlTemplate":"https:\/\/endurance.nu\/de\/?s={search_term_string}"},"query-input":{"@type":"PropertyValueSpecification","valueRequired":true,"valueName":"search_term_string"}}],"inLanguage":"de"},{"@type":"Organization","@id":"https:\/\/endurance.nu\/de\/#organization","name":"Endurance","url":"https:\/\/endurance.nu\/de\/","logo":{"@type":"ImageObject","inLanguage":"de","@id":"https:\/\/endurance.nu\/de\/#\/schema\/logo\/image\/","url":"https:\/\/endurance.nu\/wp-content\/uploads\/2019\/07\/endurance-logo.png","contentUrl":"https:\/\/endurance.nu\/wp-content\/uploads\/2019\/07\/endurance-logo.png","width":700,"height":150,"caption":"Endurance"},"image":{"@id":"https:\/\/endurance.nu\/de\/#\/schema\/logo\/image\/"}}]}},"guten_post_layout_featured_media_urls":{"full":["https:\/\/endurance.nu\/wp-content\/uploads\/2019\/11\/Runningroadmountain.jpg",6000,4000,false],"thumbnail":["https:\/\/endurance.nu\/wp-content\/uploads\/2019\/11\/Runningroadmountain-150x150.jpg",150,150,true],"medium":["https:\/\/endurance.nu\/wp-content\/uploads\/2019\/11\/Runningroadmountain-300x200.jpg",300,200,true],"medium_large":["https:\/\/endurance.nu\/wp-content\/uploads\/2019\/11\/Runningroadmountain-768x512.jpg",600,400,true],"large":["https:\/\/endurance.nu\/wp-content\/uploads\/2019\/11\/Runningroadmountain-1024x683.jpg",600,400,true],"1536x1536":["https:\/\/endurance.nu\/wp-content\/uploads\/2019\/11\/Runningroadmountain.jpg",1536,1024,false],"2048x2048":["https:\/\/endurance.nu\/wp-content\/uploads\/2019\/11\/Runningroadmountain.jpg",2048,1365,false],"guten_post_layout_landscape_large":["https:\/\/endurance.nu\/wp-content\/uploads\/2019\/11\/Runningroadmountain-1200x800.jpg",1200,800,true],"guten_post_layout_portrait_large":["https:\/\/endurance.nu\/wp-content\/uploads\/2019\/11\/Runningroadmountain-1200x1800.jpg",1200,1800,true],"guten_post_layout_square_large":["https:\/\/endurance.nu\/wp-content\/uploads\/2019\/11\/Runningroadmountain-1200x1200.jpg",1200,1200,true],"guten_post_layout_landscape":["https:\/\/endurance.nu\/wp-content\/uploads\/2019\/11\/Runningroadmountain-600x400.jpg",600,400,true],"guten_post_layout_portrait":["https:\/\/endurance.nu\/wp-content\/uploads\/2019\/11\/Runningroadmountain-600x900.jpg",600,900,true],"guten_post_layout_square":["https:\/\/endurance.nu\/wp-content\/uploads\/2019\/11\/Runningroadmountain-600x600.jpg",600,600,true],"post-thumbnail":["https:\/\/endurance.nu\/wp-content\/uploads\/2019\/11\/Runningroadmountain-870x580.jpg",870,580,true],"sullivan_fullscreen":["https:\/\/endurance.nu\/wp-content\/uploads\/2019\/11\/Runningroadmountain-1860x1240.jpg",1860,1240,true],"woocommerce_thumbnail":["https:\/\/endurance.nu\/wp-content\/uploads\/2019\/11\/Runningroadmountain-300x300.jpg",300,300,true],"woocommerce_single":["https:\/\/endurance.nu\/wp-content\/uploads\/2019\/11\/Runningroadmountain-600x400.jpg",600,400,true],"woocommerce_gallery_thumbnail":["https:\/\/endurance.nu\/wp-content\/uploads\/2019\/11\/Runningroadmountain-100x100.jpg",100,100,true],"ppec_logo_image_size":["https:\/\/endurance.nu\/wp-content\/uploads\/2019\/11\/Runningroadmountain.jpg",90,60,false],"ppec_header_image_size":["https:\/\/endurance.nu\/wp-content\/uploads\/2019\/11\/Runningroadmountain.jpg",135,90,false]},"_links":{"self":[{"href":"https:\/\/endurance.nu\/de\/wp-json\/wp\/v2\/pages\/8743","targetHints":{"allow":["GET"]}}],"collection":[{"href":"https:\/\/endurance.nu\/de\/wp-json\/wp\/v2\/pages"}],"about":[{"href":"https:\/\/endurance.nu\/de\/wp-json\/wp\/v2\/types\/page"}],"author":[{"embeddable":true,"href":"https:\/\/endurance.nu\/de\/wp-json\/wp\/v2\/users\/1"}],"replies":[{"embeddable":true,"href":"https:\/\/endurance.nu\/de\/wp-json\/wp\/v2\/comments?post=8743"}],"version-history":[{"count":3,"href":"https:\/\/endurance.nu\/de\/wp-json\/wp\/v2\/pages\/8743\/revisions"}],"predecessor-version":[{"id":13872,"href":"https:\/\/endurance.nu\/de\/wp-json\/wp\/v2\/pages\/8743\/revisions\/13872"}],"wp:featuredmedia":[{"embeddable":true,"href":"https:\/\/endurance.nu\/de\/wp-json\/wp\/v2\/media\/11702"}],"wp:attachment":[{"href":"https:\/\/endurance.nu\/de\/wp-json\/wp\/v2\/media?parent=8743"}],"wp:term":[{"taxonomy":"category","embeddable":true,"href":"https:\/\/endurance.nu\/de\/wp-json\/wp\/v2\/categories?post=8743"},{"taxonomy":"post_tag","embeddable":true,"href":"https:\/\/endurance.nu\/de\/wp-json\/wp\/v2\/tags?post=8743"},{"taxonomy":"dbm_type","embeddable":true,"href":"https:\/\/endurance.nu\/de\/wp-json\/wp\/v2\/dbm_type?post=8743"},{"taxonomy":"dbm_relation","embeddable":true,"href":"https:\/\/endurance.nu\/de\/wp-json\/wp\/v2\/dbm_relation?post=8743"}],"curies":[{"name":"wp","href":"https:\/\/api.w.org\/{rel}","templated":true}]}}