{"id":8745,"date":"2019-05-17T10:55:36","date_gmt":"2019-05-17T08:55:36","guid":{"rendered":"https:\/\/endurance.nu\/om-endurance\/"},"modified":"2019-12-15T18:28:28","modified_gmt":"2019-12-15T17:28:28","slug":"om-endurance","status":"publish","type":"page","link":"https:\/\/endurance.nu\/de\/om-endurance\/","title":{"rendered":"ENDURANCE+ROTE BEETE"},"content":{"rendered":"\n<p> Die Einnahme von Rote Beete Saft hat Studien zufolge zu einer Verbesserung des Leistungsverm\u00f6gens bis zu 20% bei Sportnovizen gef\u00fchrt \u2013 und sogar bis zu 10% bei professionellen Sportlern. Rote Beete Extrakt ist einer von<strong> vielen wichtigen Inhaltsstoffen von<\/strong> <strong><span class=\"flexovital-product-name\"><span class=\"flexovital\">ENDURANCE<\/span><span class=\"product-name\">+ROTE BEETE<\/span><\/span><\/strong>.  Wenn Ihnen also Rote Beete Saft schmeckt, sollten Sie schon heute  <strong><span class=\"flexovital-product-name\"><span class=\"flexovital\">ENDURANCE<\/span><span class=\"product-name\">+R\u00d6DBETA<\/span><\/span><\/strong> probieren.  Wir hoffen, wir k\u00f6nnen Sie mit einem Probepaket \u2013 und 50% Rabatt darauf \u2013 erfreuen! <\/p>\n\n\n\n<div data-expanded-content=\"1\" data-wprr-component=\"bookButton\" data-wprr-component-data=\"{&quot;text&quot;:&quot;Bestellen Sie hier!&quot;,&quot;product&quot;:&quot;71&quot;,&quot;discountCode&quot;:&quot;prova-p\u00e5 rabatt&quot;}\" class=\"wp-block-bioconcept-book-button\"><\/div>\n\n\n\n<h3 class=\"wp-block-heading\">So funktioniert das weltweit am h\u00e4ufigsten verkaufte Nahrungserg\u00e4nzungsmittel f\u00fcr Sportler!<\/h3>\n\n\n\n<p>Rote Beete enth\u00e4lt Nitrat, das im K\u00f6rper zu Nitrit reduziert wird und schlie\u00dflich in Stickstoffmonoxid (NO) umgewandelt wird. Es sind insgesamt 3 Stoffe im K\u00f6rper bekannt aus denen NO gebildet werden kann: L-Arginin, L-Citrullin und Nitrat.<\/p>\n\n\n\n<p><strong><span class=\"flexovital-product-name\"><span class=\"flexovital\">ENDURANCE<\/span><span class=\"product-name\">+ROTE BEETE<\/span><\/span><\/strong>  wurde vor ungef\u00e4hr 14 Jahren von einem Forscherteam am Universit\u00e4tskrankenhaus Uppsala entwickelt, inspiriert von der Erforschung des Stickstoffmonoxidmolekyls, einer Entdeckung, die 1998 kurz gesagt mit dem Nobelpreis im medizine gek\u00fcrt wurde. Das Nitrat der Roten Beete, L-Arginin und L-Citrullin sind an wichtigen Prozessen der Stickstoffmonoxidbildung beteiligt.  <strong><span class=\"flexovital-product-name\"><span class=\"flexovital\">ENDURANCE<\/span><span class=\"product-name\">+R\u00d6DBETA<\/span><\/span><\/strong> enth\u00e4lt diese drei und dar\u00fcber hinaus Rosenwurz-Extrakt, Magnesium und Vitamin C. <strong><span class=\"flexovital-product-name\"><span class=\"flexovital\">ENDURANCE<\/span><span class=\"product-name\">+ROTE BEETE<\/span><\/span><\/strong>!<\/p>\n\n\n\n<figure class=\"wp-block-image\"><img loading=\"lazy\" decoding=\"async\" width=\"673\" height=\"397\" src=\"https:\/\/endurance.nu\/wp-content\/uploads\/2019\/09\/IMG_9307.png\" alt=\"\" class=\"wp-image-7511\" srcset=\"https:\/\/endurance.nu\/wp-content\/uploads\/2019\/09\/IMG_9307.png 673w, https:\/\/endurance.nu\/wp-content\/uploads\/2019\/09\/IMG_9307-300x177.png 300w, https:\/\/endurance.nu\/wp-content\/uploads\/2019\/09\/IMG_9307-600x354.png 600w\" sizes=\"auto, (max-width: 673px) 100vw, 673px\" \/><\/figure>\n\n\n\n<p><\/p>\n\n\n\n<p> Produkte wie der Rote Beete Saft sowie Produkte mit L-Arginin sind weltweit beliebt bei Sportlern, da sie die Ausdauer verbessern und auch die Regeneration beschleunigen. Gef\u00e4llt Ihnen die Wirkung schon dieser Einzelbestandteile, dann gilt dies erst recht f\u00fcr deren Kombination. <strong><span class=\"flexovital-product-name\"><span class=\"flexovital\">ENDURANCE<\/span><span class=\"product-name\">+R\u00d6DBETA<\/span><\/span><\/strong>  ist in seiner Kombination einzigartig. <\/p>\n\n\n\n<p><\/p>\n\n\n\n<h3 class=\"wp-block-heading\"><strong>Sauerstoffzufuhr \u2013 Regenerierung \u2013 Ausdauer<\/strong><\/h3>\n\n\n\n<figure class=\"wp-block-image\"><img loading=\"lazy\" decoding=\"async\" width=\"1024\" height=\"576\" src=\"http:\/\/endurance.nu\/wp-content\/uploads\/2019\/07\/ENDURANCE-STILL-1-NY-1024x576.png\" alt=\"\" class=\"wp-image-201\" srcset=\"https:\/\/endurance.nu\/wp-content\/uploads\/2019\/07\/ENDURANCE-STILL-1-NY-1024x576.png 1024w, https:\/\/endurance.nu\/wp-content\/uploads\/2019\/07\/ENDURANCE-STILL-1-NY-300x169.png 300w, https:\/\/endurance.nu\/wp-content\/uploads\/2019\/07\/ENDURANCE-STILL-1-NY-768x432.png 768w, https:\/\/endurance.nu\/wp-content\/uploads\/2019\/07\/ENDURANCE-STILL-1-NY-870x489.png 870w, https:\/\/endurance.nu\/wp-content\/uploads\/2019\/07\/ENDURANCE-STILL-1-NY-1860x1046.png 1860w, https:\/\/endurance.nu\/wp-content\/uploads\/2019\/07\/ENDURANCE-STILL-1-NY-600x338.png 600w\" sizes=\"auto, (max-width: 1024px) 100vw, 1024px\" \/><\/figure>\n\n\n\n<p>Unser Blut ist das Transportsystem f\u00fcr N\u00e4hrstoffe und Sauerstoff zu allen Zellen des K\u00f6rpers. Gleichzeitig transportiert es Milchs\u00e4ure und Abfallprodukte aus den Muskelzellen.<\/p>\n\n\n\n<p> Ihre sportliche Leistung ist abh\u00e4ngig von Ihrer physischen Verfassung. Doch, unabh\u00e4ngig davon ob Sie schon super-fit sind, wie einige unsrer Ironman- und Triathlon Stars, oder ob Sie in der Woche einige Male Ballsport betreiben: Wir von <strong><span class=\"flexovital-product-name\"><span class=\"flexovital\">ENDURANCE<\/span><span class=\"product-name\">+ROTE BEETE<\/span><\/span><\/strong> m\u00f6chten den Unterschied machen!<\/p>\n\n\n\n<p>Die Regeneration ist entscheidend f\u00fcr die Art Ihres Trainings, so dass Ihr K\u00f6rper nicht zu sehr strapaziert wird. Wenn wir uns steif f\u00fchlen und die Muskeln und Gelenke schmerzen, hilft selbstverst\u00e4ndlich Massage, Einreiben und Strecken. Ist Ihnen bewusst, dass die Blutzirkulation auf unterschiedliche Art und Weise in Gang gebracht werden kann, um die Bewegungsf\u00e4higkeit von Muskeln und Gelenken zu f\u00f6rdern?<\/p>\n\n\n\n<div data-expanded-content=\"1\" data-wprr-component=\"bookButton\" data-wprr-component-data=\"{&quot;text&quot;:&quot;50% Rabatt auf die erste Packung&quot;,&quot;product&quot;:&quot;71&quot;,&quot;discountCode&quot;:&quot;prova-p\u00e5 rabatt&quot;}\" class=\"wp-block-bioconcept-book-button\"><\/div>\n","protected":false},"excerpt":{"rendered":"<p>Das Produkt ENDURANCE + ROTE BEETE Ist das Ergebnis einer Forschungsarbeit am Universit\u00e4tsklinikum Uppsala.<\/p>\n","protected":false},"author":1,"featured_media":8747,"parent":0,"menu_order":0,"comment_status":"closed","ping_status":"closed","template":"template-cover.php","meta":{"_acf_changed":false,"footnotes":""},"categories":[],"tags":[],"dbm_type":[],"dbm_relation":[],"class_list":["post-8745","page","type-page","status-publish","has-post-thumbnail","hentry"],"acf":[],"yoast_head":"<!-- This site is optimized with the Yoast SEO plugin v26.2 - https:\/\/yoast.com\/wordpress\/plugins\/seo\/ -->\n<title>ENDURANCE+ROTE BEETE - Endurance<\/title>\n<meta name=\"robots\" content=\"index, follow, max-snippet:-1, max-image-preview:large, max-video-preview:-1\" \/>\n<link rel=\"canonical\" href=\"https:\/\/endurance.nu\/de\/om-endurance\/\" \/>\n<meta property=\"og:locale\" content=\"de_DE\" \/>\n<meta property=\"og:type\" content=\"article\" \/>\n<meta property=\"og:title\" content=\"ENDURANCE+ROTE BEETE - Endurance\" \/>\n<meta property=\"og:description\" content=\"Das Produkt ENDURANCE + ROTE BEETE Ist das Ergebnis einer Forschungsarbeit am Universit\u00e4tsklinikum Uppsala.\" \/>\n<meta property=\"og:url\" content=\"https:\/\/endurance.nu\/de\/om-endurance\/\" \/>\n<meta property=\"og:site_name\" content=\"Endurance\" \/>\n<meta property=\"article:modified_time\" content=\"2019-12-15T17:28:28+00:00\" \/>\n<meta property=\"og:image\" content=\"https:\/\/endurance.nu\/wp-content\/uploads\/2019\/07\/ENDURANCE-STILL-1-NY.jpg\" \/>\n\t<meta property=\"og:image:width\" content=\"2560\" \/>\n\t<meta property=\"og:image:height\" content=\"1440\" \/>\n\t<meta property=\"og:image:type\" content=\"image\/jpeg\" \/>\n<meta name=\"twitter:card\" content=\"summary_large_image\" \/>\n<meta name=\"twitter:label1\" content=\"Gesch\u00e4tzte Lesezeit\" \/>\n\t<meta name=\"twitter:data1\" content=\"2\u00a0Minuten\" \/>\n<script type=\"application\/ld+json\" class=\"yoast-schema-graph\">{\"@context\":\"https:\/\/schema.org\",\"@graph\":[{\"@type\":\"WebPage\",\"@id\":\"https:\/\/endurance.nu\/de\/om-endurance\/\",\"url\":\"https:\/\/endurance.nu\/de\/om-endurance\/\",\"name\":\"ENDURANCE+ROTE BEETE - Endurance\",\"isPartOf\":{\"@id\":\"https:\/\/endurance.nu\/de\/#website\"},\"primaryImageOfPage\":{\"@id\":\"https:\/\/endurance.nu\/de\/om-endurance\/#primaryimage\"},\"image\":{\"@id\":\"https:\/\/endurance.nu\/de\/om-endurance\/#primaryimage\"},\"thumbnailUrl\":\"https:\/\/endurance.nu\/wp-content\/uploads\/2019\/07\/ENDURANCE-STILL-1-NY.jpg\",\"datePublished\":\"2019-05-17T08:55:36+00:00\",\"dateModified\":\"2019-12-15T17:28:28+00:00\",\"breadcrumb\":{\"@id\":\"https:\/\/endurance.nu\/de\/om-endurance\/#breadcrumb\"},\"inLanguage\":\"de\",\"potentialAction\":[{\"@type\":\"ReadAction\",\"target\":[\"https:\/\/endurance.nu\/de\/om-endurance\/\"]}]},{\"@type\":\"ImageObject\",\"inLanguage\":\"de\",\"@id\":\"https:\/\/endurance.nu\/de\/om-endurance\/#primaryimage\",\"url\":\"https:\/\/endurance.nu\/wp-content\/uploads\/2019\/07\/ENDURANCE-STILL-1-NY.jpg\",\"contentUrl\":\"https:\/\/endurance.nu\/wp-content\/uploads\/2019\/07\/ENDURANCE-STILL-1-NY.jpg\",\"width\":2560,\"height\":1440},{\"@type\":\"BreadcrumbList\",\"@id\":\"https:\/\/endurance.nu\/de\/om-endurance\/#breadcrumb\",\"itemListElement\":[{\"@type\":\"ListItem\",\"position\":1,\"name\":\"Home\",\"item\":\"https:\/\/endurance.nu\/de\/\"},{\"@type\":\"ListItem\",\"position\":2,\"name\":\"ENDURANCE+ROTE BEETE\"}]},{\"@type\":\"WebSite\",\"@id\":\"https:\/\/endurance.nu\/de\/#website\",\"url\":\"https:\/\/endurance.nu\/de\/\",\"name\":\"Endurance\",\"description\":\"V\u00e4rldens mest s\u00e5lda tr\u00e4ningstillskott!\",\"publisher\":{\"@id\":\"https:\/\/endurance.nu\/de\/#organization\"},\"potentialAction\":[{\"@type\":\"SearchAction\",\"target\":{\"@type\":\"EntryPoint\",\"urlTemplate\":\"https:\/\/endurance.nu\/de\/?s={search_term_string}\"},\"query-input\":{\"@type\":\"PropertyValueSpecification\",\"valueRequired\":true,\"valueName\":\"search_term_string\"}}],\"inLanguage\":\"de\"},{\"@type\":\"Organization\",\"@id\":\"https:\/\/endurance.nu\/de\/#organization\",\"name\":\"Endurance\",\"url\":\"https:\/\/endurance.nu\/de\/\",\"logo\":{\"@type\":\"ImageObject\",\"inLanguage\":\"de\",\"@id\":\"https:\/\/endurance.nu\/de\/#\/schema\/logo\/image\/\",\"url\":\"https:\/\/endurance.nu\/wp-content\/uploads\/2019\/07\/endurance-logo.png\",\"contentUrl\":\"https:\/\/endurance.nu\/wp-content\/uploads\/2019\/07\/endurance-logo.png\",\"width\":700,\"height\":150,\"caption\":\"Endurance\"},\"image\":{\"@id\":\"https:\/\/endurance.nu\/de\/#\/schema\/logo\/image\/\"}}]}<\/script>\n<!-- \/ Yoast SEO plugin. -->","yoast_head_json":{"title":"ENDURANCE+ROTE BEETE - Endurance","robots":{"index":"index","follow":"follow","max-snippet":"max-snippet:-1","max-image-preview":"max-image-preview:large","max-video-preview":"max-video-preview:-1"},"canonical":"https:\/\/endurance.nu\/de\/om-endurance\/","og_locale":"de_DE","og_type":"article","og_title":"ENDURANCE+ROTE BEETE - Endurance","og_description":"Das Produkt ENDURANCE + ROTE BEETE Ist das Ergebnis einer Forschungsarbeit am Universit\u00e4tsklinikum Uppsala.","og_url":"https:\/\/endurance.nu\/de\/om-endurance\/","og_site_name":"Endurance","article_modified_time":"2019-12-15T17:28:28+00:00","og_image":[{"width":2560,"height":1440,"url":"https:\/\/endurance.nu\/wp-content\/uploads\/2019\/07\/ENDURANCE-STILL-1-NY.jpg","type":"image\/jpeg"}],"twitter_card":"summary_large_image","twitter_misc":{"Gesch\u00e4tzte Lesezeit":"2\u00a0Minuten"},"schema":{"@context":"https:\/\/schema.org","@graph":[{"@type":"WebPage","@id":"https:\/\/endurance.nu\/de\/om-endurance\/","url":"https:\/\/endurance.nu\/de\/om-endurance\/","name":"ENDURANCE+ROTE BEETE - Endurance","isPartOf":{"@id":"https:\/\/endurance.nu\/de\/#website"},"primaryImageOfPage":{"@id":"https:\/\/endurance.nu\/de\/om-endurance\/#primaryimage"},"image":{"@id":"https:\/\/endurance.nu\/de\/om-endurance\/#primaryimage"},"thumbnailUrl":"https:\/\/endurance.nu\/wp-content\/uploads\/2019\/07\/ENDURANCE-STILL-1-NY.jpg","datePublished":"2019-05-17T08:55:36+00:00","dateModified":"2019-12-15T17:28:28+00:00","breadcrumb":{"@id":"https:\/\/endurance.nu\/de\/om-endurance\/#breadcrumb"},"inLanguage":"de","potentialAction":[{"@type":"ReadAction","target":["https:\/\/endurance.nu\/de\/om-endurance\/"]}]},{"@type":"ImageObject","inLanguage":"de","@id":"https:\/\/endurance.nu\/de\/om-endurance\/#primaryimage","url":"https:\/\/endurance.nu\/wp-content\/uploads\/2019\/07\/ENDURANCE-STILL-1-NY.jpg","contentUrl":"https:\/\/endurance.nu\/wp-content\/uploads\/2019\/07\/ENDURANCE-STILL-1-NY.jpg","width":2560,"height":1440},{"@type":"BreadcrumbList","@id":"https:\/\/endurance.nu\/de\/om-endurance\/#breadcrumb","itemListElement":[{"@type":"ListItem","position":1,"name":"Home","item":"https:\/\/endurance.nu\/de\/"},{"@type":"ListItem","position":2,"name":"ENDURANCE+ROTE BEETE"}]},{"@type":"WebSite","@id":"https:\/\/endurance.nu\/de\/#website","url":"https:\/\/endurance.nu\/de\/","name":"Endurance","description":"V\u00e4rldens mest s\u00e5lda tr\u00e4ningstillskott!","publisher":{"@id":"https:\/\/endurance.nu\/de\/#organization"},"potentialAction":[{"@type":"SearchAction","target":{"@type":"EntryPoint","urlTemplate":"https:\/\/endurance.nu\/de\/?s={search_term_string}"},"query-input":{"@type":"PropertyValueSpecification","valueRequired":true,"valueName":"search_term_string"}}],"inLanguage":"de"},{"@type":"Organization","@id":"https:\/\/endurance.nu\/de\/#organization","name":"Endurance","url":"https:\/\/endurance.nu\/de\/","logo":{"@type":"ImageObject","inLanguage":"de","@id":"https:\/\/endurance.nu\/de\/#\/schema\/logo\/image\/","url":"https:\/\/endurance.nu\/wp-content\/uploads\/2019\/07\/endurance-logo.png","contentUrl":"https:\/\/endurance.nu\/wp-content\/uploads\/2019\/07\/endurance-logo.png","width":700,"height":150,"caption":"Endurance"},"image":{"@id":"https:\/\/endurance.nu\/de\/#\/schema\/logo\/image\/"}}]}},"guten_post_layout_featured_media_urls":{"full":["https:\/\/endurance.nu\/wp-content\/uploads\/2019\/07\/ENDURANCE-STILL-1-NY.jpg",2560,1440,false],"thumbnail":["https:\/\/endurance.nu\/wp-content\/uploads\/2019\/07\/ENDURANCE-STILL-1-NY-150x150.jpg",150,150,true],"medium":["https:\/\/endurance.nu\/wp-content\/uploads\/2019\/07\/ENDURANCE-STILL-1-NY-300x169.jpg",300,169,true],"medium_large":["https:\/\/endurance.nu\/wp-content\/uploads\/2019\/07\/ENDURANCE-STILL-1-NY-768x432.jpg",600,338,true],"large":["https:\/\/endurance.nu\/wp-content\/uploads\/2019\/07\/ENDURANCE-STILL-1-NY-1024x576.jpg",600,338,true],"1536x1536":["https:\/\/endurance.nu\/wp-content\/uploads\/2019\/07\/ENDURANCE-STILL-1-NY.jpg",1536,864,false],"2048x2048":["https:\/\/endurance.nu\/wp-content\/uploads\/2019\/07\/ENDURANCE-STILL-1-NY.jpg",2048,1152,false],"guten_post_layout_landscape_large":["https:\/\/endurance.nu\/wp-content\/uploads\/2019\/07\/ENDURANCE-STILL-1-NY-1200x800.jpg",1200,800,true],"guten_post_layout_portrait_large":["https:\/\/endurance.nu\/wp-content\/uploads\/2019\/07\/ENDURANCE-STILL-1-NY-1200x1440.jpg",1200,1440,true],"guten_post_layout_square_large":["https:\/\/endurance.nu\/wp-content\/uploads\/2019\/07\/ENDURANCE-STILL-1-NY-1200x1200.jpg",1200,1200,true],"guten_post_layout_landscape":["https:\/\/endurance.nu\/wp-content\/uploads\/2019\/07\/ENDURANCE-STILL-1-NY-600x400.jpg",600,400,true],"guten_post_layout_portrait":["https:\/\/endurance.nu\/wp-content\/uploads\/2019\/07\/ENDURANCE-STILL-1-NY-600x900.jpg",600,900,true],"guten_post_layout_square":["https:\/\/endurance.nu\/wp-content\/uploads\/2019\/07\/ENDURANCE-STILL-1-NY-600x600.jpg",600,600,true],"post-thumbnail":["https:\/\/endurance.nu\/wp-content\/uploads\/2019\/07\/ENDURANCE-STILL-1-NY-870x489.jpg",870,489,true],"sullivan_fullscreen":["https:\/\/endurance.nu\/wp-content\/uploads\/2019\/07\/ENDURANCE-STILL-1-NY-1860x1046.jpg",1860,1046,true],"woocommerce_thumbnail":["https:\/\/endurance.nu\/wp-content\/uploads\/2019\/07\/ENDURANCE-STILL-1-NY-300x300.jpg",300,300,true],"woocommerce_single":["https:\/\/endurance.nu\/wp-content\/uploads\/2019\/07\/ENDURANCE-STILL-1-NY-600x338.jpg",600,338,true],"woocommerce_gallery_thumbnail":["https:\/\/endurance.nu\/wp-content\/uploads\/2019\/07\/ENDURANCE-STILL-1-NY-100x100.jpg",100,100,true],"ppec_logo_image_size":["https:\/\/endurance.nu\/wp-content\/uploads\/2019\/07\/ENDURANCE-STILL-1-NY.jpg",107,60,false],"ppec_header_image_size":["https:\/\/endurance.nu\/wp-content\/uploads\/2019\/07\/ENDURANCE-STILL-1-NY.jpg",160,90,false]},"_links":{"self":[{"href":"https:\/\/endurance.nu\/de\/wp-json\/wp\/v2\/pages\/8745","targetHints":{"allow":["GET"]}}],"collection":[{"href":"https:\/\/endurance.nu\/de\/wp-json\/wp\/v2\/pages"}],"about":[{"href":"https:\/\/endurance.nu\/de\/wp-json\/wp\/v2\/types\/page"}],"author":[{"embeddable":true,"href":"https:\/\/endurance.nu\/de\/wp-json\/wp\/v2\/users\/1"}],"replies":[{"embeddable":true,"href":"https:\/\/endurance.nu\/de\/wp-json\/wp\/v2\/comments?post=8745"}],"version-history":[{"count":12,"href":"https:\/\/endurance.nu\/de\/wp-json\/wp\/v2\/pages\/8745\/revisions"}],"predecessor-version":[{"id":12402,"href":"https:\/\/endurance.nu\/de\/wp-json\/wp\/v2\/pages\/8745\/revisions\/12402"}],"wp:featuredmedia":[{"embeddable":true,"href":"https:\/\/endurance.nu\/de\/wp-json\/wp\/v2\/media\/8747"}],"wp:attachment":[{"href":"https:\/\/endurance.nu\/de\/wp-json\/wp\/v2\/media?parent=8745"}],"wp:term":[{"taxonomy":"category","embeddable":true,"href":"https:\/\/endurance.nu\/de\/wp-json\/wp\/v2\/categories?post=8745"},{"taxonomy":"post_tag","embeddable":true,"href":"https:\/\/endurance.nu\/de\/wp-json\/wp\/v2\/tags?post=8745"},{"taxonomy":"dbm_type","embeddable":true,"href":"https:\/\/endurance.nu\/de\/wp-json\/wp\/v2\/dbm_type?post=8745"},{"taxonomy":"dbm_relation","embeddable":true,"href":"https:\/\/endurance.nu\/de\/wp-json\/wp\/v2\/dbm_relation?post=8745"}],"curies":[{"name":"wp","href":"https:\/\/api.w.org\/{rel}","templated":true}]}}