{"id":8749,"date":"2019-05-17T11:01:59","date_gmt":"2019-05-17T09:01:59","guid":{"rendered":"https:\/\/endurance.nu\/vanliga-fragor\/"},"modified":"2020-01-23T13:48:49","modified_gmt":"2020-01-23T12:48:49","slug":"vanliga-fragor","status":"publish","type":"page","link":"https:\/\/endurance.nu\/de\/vanliga-fragor\/","title":{"rendered":"FAQ"},"content":{"rendered":"\n<h2 class=\"wp-block-heading\"><strong><span class=\"flexovital-product-name\"><span class=\"flexovital\">ENDURANCE<\/span><span class=\"product-name\">+ROTE BEETE<\/span><\/span><\/strong> enth\u00e4lt nur nat\u00fcrliche Substanzen.<\/h2>\n\n\n\n<p><span class=\"flexovital-product-name\"><span class=\"flexovital\">ENDURANCE<\/span><span class=\"product-name\">+ROTE BEETE<\/span><\/span>   ist in seiner Zusammensetzung und Ausrichtung auf N.O. (Stickstoffmonoxid) einzigartig. <span class=\"flexovital-product-name\"><span class=\"flexovital\">ENDURANCE<\/span><span class=\"product-name\">+ROTE BEETE<\/span><\/span>  wurde \u00fcber einen Zeitraum von 15 Jahren entwickelt. Jetzt ist die Entwicklung des Nahrungserg\u00e4nzungsmittels vollendet. Die Tabletten enthalten die Aminos\u00e4uren <strong>L-Arginine<\/strong> und <strong>L-Citrulline <\/strong>die gemeinsam mit dem Nitrat der <strong>Roten Beete<\/strong> die Bausteine f\u00fcr das k\u00f6rpereigene N.O. bilden. <strong>Rosenwurz<\/strong> ist der Grund, weshalb unser Produkt besonders beim Ausdauersport so gut wirkt. Schlie\u00dflich sind <strong>Magnesium<\/strong> und <strong>Vitamin C<\/strong> die f\u00fcr die Regeneration des K\u00f6rpers besonders wichtigen Bestandteile. <\/p>\n\n\n\n<h3 class=\"wp-block-heading\"> <strong>L-Arginine och L-Citrulline<\/strong><br><\/h3>\n\n\n\n<p>L-Arginine und L-Citrulline sind vermutlich die am besten erforschten Aminos\u00e4uren der Welt. Die Forschung, die 1998 mit dem Nobelpreis f\u00fcr Medizin ausgezeichnet wurde, kreiste um dieses Thema. Wir ermuntern alle, die sich f\u00fcr Gesundheitsthemen interessieren, selbst im Internet zu recherchieren, um mehr \u00fcber diese wichtigen Aminos\u00e4uren zu erfahren. Im Jahre 1998 erhielt der amerikanische Forscher Dr. Louis J. Ignarro gemeinsam mit zwei Kollegen den Nobelpreis f\u00fcr Medizin f\u00fcr die Erforschung der Auswirkungen von Stickstoffmonoxid (NO) auf die Gesundheit. Zusammenfassend kann gesagt werden, dass unser K\u00f6rper kontinuierlich erhebliche Mengen an Stickstoffmonoxid aus der Aminos\u00e4ure L-Arginin katalysiert. Dr. Louis J. Ignarro hat daraufhin ein Buch \u00fcber die positiven Effekte von L-Arginin f\u00fcr die Stickstoffmonoxidproduktion im menschlichen K\u00f6rper ver\u00f6ffentlicht. <\/p>\n\n\n\n<h3 class=\"wp-block-heading\"><strong>Rote-Beete-Extrakt mit einem garantierten Nitratgehalt von 2%<\/strong><\/h3>\n\n\n\n<p>Rote Beete passt perfekt dazu <span class=\"flexovital-product-name\"><span class=\"flexovital\">ENDURANCE<\/span><span class=\"product-name\">+ROTE BEETE<\/span><\/span> weil es Nitrat enth\u00e4lt, das im K\u00f6rper ebenfalls in NO umgewandelt wird. Aus diesem Grund ist der Rote-Beete-Saft bei verschiedenen Sportlern so beliebt geworden.<\/p>\n\n\n\n<p><\/p>\n\n\n\n<h3 class=\"wp-block-heading\"><strong>Was bedeutet es, eine gute Kondition zu haben?<\/strong><\/h3>\n\n\n\n<p>Eine gute Kondition bedeutet eine gute Ausdauer und ein gutes Regenerationsverm\u00f6gen. Sie ist abh\u00e4ngig von der Kapazit\u00e4t des Herzens und der Lungen, d.h. deren Verm\u00f6gen, Sauerstoff und N\u00e4hrstoffe in die Zellen unseres K\u00f6rpers zu transportieren. Die Erholung oder Regenerierung ist schlie\u00dflich abh\u00e4ngig davon, wie wirksam der K\u00f6rper Milchs\u00e4ure und Abfallprodukte aus den Muskeln abtransportieren kann. Wie gut der Blutkreislauf funktioniert ist also entscheidend. Dies bedeutet auch, dass der Zustand der Blutgef\u00e4\u00dfe enorm wichtig ist, damit das Herz richtig arbeiten kann.<\/p>\n\n\n\n<h3 class=\"wp-block-heading\"><strong>Bei steifen Gelenken ist Bewegung wichtig, da dadurch die Zirkulation in Gang gehalten wird.<\/strong><\/h3>\n\n\n\n<p>Bei Muskelschmerzen hilft meist Ruhe und vielleicht eine Massage. Wenn wir beispielsweise im Ellbogen Schmerzen haben, massieren wir diesen gerne zur Linderung.<\/p>\n\n\n\n<p> Massage ist eine von vielen M\u00f6glichkeiten, die Blutzirkulation anzuregen. Auch das Gef\u00fchl der Muskelsteife liegt meist an einer schlechten Blutzirkulation, und ein entz\u00fcndetes Gelenk braucht sogar l\u00e4ngere Ruhe, um zu heilen. Zusammenfassend kann man sagen: Ein gut funktionierender Blutkreislauf ist entscheidend f\u00fcr eine schnelle \u201eHeilung\u201c nach besonders hartem Training!<\/p>\n\n\n\n<h3 class=\"wp-block-heading\"> Wo wird&nbsp;  <span class=\"flexovital-product-name\"><span class=\"flexovital\">ENDURANCE<\/span><span class=\"product-name\">+ROTE BEETE<\/span><\/span> hergestellt?<\/h3>\n\n\n\n<p><span class=\"flexovital-product-name\"><span class=\"flexovital\">ENDURANCE<\/span><span class=\"product-name\">+ROTE BEETE<\/span><\/span>  wurde von schwedischen Forschern am schwedischen Universit\u00e4tsklinikum von Uppsala entwickelt und auch in Schweden hergestellt. Aus diesem Grund k\u00f6nnen Sie sich sicher sein, dass unsere Produkte nur aus Inhaltsstoffen h\u00f6chster Qualit\u00e4t bestehen. Die Herstellung erfolgt zudem nach GMP-Standard.  <\/p>\n\n\n\n<h2 class=\"wp-block-heading\"> <strong>Was enth\u00e4lt eine Tablette? Wie dosiere ich ENDURANCE+ROTE BEETE?<\/strong> <\/h2>\n\n\n\n<p> Eine Packung <strong><span class=\"flexovital-product-name\"><span class=\"flexovital\">ENDURANCE<\/span><span class=\"product-name\">+ROTE BEETE<\/span><\/span><\/strong> enth\u00e4lt 90 Tabletten. Jede einzelne Tablette enth\u00e4lt&nbsp;L-Arginin (175mg), L-Citrullin (125mg), Rote Bete Extrakt (100mg), Rosenwurz Wurzel Extrakt (100mg), Magnesiumcitrat (25mg) und Vitamin C (25mg) sowie Bindemittel, damit die Tabletten ihre Form halten und vom K\u00f6rper aufgenommen werden k\u00f6nnen.  <\/p>\n\n\n\n<p> <strong>Der empfohlene Tagesbedarf betr\u00e4gt 3-4 Tabletten verteilt auf den Morgen und den Abend. <\/strong><\/p>\n\n\n\n<figure class=\"wp-block-image\"><img loading=\"lazy\" decoding=\"async\" width=\"1024\" height=\"631\" src=\"https:\/\/endurance.nu\/wp-content\/uploads\/2019\/12\/Endurance_TY_baksida_sRGB_klar_T2A5914-2-1024x631.jpg\" alt=\"\" class=\"wp-image-12431\" srcset=\"https:\/\/endurance.nu\/wp-content\/uploads\/2019\/12\/Endurance_TY_baksida_sRGB_klar_T2A5914-2-1024x631.jpg 1024w, https:\/\/endurance.nu\/wp-content\/uploads\/2019\/12\/Endurance_TY_baksida_sRGB_klar_T2A5914-2-300x185.jpg 300w, https:\/\/endurance.nu\/wp-content\/uploads\/2019\/12\/Endurance_TY_baksida_sRGB_klar_T2A5914-2-768x474.jpg 768w, https:\/\/endurance.nu\/wp-content\/uploads\/2019\/12\/Endurance_TY_baksida_sRGB_klar_T2A5914-2-870x536.jpg 870w, https:\/\/endurance.nu\/wp-content\/uploads\/2019\/12\/Endurance_TY_baksida_sRGB_klar_T2A5914-2-1860x1147.jpg 1860w, https:\/\/endurance.nu\/wp-content\/uploads\/2019\/12\/Endurance_TY_baksida_sRGB_klar_T2A5914-2-600x370.jpg 600w\" sizes=\"auto, (max-width: 1024px) 100vw, 1024px\" \/><\/figure>\n\n\n\n<div data-expanded-content=\"1\" data-wprr-component=\"bookButton\" data-wprr-component-data=\"{&quot;product&quot;:&quot;71&quot;,&quot;text&quot;:&quot;50% Rabatt auf die erste Packung&quot;,&quot;discountCode&quot;:&quot;Prova-p\u00e5 pris&quot;}\" class=\"wp-block-bioconcept-book-button\"><\/div>\n\n\n\n<h2 class=\"wp-block-heading\"> <strong>Zahlungs- und Lieferbedingungen<\/strong> <\/h2>\n\n\n\n<p> <strong>Abonnementbedingungen <\/strong> <\/p>\n\n\n\n<p> Abonnement ohne Bindungszeiten! Sie k\u00f6nnen ein Abonnement ohne K\u00fcndigungsfrist abschlie\u00dfen und erhalten die erste Monatspackung zu einem Rabatt von 50% (im Wert von 12\u20ac). Ab dem zweiten Monat l\u00e4uft die regelm\u00e4\u00dfige Lieferung einer Monatsverpackung zum regul\u00e4ren Preis von 24\u20ac pro Monat, bis zur K\u00fcndigung des Abonnements. Im Preis ist die in Ihrem Land jeweils geltende Mehrwertsteuer enthalten. <\/p>\n\n\n\n<p> <strong>Lieferung \u2013 Lieferzeit<\/strong> <\/p>\n\n\n\n<p> Im Normalfall wird Ihre Ware innerhalb von 3-7 Werktagen geliefert. <\/p>\n\n\n\n<p> <strong>Zahlungsm\u00f6glicheiten<\/strong> <\/p>\n\n\n\n<p>Wir verwenden PayPal, damit Sie zwischen Kartenzahlung, Rechnung oder Lastschrift w\u00e4hlen k\u00f6nnen.  Mit PayPal Service k\u00f6nnen Sie einzelne oder Einmalzahlungen ausf\u00fchren oder ein Konto bei PayPal er\u00f6ffnen.  <\/p>\n\n\n\n<p> <strong>Geb\u00fchren<\/strong><\/p>\n\n\n\n<p>Unsere Preise sind inklusive Mehrwertsteuer angegeben. Es kommen keine weiteren Steuern oder Abgaben hinzu, sofern dies nicht ausdr\u00fccklich spezifiziert ist. <\/p>\n\n\n\n<p> <strong>R\u00fcckerstattung<\/strong><\/p>\n\n\n\n<p>Eine eventuelle R\u00fcckerstattung erfolgt auf Ihre angegebene Bankverbindung innerhalb von zehn Arbeitstagen ab dem Tag an dem wir Ihre Reklamation erhalten und akzeptiert haben. <\/p>\n\n\n\n<p><strong>Reklamation<\/strong><br>Das Verbraucherschutzgesetz regelt Ihr 3-j\u00e4hriges Reklamationsrecht nach Erhalt der Ware. Wir halten uns an das Beschwerderecht nach dem Verbraucherschutzgesetz. Sollte die Ware besch\u00e4digt oder bei Ankunft fehlerhaft sein (gilt f\u00fcr die unge\u00f6ffnete Verpackung), ersetzten wir kostenfrei den Schaden. Ein fehlerhaftes Produkt bzw. ein besch\u00e4digtes Produkt ersetzen wir ebenfalls kostenfrei. Im Falle eines g\u00fcltigen R\u00fcckgaberechtes erstatten wir die Versandkosten. Im Streitfalle richten wir uns nach den Empfehlungen des ARN. <\/p>\n\n\n\n<p> <strong>Datenschutz und Schutz der personenbezogenen Daten<\/strong> <\/p>\n\n\n\n<p>Im Falle einer Bestellung geben Sie Ihre pers\u00f6nlichen Daten wie z.B. Name, Adresse und Telefonnummer an. Im Zusammenhang mit Ihrer Registrierung und Bestellung erkl\u00e4ren Sie sich mit der Speicherung und Nutzung Ihrer Daten einverstanden, damit wir unseren Verpflichtungen Ihnen gegen\u00fcber gerecht werden k\u00f6nnen.  Wir dokumentieren zudem die Kommunikation per Email zwischen Ihnen und uns, um den zu erwartenden Service leisten zu k\u00f6nnen. Wir geben Ihre Daten nicht an Dritte weiter. Gem\u00e4\u00df dem Gesetz \u00fcber personenbezogene Daten haben Sie das Recht, die bei uns gespeicherte Information einzusehen. Falls eine Information \u00fcber Sie falsch, unvollst\u00e4ndig oder nicht relevant ist, k\u00f6nnen Sie eine Richtigstellung bzw. L\u00f6schung verlangen. Bitte melden Sie sich in diesem Falle bei uns.  <\/p>\n\n\n\n<p> <strong>Versp\u00e4tung der Lieferung<\/strong> <\/p>\n\n\n\n<p> Im Falle einer Lieferungsversp\u00e4tung melden wir uns bei Ihnen per Email. Als Kunde haben Sie immer das Recht auf Stornierung des Kaufes im Falle eines versp\u00e4teten Versandes. Wir werden alles in unserer Macht tun, Ihre Bestellung bestens durchzuf\u00fchren. Jedoch kann es vorkommen, dass es unm\u00f6glich ist, eine Bestellung wie geplant abzuwickeln. Wir behalten uns dann das Recht vor, uns von jeglichen Entsch\u00e4digungsanspr\u00fcchen aufgrund einer Lieferverz\u00f6gerung freizustellen. <\/p>\n","protected":false},"excerpt":{"rendered":"<p>enth\u00e4lt nur nat\u00fcrliche Substanzen. ist in seiner Zusammensetzung und Ausrichtung auf N.O. (Stickstoffmonoxid) einzigartig. wurde \u00fcber einen Zeitraum von 15 Jahren entwickelt. Jetzt ist die Entwicklung des Nahrungserg\u00e4nzungsmittels vollendet. Die Tabletten enthalten die Aminos\u00e4uren L-Arginine und L-Citrulline die gemeinsam mit dem Nitrat der Roten Beete die Bausteine f\u00fcr das k\u00f6rpereigene N.O. bilden. Rosenwurz ist der [&hellip;]<\/p>\n","protected":false},"author":1,"featured_media":11697,"parent":0,"menu_order":0,"comment_status":"closed","ping_status":"closed","template":"template-cover.php","meta":{"_acf_changed":false,"footnotes":""},"categories":[],"tags":[],"dbm_type":[],"dbm_relation":[],"class_list":["post-8749","page","type-page","status-publish","has-post-thumbnail","hentry"],"acf":[],"yoast_head":"<!-- This site is optimized with the Yoast SEO plugin v26.2 - https:\/\/yoast.com\/wordpress\/plugins\/seo\/ -->\n<title>FAQ - Endurance<\/title>\n<meta name=\"robots\" content=\"index, follow, max-snippet:-1, max-image-preview:large, max-video-preview:-1\" \/>\n<link rel=\"canonical\" href=\"https:\/\/endurance.nu\/de\/vanliga-fragor\/\" \/>\n<meta property=\"og:locale\" content=\"de_DE\" \/>\n<meta property=\"og:type\" content=\"article\" \/>\n<meta property=\"og:title\" content=\"FAQ - Endurance\" \/>\n<meta property=\"og:description\" content=\"enth\u00e4lt nur nat\u00fcrliche Substanzen. ist in seiner Zusammensetzung und Ausrichtung auf N.O. (Stickstoffmonoxid) einzigartig. wurde \u00fcber einen Zeitraum von 15 Jahren entwickelt. Jetzt ist die Entwicklung des Nahrungserg\u00e4nzungsmittels vollendet. Die Tabletten enthalten die Aminos\u00e4uren L-Arginine und L-Citrulline die gemeinsam mit dem Nitrat der Roten Beete die Bausteine f\u00fcr das k\u00f6rpereigene N.O. bilden. Rosenwurz ist der [&hellip;]\" \/>\n<meta property=\"og:url\" content=\"https:\/\/endurance.nu\/de\/vanliga-fragor\/\" \/>\n<meta property=\"og:site_name\" content=\"Endurance\" \/>\n<meta property=\"article:modified_time\" content=\"2020-01-23T12:48:49+00:00\" \/>\n<meta property=\"og:image\" content=\"https:\/\/endurance.nu\/wp-content\/uploads\/2019\/11\/AndyMurray-1024x712.jpg\" \/>\n\t<meta property=\"og:image:width\" content=\"1024\" \/>\n\t<meta property=\"og:image:height\" content=\"712\" \/>\n\t<meta property=\"og:image:type\" content=\"image\/jpeg\" \/>\n<meta name=\"twitter:card\" content=\"summary_large_image\" \/>\n<meta name=\"twitter:label1\" content=\"Gesch\u00e4tzte Lesezeit\" \/>\n\t<meta name=\"twitter:data1\" content=\"5\u00a0Minuten\" \/>\n<script type=\"application\/ld+json\" class=\"yoast-schema-graph\">{\"@context\":\"https:\/\/schema.org\",\"@graph\":[{\"@type\":\"WebPage\",\"@id\":\"https:\/\/endurance.nu\/de\/vanliga-fragor\/\",\"url\":\"https:\/\/endurance.nu\/de\/vanliga-fragor\/\",\"name\":\"FAQ - Endurance\",\"isPartOf\":{\"@id\":\"https:\/\/endurance.nu\/de\/#website\"},\"primaryImageOfPage\":{\"@id\":\"https:\/\/endurance.nu\/de\/vanliga-fragor\/#primaryimage\"},\"image\":{\"@id\":\"https:\/\/endurance.nu\/de\/vanliga-fragor\/#primaryimage\"},\"thumbnailUrl\":\"https:\/\/endurance.nu\/wp-content\/uploads\/2019\/11\/AndyMurray.jpg\",\"datePublished\":\"2019-05-17T09:01:59+00:00\",\"dateModified\":\"2020-01-23T12:48:49+00:00\",\"breadcrumb\":{\"@id\":\"https:\/\/endurance.nu\/de\/vanliga-fragor\/#breadcrumb\"},\"inLanguage\":\"de\",\"potentialAction\":[{\"@type\":\"ReadAction\",\"target\":[\"https:\/\/endurance.nu\/de\/vanliga-fragor\/\"]}]},{\"@type\":\"ImageObject\",\"inLanguage\":\"de\",\"@id\":\"https:\/\/endurance.nu\/de\/vanliga-fragor\/#primaryimage\",\"url\":\"https:\/\/endurance.nu\/wp-content\/uploads\/2019\/11\/AndyMurray.jpg\",\"contentUrl\":\"https:\/\/endurance.nu\/wp-content\/uploads\/2019\/11\/AndyMurray.jpg\",\"width\":5268,\"height\":3662},{\"@type\":\"BreadcrumbList\",\"@id\":\"https:\/\/endurance.nu\/de\/vanliga-fragor\/#breadcrumb\",\"itemListElement\":[{\"@type\":\"ListItem\",\"position\":1,\"name\":\"Home\",\"item\":\"https:\/\/endurance.nu\/de\/\"},{\"@type\":\"ListItem\",\"position\":2,\"name\":\"FAQ\"}]},{\"@type\":\"WebSite\",\"@id\":\"https:\/\/endurance.nu\/de\/#website\",\"url\":\"https:\/\/endurance.nu\/de\/\",\"name\":\"Endurance\",\"description\":\"V\u00e4rldens mest s\u00e5lda tr\u00e4ningstillskott!\",\"publisher\":{\"@id\":\"https:\/\/endurance.nu\/de\/#organization\"},\"potentialAction\":[{\"@type\":\"SearchAction\",\"target\":{\"@type\":\"EntryPoint\",\"urlTemplate\":\"https:\/\/endurance.nu\/de\/?s={search_term_string}\"},\"query-input\":{\"@type\":\"PropertyValueSpecification\",\"valueRequired\":true,\"valueName\":\"search_term_string\"}}],\"inLanguage\":\"de\"},{\"@type\":\"Organization\",\"@id\":\"https:\/\/endurance.nu\/de\/#organization\",\"name\":\"Endurance\",\"url\":\"https:\/\/endurance.nu\/de\/\",\"logo\":{\"@type\":\"ImageObject\",\"inLanguage\":\"de\",\"@id\":\"https:\/\/endurance.nu\/de\/#\/schema\/logo\/image\/\",\"url\":\"https:\/\/endurance.nu\/wp-content\/uploads\/2019\/07\/endurance-logo.png\",\"contentUrl\":\"https:\/\/endurance.nu\/wp-content\/uploads\/2019\/07\/endurance-logo.png\",\"width\":700,\"height\":150,\"caption\":\"Endurance\"},\"image\":{\"@id\":\"https:\/\/endurance.nu\/de\/#\/schema\/logo\/image\/\"}}]}<\/script>\n<!-- \/ Yoast SEO plugin. -->","yoast_head_json":{"title":"FAQ - Endurance","robots":{"index":"index","follow":"follow","max-snippet":"max-snippet:-1","max-image-preview":"max-image-preview:large","max-video-preview":"max-video-preview:-1"},"canonical":"https:\/\/endurance.nu\/de\/vanliga-fragor\/","og_locale":"de_DE","og_type":"article","og_title":"FAQ - Endurance","og_description":"enth\u00e4lt nur nat\u00fcrliche Substanzen. ist in seiner Zusammensetzung und Ausrichtung auf N.O. (Stickstoffmonoxid) einzigartig. wurde \u00fcber einen Zeitraum von 15 Jahren entwickelt. Jetzt ist die Entwicklung des Nahrungserg\u00e4nzungsmittels vollendet. Die Tabletten enthalten die Aminos\u00e4uren L-Arginine und L-Citrulline die gemeinsam mit dem Nitrat der Roten Beete die Bausteine f\u00fcr das k\u00f6rpereigene N.O. bilden. Rosenwurz ist der [&hellip;]","og_url":"https:\/\/endurance.nu\/de\/vanliga-fragor\/","og_site_name":"Endurance","article_modified_time":"2020-01-23T12:48:49+00:00","og_image":[{"width":1024,"height":712,"url":"https:\/\/endurance.nu\/wp-content\/uploads\/2019\/11\/AndyMurray-1024x712.jpg","type":"image\/jpeg"}],"twitter_card":"summary_large_image","twitter_misc":{"Gesch\u00e4tzte Lesezeit":"5\u00a0Minuten"},"schema":{"@context":"https:\/\/schema.org","@graph":[{"@type":"WebPage","@id":"https:\/\/endurance.nu\/de\/vanliga-fragor\/","url":"https:\/\/endurance.nu\/de\/vanliga-fragor\/","name":"FAQ - Endurance","isPartOf":{"@id":"https:\/\/endurance.nu\/de\/#website"},"primaryImageOfPage":{"@id":"https:\/\/endurance.nu\/de\/vanliga-fragor\/#primaryimage"},"image":{"@id":"https:\/\/endurance.nu\/de\/vanliga-fragor\/#primaryimage"},"thumbnailUrl":"https:\/\/endurance.nu\/wp-content\/uploads\/2019\/11\/AndyMurray.jpg","datePublished":"2019-05-17T09:01:59+00:00","dateModified":"2020-01-23T12:48:49+00:00","breadcrumb":{"@id":"https:\/\/endurance.nu\/de\/vanliga-fragor\/#breadcrumb"},"inLanguage":"de","potentialAction":[{"@type":"ReadAction","target":["https:\/\/endurance.nu\/de\/vanliga-fragor\/"]}]},{"@type":"ImageObject","inLanguage":"de","@id":"https:\/\/endurance.nu\/de\/vanliga-fragor\/#primaryimage","url":"https:\/\/endurance.nu\/wp-content\/uploads\/2019\/11\/AndyMurray.jpg","contentUrl":"https:\/\/endurance.nu\/wp-content\/uploads\/2019\/11\/AndyMurray.jpg","width":5268,"height":3662},{"@type":"BreadcrumbList","@id":"https:\/\/endurance.nu\/de\/vanliga-fragor\/#breadcrumb","itemListElement":[{"@type":"ListItem","position":1,"name":"Home","item":"https:\/\/endurance.nu\/de\/"},{"@type":"ListItem","position":2,"name":"FAQ"}]},{"@type":"WebSite","@id":"https:\/\/endurance.nu\/de\/#website","url":"https:\/\/endurance.nu\/de\/","name":"Endurance","description":"V\u00e4rldens mest s\u00e5lda tr\u00e4ningstillskott!","publisher":{"@id":"https:\/\/endurance.nu\/de\/#organization"},"potentialAction":[{"@type":"SearchAction","target":{"@type":"EntryPoint","urlTemplate":"https:\/\/endurance.nu\/de\/?s={search_term_string}"},"query-input":{"@type":"PropertyValueSpecification","valueRequired":true,"valueName":"search_term_string"}}],"inLanguage":"de"},{"@type":"Organization","@id":"https:\/\/endurance.nu\/de\/#organization","name":"Endurance","url":"https:\/\/endurance.nu\/de\/","logo":{"@type":"ImageObject","inLanguage":"de","@id":"https:\/\/endurance.nu\/de\/#\/schema\/logo\/image\/","url":"https:\/\/endurance.nu\/wp-content\/uploads\/2019\/07\/endurance-logo.png","contentUrl":"https:\/\/endurance.nu\/wp-content\/uploads\/2019\/07\/endurance-logo.png","width":700,"height":150,"caption":"Endurance"},"image":{"@id":"https:\/\/endurance.nu\/de\/#\/schema\/logo\/image\/"}}]}},"guten_post_layout_featured_media_urls":{"full":["https:\/\/endurance.nu\/wp-content\/uploads\/2019\/11\/AndyMurray.jpg",5268,3662,false],"thumbnail":["https:\/\/endurance.nu\/wp-content\/uploads\/2019\/11\/AndyMurray-150x150.jpg",150,150,true],"medium":["https:\/\/endurance.nu\/wp-content\/uploads\/2019\/11\/AndyMurray-300x209.jpg",300,209,true],"medium_large":["https:\/\/endurance.nu\/wp-content\/uploads\/2019\/11\/AndyMurray-768x534.jpg",600,417,true],"large":["https:\/\/endurance.nu\/wp-content\/uploads\/2019\/11\/AndyMurray-1024x712.jpg",600,417,true],"1536x1536":["https:\/\/endurance.nu\/wp-content\/uploads\/2019\/11\/AndyMurray.jpg",1536,1068,false],"2048x2048":["https:\/\/endurance.nu\/wp-content\/uploads\/2019\/11\/AndyMurray.jpg",2048,1424,false],"guten_post_layout_landscape_large":["https:\/\/endurance.nu\/wp-content\/uploads\/2019\/11\/AndyMurray-1200x800.jpg",1200,800,true],"guten_post_layout_portrait_large":["https:\/\/endurance.nu\/wp-content\/uploads\/2019\/11\/AndyMurray-1200x1800.jpg",1200,1800,true],"guten_post_layout_square_large":["https:\/\/endurance.nu\/wp-content\/uploads\/2019\/11\/AndyMurray-1200x1200.jpg",1200,1200,true],"guten_post_layout_landscape":["https:\/\/endurance.nu\/wp-content\/uploads\/2019\/11\/AndyMurray-600x400.jpg",600,400,true],"guten_post_layout_portrait":["https:\/\/endurance.nu\/wp-content\/uploads\/2019\/11\/AndyMurray-600x900.jpg",600,900,true],"guten_post_layout_square":["https:\/\/endurance.nu\/wp-content\/uploads\/2019\/11\/AndyMurray-600x600.jpg",600,600,true],"post-thumbnail":["https:\/\/endurance.nu\/wp-content\/uploads\/2019\/11\/AndyMurray-870x605.jpg",870,605,true],"sullivan_fullscreen":["https:\/\/endurance.nu\/wp-content\/uploads\/2019\/11\/AndyMurray-1860x1293.jpg",1860,1293,true],"woocommerce_thumbnail":["https:\/\/endurance.nu\/wp-content\/uploads\/2019\/11\/AndyMurray-300x300.jpg",300,300,true],"woocommerce_single":["https:\/\/endurance.nu\/wp-content\/uploads\/2019\/11\/AndyMurray-600x417.jpg",600,417,true],"woocommerce_gallery_thumbnail":["https:\/\/endurance.nu\/wp-content\/uploads\/2019\/11\/AndyMurray-100x100.jpg",100,100,true],"ppec_logo_image_size":["https:\/\/endurance.nu\/wp-content\/uploads\/2019\/11\/AndyMurray.jpg",86,60,false],"ppec_header_image_size":["https:\/\/endurance.nu\/wp-content\/uploads\/2019\/11\/AndyMurray.jpg",129,90,false]},"_links":{"self":[{"href":"https:\/\/endurance.nu\/de\/wp-json\/wp\/v2\/pages\/8749","targetHints":{"allow":["GET"]}}],"collection":[{"href":"https:\/\/endurance.nu\/de\/wp-json\/wp\/v2\/pages"}],"about":[{"href":"https:\/\/endurance.nu\/de\/wp-json\/wp\/v2\/types\/page"}],"author":[{"embeddable":true,"href":"https:\/\/endurance.nu\/de\/wp-json\/wp\/v2\/users\/1"}],"replies":[{"embeddable":true,"href":"https:\/\/endurance.nu\/de\/wp-json\/wp\/v2\/comments?post=8749"}],"version-history":[{"count":20,"href":"https:\/\/endurance.nu\/de\/wp-json\/wp\/v2\/pages\/8749\/revisions"}],"predecessor-version":[{"id":13545,"href":"https:\/\/endurance.nu\/de\/wp-json\/wp\/v2\/pages\/8749\/revisions\/13545"}],"wp:featuredmedia":[{"embeddable":true,"href":"https:\/\/endurance.nu\/de\/wp-json\/wp\/v2\/media\/11697"}],"wp:attachment":[{"href":"https:\/\/endurance.nu\/de\/wp-json\/wp\/v2\/media?parent=8749"}],"wp:term":[{"taxonomy":"category","embeddable":true,"href":"https:\/\/endurance.nu\/de\/wp-json\/wp\/v2\/categories?post=8749"},{"taxonomy":"post_tag","embeddable":true,"href":"https:\/\/endurance.nu\/de\/wp-json\/wp\/v2\/tags?post=8749"},{"taxonomy":"dbm_type","embeddable":true,"href":"https:\/\/endurance.nu\/de\/wp-json\/wp\/v2\/dbm_type?post=8749"},{"taxonomy":"dbm_relation","embeddable":true,"href":"https:\/\/endurance.nu\/de\/wp-json\/wp\/v2\/dbm_relation?post=8749"}],"curies":[{"name":"wp","href":"https:\/\/api.w.org\/{rel}","templated":true}]}}