{"id":8713,"date":"2019-05-17T10:55:36","date_gmt":"2019-05-17T08:55:36","guid":{"rendered":"https:\/\/endurance.nu\/om-endurance\/"},"modified":"2019-11-20T22:23:34","modified_gmt":"2019-11-20T21:23:34","slug":"about-endurancebeetroot","status":"publish","type":"page","link":"https:\/\/endurance.nu\/en\/about-endurancebeetroot\/","title":{"rendered":"About ENDURANCE+BEETROOT"},"content":{"rendered":"\n<p>Recent studies on Beetroot juice has shown improved performance up to 20% in amateurs and up to 10% in professional athletes. Beetroot extract is one of several equally important ingredients in  <strong><span class=\"flexovital-product-name\"><span class=\"flexovital\">ENDURANCE<\/span><span class=\"product-name\">+BEETROOT<\/span><\/span><\/strong> so if you think Beetroot juice works good for you, then you have to give  <strong><span class=\"flexovital-product-name\"><span class=\"flexovital\">ENDURANCE<\/span><span class=\"product-name\">+BEETROOT<\/span><\/span><\/strong>   a try. To make you extra motivated we give you 50% of on the first box!<\/p>\n\n\n\n<div data-expanded-content=\"1\" data-wprr-component=\"bookButton\" data-wprr-component-data=\"{&quot;text&quot;:&quot;Order now and get 50% off!&quot;,&quot;product&quot;:&quot;8655&quot;,&quot;discountCode&quot;:&quot;prova-p\u00e5 rabatt&quot;}\" class=\"wp-block-bioconcept-book-button\"><\/div>\n\n\n\n<h4 class=\"wp-block-heading\">Here&#8217;s how they work, the world&#8217;s best-selling dietary supplement for athletes! <\/h4>\n\n\n\n<p>The Beetroot contains Nitrate which in the body is converted to Nitrite which in turn is converted to Nitric Oxide (N.O.). There are 3 substances that the body can form N.O. from and they are L-Arginine, L-Citrullin and Nitrate. <strong><span class=\"flexovital-product-name\"><span class=\"flexovital\">ENDURANCE<\/span><span class=\"product-name\">+BEETROOT<\/span><\/span><\/strong>   contains them all.<\/p>\n\n\n\n<p><strong><span class=\"flexovital-product-name\"><span class=\"flexovital\">ENDURANCE<\/span><span class=\"product-name\">+BEETROOT<\/span><\/span><\/strong> was developed by a research team at the University Hospital in Uppsala just over 14 years ago. They were inspired by the discovery that was awarded the Nobel Prize in medicine in 1998. The Nitrate found in BEET ROOT, L-Arginine and L-Citrullin are the only 3 &#8220;building blocks&#8221; of N.O. that science know of and <strong><span class=\"flexovital-product-name\"><span class=\"flexovital\">ENDURANCE<\/span><span class=\"product-name\">+BEET ROOT<\/span><\/span><\/strong> contains all three of them. The classic Rhodiola rosea extract, sometimes called the Viking root, boost the N.O. level and pre workout supplement shall always contain Magnesium och Vitamin-C.<\/p>\n\n\n\n<div style=\"height:100px\" aria-hidden=\"true\" class=\"wp-block-spacer\"><\/div>\n\n\n\n<figure class=\"wp-block-image\"><img loading=\"lazy\" decoding=\"async\" width=\"673\" height=\"397\" src=\"https:\/\/endurance.nu\/wp-content\/uploads\/2019\/09\/IMG_9307.png\" alt=\"\" class=\"wp-image-7511\" srcset=\"https:\/\/endurance.nu\/wp-content\/uploads\/2019\/09\/IMG_9307.png 673w, https:\/\/endurance.nu\/wp-content\/uploads\/2019\/09\/IMG_9307-300x177.png 300w, https:\/\/endurance.nu\/wp-content\/uploads\/2019\/09\/IMG_9307-600x354.png 600w\" sizes=\"auto, (max-width: 673px) 100vw, 673px\" \/><\/figure>\n\n\n\n<div style=\"height:100px\" aria-hidden=\"true\" class=\"wp-block-spacer\"><\/div>\n\n\n\n<div data-expanded-content=\"1\" data-wprr-component=\"bookButton\" data-wprr-component-data=\"{&quot;text&quot;:&quot;Order your box of ENDURANCE+BEETROOT here!&quot;,&quot;product&quot;:&quot;8655&quot;}\" class=\"wp-block-bioconcept-book-button\"><\/div>\n\n\n\n<div style=\"height:100px\" aria-hidden=\"true\" class=\"wp-block-spacer\"><\/div>\n\n\n\n<p>Beetroot juice and L-Arginine supplements are absolute top sellers among athletes all over the world since they are believed to improve endurance and recovery. If you like any of these two supplements, you will love the combination of them. <strong><span class=\"flexovital-product-name\"><span class=\"flexovital\">ENDURANCE<\/span><span class=\"product-name\">+BEET ROOT<\/span><\/span><\/strong> with its combination is quite unique.<\/p>\n\n\n\n<h3 class=\"wp-block-heading\">The oxygenation, recovery and endurance<\/h3>\n\n\n\n<figure class=\"wp-block-image\"><img loading=\"lazy\" decoding=\"async\" width=\"1024\" height=\"576\" src=\"http:\/\/endurance.nu\/wp-content\/uploads\/2019\/07\/ENDURANCE-STILL-1-NY-1024x576.png\" alt=\"\" class=\"wp-image-201\" srcset=\"https:\/\/endurance.nu\/wp-content\/uploads\/2019\/07\/ENDURANCE-STILL-1-NY-1024x576.png 1024w, https:\/\/endurance.nu\/wp-content\/uploads\/2019\/07\/ENDURANCE-STILL-1-NY-300x169.png 300w, https:\/\/endurance.nu\/wp-content\/uploads\/2019\/07\/ENDURANCE-STILL-1-NY-768x432.png 768w, https:\/\/endurance.nu\/wp-content\/uploads\/2019\/07\/ENDURANCE-STILL-1-NY-870x489.png 870w, https:\/\/endurance.nu\/wp-content\/uploads\/2019\/07\/ENDURANCE-STILL-1-NY-1860x1046.png 1860w, https:\/\/endurance.nu\/wp-content\/uploads\/2019\/07\/ENDURANCE-STILL-1-NY-600x338.png 600w\" sizes=\"auto, (max-width: 1024px) 100vw, 1024px\" \/><\/figure>\n\n\n\n<div style=\"height:100px\" aria-hidden=\"true\" class=\"wp-block-spacer\"><\/div>\n\n\n\n<p>The blood is the transport system for nutrition and oxygen to all the cells of the body. At the same time, lactic acid and waste products should be transported away from the muscle cells.<\/p>\n\n\n\n<p>Your sports performance is entirely dependent on your physical ability. But whether you are already superfit, like some of our Ironman and Triathlon athletes, or practice sports one or two days per week, we believe <strong><span class=\"flexovital-product-name\"><span class=\"flexovital\">ENDURANCE<\/span><span class=\"product-name\">+BEETROOT<\/span><\/span><\/strong> will make a difference for you. If you are 30 and over, we think it is especially important with supplements like <strong><span class=\"flexovital-product-name\"><span class=\"flexovital\">ENDURANCE<\/span><span class=\"product-name\">+BEETROOT<\/span><\/span><\/strong> and Beetroot juice.<\/p>\n\n\n\n<p>The recovery is crucial to how often and hard, you&#8217;ll be able to practice without starting a deterioration of your body. When we are stiff and sore and having joint pain, we always come to think of massage, liniment and stretching. Have you ever thought that they are only different ways to get your blood circulation started to improve the mobility of muscles and joints?<\/p>\n\n\n\n<div data-expanded-content=\"1\" data-wprr-component=\"bookButton\" data-wprr-component-data=\"{&quot;text&quot;:&quot;Order now and get 50% off&quot;,&quot;product&quot;:&quot;8655&quot;,&quot;discountCode&quot;:&quot;prova-p\u00e5 rabatt&quot;}\" class=\"wp-block-bioconcept-book-button\"><\/div>\n","protected":false},"excerpt":{"rendered":"<p>Recent studies on Beetroot juice has shown improved performance up to 20% in amateurs and up to 10% in professional athletes. Beetroot extract is one of several equally important ingredients in so if you think Beetroot juice works good for you, then you have to give a try. To make you extra motivated we give [&hellip;]<\/p>\n","protected":false},"author":1,"featured_media":2406,"parent":0,"menu_order":0,"comment_status":"closed","ping_status":"closed","template":"template-cover.php","meta":{"_acf_changed":false,"footnotes":""},"categories":[],"tags":[],"dbm_type":[],"dbm_relation":[],"class_list":["post-8713","page","type-page","status-publish","has-post-thumbnail","hentry"],"acf":[],"yoast_head":"<!-- This site is optimized with the Yoast SEO plugin v26.2 - https:\/\/yoast.com\/wordpress\/plugins\/seo\/ -->\n<title>About ENDURANCE+BEETROOT - Endurance<\/title>\n<meta name=\"robots\" content=\"index, follow, max-snippet:-1, max-image-preview:large, max-video-preview:-1\" \/>\n<link rel=\"canonical\" href=\"https:\/\/endurance.nu\/en\/about-endurancebeetroot\/\" \/>\n<meta property=\"og:locale\" content=\"en_US\" \/>\n<meta property=\"og:type\" content=\"article\" \/>\n<meta property=\"og:title\" content=\"About ENDURANCE+BEETROOT - Endurance\" \/>\n<meta property=\"og:description\" content=\"Recent studies on Beetroot juice has shown improved performance up to 20% in amateurs and up to 10% in professional athletes. Beetroot extract is one of several equally important ingredients in so if you think Beetroot juice works good for you, then you have to give a try. To make you extra motivated we give [&hellip;]\" \/>\n<meta property=\"og:url\" content=\"https:\/\/endurance.nu\/en\/about-endurancebeetroot\/\" \/>\n<meta property=\"og:site_name\" content=\"Endurance\" \/>\n<meta property=\"article:modified_time\" content=\"2019-11-20T21:23:34+00:00\" \/>\n<meta property=\"og:image\" content=\"https:\/\/endurance.nu\/wp-content\/uploads\/2019\/07\/ENDURANCE-STILL-1-NY.jpg\" \/>\n\t<meta property=\"og:image:width\" content=\"2560\" \/>\n\t<meta property=\"og:image:height\" content=\"1440\" \/>\n\t<meta property=\"og:image:type\" content=\"image\/jpeg\" \/>\n<meta name=\"twitter:card\" content=\"summary_large_image\" \/>\n<meta name=\"twitter:label1\" content=\"Est. reading time\" \/>\n\t<meta name=\"twitter:data1\" content=\"2 minutes\" \/>\n<script type=\"application\/ld+json\" class=\"yoast-schema-graph\">{\"@context\":\"https:\/\/schema.org\",\"@graph\":[{\"@type\":\"WebPage\",\"@id\":\"https:\/\/endurance.nu\/en\/about-endurancebeetroot\/\",\"url\":\"https:\/\/endurance.nu\/en\/about-endurancebeetroot\/\",\"name\":\"About ENDURANCE+BEETROOT - Endurance\",\"isPartOf\":{\"@id\":\"https:\/\/endurance.nu\/en\/#website\"},\"primaryImageOfPage\":{\"@id\":\"https:\/\/endurance.nu\/en\/about-endurancebeetroot\/#primaryimage\"},\"image\":{\"@id\":\"https:\/\/endurance.nu\/en\/about-endurancebeetroot\/#primaryimage\"},\"thumbnailUrl\":\"https:\/\/endurance.nu\/wp-content\/uploads\/2019\/07\/ENDURANCE-STILL-1-NY.jpg\",\"datePublished\":\"2019-05-17T08:55:36+00:00\",\"dateModified\":\"2019-11-20T21:23:34+00:00\",\"breadcrumb\":{\"@id\":\"https:\/\/endurance.nu\/en\/about-endurancebeetroot\/#breadcrumb\"},\"inLanguage\":\"en-US\",\"potentialAction\":[{\"@type\":\"ReadAction\",\"target\":[\"https:\/\/endurance.nu\/en\/about-endurancebeetroot\/\"]}]},{\"@type\":\"ImageObject\",\"inLanguage\":\"en-US\",\"@id\":\"https:\/\/endurance.nu\/en\/about-endurancebeetroot\/#primaryimage\",\"url\":\"https:\/\/endurance.nu\/wp-content\/uploads\/2019\/07\/ENDURANCE-STILL-1-NY.jpg\",\"contentUrl\":\"https:\/\/endurance.nu\/wp-content\/uploads\/2019\/07\/ENDURANCE-STILL-1-NY.jpg\",\"width\":2560,\"height\":1440},{\"@type\":\"BreadcrumbList\",\"@id\":\"https:\/\/endurance.nu\/en\/about-endurancebeetroot\/#breadcrumb\",\"itemListElement\":[{\"@type\":\"ListItem\",\"position\":1,\"name\":\"Home\",\"item\":\"https:\/\/endurance.nu\/en\/\"},{\"@type\":\"ListItem\",\"position\":2,\"name\":\"About ENDURANCE+BEETROOT\"}]},{\"@type\":\"WebSite\",\"@id\":\"https:\/\/endurance.nu\/en\/#website\",\"url\":\"https:\/\/endurance.nu\/en\/\",\"name\":\"Endurance\",\"description\":\"V\u00e4rldens mest s\u00e5lda tr\u00e4ningstillskott!\",\"publisher\":{\"@id\":\"https:\/\/endurance.nu\/en\/#organization\"},\"potentialAction\":[{\"@type\":\"SearchAction\",\"target\":{\"@type\":\"EntryPoint\",\"urlTemplate\":\"https:\/\/endurance.nu\/en\/?s={search_term_string}\"},\"query-input\":{\"@type\":\"PropertyValueSpecification\",\"valueRequired\":true,\"valueName\":\"search_term_string\"}}],\"inLanguage\":\"en-US\"},{\"@type\":\"Organization\",\"@id\":\"https:\/\/endurance.nu\/en\/#organization\",\"name\":\"Endurance\",\"url\":\"https:\/\/endurance.nu\/en\/\",\"logo\":{\"@type\":\"ImageObject\",\"inLanguage\":\"en-US\",\"@id\":\"https:\/\/endurance.nu\/en\/#\/schema\/logo\/image\/\",\"url\":\"https:\/\/endurance.nu\/wp-content\/uploads\/2019\/07\/endurance-logo.png\",\"contentUrl\":\"https:\/\/endurance.nu\/wp-content\/uploads\/2019\/07\/endurance-logo.png\",\"width\":700,\"height\":150,\"caption\":\"Endurance\"},\"image\":{\"@id\":\"https:\/\/endurance.nu\/en\/#\/schema\/logo\/image\/\"}}]}<\/script>\n<!-- \/ Yoast SEO plugin. -->","yoast_head_json":{"title":"About ENDURANCE+BEETROOT - Endurance","robots":{"index":"index","follow":"follow","max-snippet":"max-snippet:-1","max-image-preview":"max-image-preview:large","max-video-preview":"max-video-preview:-1"},"canonical":"https:\/\/endurance.nu\/en\/about-endurancebeetroot\/","og_locale":"en_US","og_type":"article","og_title":"About ENDURANCE+BEETROOT - Endurance","og_description":"Recent studies on Beetroot juice has shown improved performance up to 20% in amateurs and up to 10% in professional athletes. Beetroot extract is one of several equally important ingredients in so if you think Beetroot juice works good for you, then you have to give a try. To make you extra motivated we give [&hellip;]","og_url":"https:\/\/endurance.nu\/en\/about-endurancebeetroot\/","og_site_name":"Endurance","article_modified_time":"2019-11-20T21:23:34+00:00","og_image":[{"width":2560,"height":1440,"url":"https:\/\/endurance.nu\/wp-content\/uploads\/2019\/07\/ENDURANCE-STILL-1-NY.jpg","type":"image\/jpeg"}],"twitter_card":"summary_large_image","twitter_misc":{"Est. reading time":"2 minutes"},"schema":{"@context":"https:\/\/schema.org","@graph":[{"@type":"WebPage","@id":"https:\/\/endurance.nu\/en\/about-endurancebeetroot\/","url":"https:\/\/endurance.nu\/en\/about-endurancebeetroot\/","name":"About ENDURANCE+BEETROOT - Endurance","isPartOf":{"@id":"https:\/\/endurance.nu\/en\/#website"},"primaryImageOfPage":{"@id":"https:\/\/endurance.nu\/en\/about-endurancebeetroot\/#primaryimage"},"image":{"@id":"https:\/\/endurance.nu\/en\/about-endurancebeetroot\/#primaryimage"},"thumbnailUrl":"https:\/\/endurance.nu\/wp-content\/uploads\/2019\/07\/ENDURANCE-STILL-1-NY.jpg","datePublished":"2019-05-17T08:55:36+00:00","dateModified":"2019-11-20T21:23:34+00:00","breadcrumb":{"@id":"https:\/\/endurance.nu\/en\/about-endurancebeetroot\/#breadcrumb"},"inLanguage":"en-US","potentialAction":[{"@type":"ReadAction","target":["https:\/\/endurance.nu\/en\/about-endurancebeetroot\/"]}]},{"@type":"ImageObject","inLanguage":"en-US","@id":"https:\/\/endurance.nu\/en\/about-endurancebeetroot\/#primaryimage","url":"https:\/\/endurance.nu\/wp-content\/uploads\/2019\/07\/ENDURANCE-STILL-1-NY.jpg","contentUrl":"https:\/\/endurance.nu\/wp-content\/uploads\/2019\/07\/ENDURANCE-STILL-1-NY.jpg","width":2560,"height":1440},{"@type":"BreadcrumbList","@id":"https:\/\/endurance.nu\/en\/about-endurancebeetroot\/#breadcrumb","itemListElement":[{"@type":"ListItem","position":1,"name":"Home","item":"https:\/\/endurance.nu\/en\/"},{"@type":"ListItem","position":2,"name":"About ENDURANCE+BEETROOT"}]},{"@type":"WebSite","@id":"https:\/\/endurance.nu\/en\/#website","url":"https:\/\/endurance.nu\/en\/","name":"Endurance","description":"V\u00e4rldens mest s\u00e5lda tr\u00e4ningstillskott!","publisher":{"@id":"https:\/\/endurance.nu\/en\/#organization"},"potentialAction":[{"@type":"SearchAction","target":{"@type":"EntryPoint","urlTemplate":"https:\/\/endurance.nu\/en\/?s={search_term_string}"},"query-input":{"@type":"PropertyValueSpecification","valueRequired":true,"valueName":"search_term_string"}}],"inLanguage":"en-US"},{"@type":"Organization","@id":"https:\/\/endurance.nu\/en\/#organization","name":"Endurance","url":"https:\/\/endurance.nu\/en\/","logo":{"@type":"ImageObject","inLanguage":"en-US","@id":"https:\/\/endurance.nu\/en\/#\/schema\/logo\/image\/","url":"https:\/\/endurance.nu\/wp-content\/uploads\/2019\/07\/endurance-logo.png","contentUrl":"https:\/\/endurance.nu\/wp-content\/uploads\/2019\/07\/endurance-logo.png","width":700,"height":150,"caption":"Endurance"},"image":{"@id":"https:\/\/endurance.nu\/en\/#\/schema\/logo\/image\/"}}]}},"guten_post_layout_featured_media_urls":{"full":["https:\/\/endurance.nu\/wp-content\/uploads\/2019\/07\/ENDURANCE-STILL-1-NY.jpg",2560,1440,false],"thumbnail":["https:\/\/endurance.nu\/wp-content\/uploads\/2019\/07\/ENDURANCE-STILL-1-NY-150x150.jpg",150,150,true],"medium":["https:\/\/endurance.nu\/wp-content\/uploads\/2019\/07\/ENDURANCE-STILL-1-NY-300x169.jpg",300,169,true],"medium_large":["https:\/\/endurance.nu\/wp-content\/uploads\/2019\/07\/ENDURANCE-STILL-1-NY-768x432.jpg",600,338,true],"large":["https:\/\/endurance.nu\/wp-content\/uploads\/2019\/07\/ENDURANCE-STILL-1-NY-1024x576.jpg",600,338,true],"1536x1536":["https:\/\/endurance.nu\/wp-content\/uploads\/2019\/07\/ENDURANCE-STILL-1-NY.jpg",1536,864,false],"2048x2048":["https:\/\/endurance.nu\/wp-content\/uploads\/2019\/07\/ENDURANCE-STILL-1-NY.jpg",2048,1152,false],"guten_post_layout_landscape_large":["https:\/\/endurance.nu\/wp-content\/uploads\/2019\/07\/ENDURANCE-STILL-1-NY-1200x800.jpg",1200,800,true],"guten_post_layout_portrait_large":["https:\/\/endurance.nu\/wp-content\/uploads\/2019\/07\/ENDURANCE-STILL-1-NY-1200x1440.jpg",1200,1440,true],"guten_post_layout_square_large":["https:\/\/endurance.nu\/wp-content\/uploads\/2019\/07\/ENDURANCE-STILL-1-NY-1200x1200.jpg",1200,1200,true],"guten_post_layout_landscape":["https:\/\/endurance.nu\/wp-content\/uploads\/2019\/07\/ENDURANCE-STILL-1-NY-600x400.jpg",600,400,true],"guten_post_layout_portrait":["https:\/\/endurance.nu\/wp-content\/uploads\/2019\/07\/ENDURANCE-STILL-1-NY-600x900.jpg",600,900,true],"guten_post_layout_square":["https:\/\/endurance.nu\/wp-content\/uploads\/2019\/07\/ENDURANCE-STILL-1-NY-600x600.jpg",600,600,true],"post-thumbnail":["https:\/\/endurance.nu\/wp-content\/uploads\/2019\/07\/ENDURANCE-STILL-1-NY-870x489.jpg",870,489,true],"sullivan_fullscreen":["https:\/\/endurance.nu\/wp-content\/uploads\/2019\/07\/ENDURANCE-STILL-1-NY-1860x1046.jpg",1860,1046,true],"woocommerce_thumbnail":["https:\/\/endurance.nu\/wp-content\/uploads\/2019\/07\/ENDURANCE-STILL-1-NY-300x300.jpg",300,300,true],"woocommerce_single":["https:\/\/endurance.nu\/wp-content\/uploads\/2019\/07\/ENDURANCE-STILL-1-NY-600x338.jpg",600,338,true],"woocommerce_gallery_thumbnail":["https:\/\/endurance.nu\/wp-content\/uploads\/2019\/07\/ENDURANCE-STILL-1-NY-100x100.jpg",100,100,true],"ppec_logo_image_size":["https:\/\/endurance.nu\/wp-content\/uploads\/2019\/07\/ENDURANCE-STILL-1-NY.jpg",107,60,false],"ppec_header_image_size":["https:\/\/endurance.nu\/wp-content\/uploads\/2019\/07\/ENDURANCE-STILL-1-NY.jpg",160,90,false]},"_links":{"self":[{"href":"https:\/\/endurance.nu\/en\/wp-json\/wp\/v2\/pages\/8713","targetHints":{"allow":["GET"]}}],"collection":[{"href":"https:\/\/endurance.nu\/en\/wp-json\/wp\/v2\/pages"}],"about":[{"href":"https:\/\/endurance.nu\/en\/wp-json\/wp\/v2\/types\/page"}],"author":[{"embeddable":true,"href":"https:\/\/endurance.nu\/en\/wp-json\/wp\/v2\/users\/1"}],"replies":[{"embeddable":true,"href":"https:\/\/endurance.nu\/en\/wp-json\/wp\/v2\/comments?post=8713"}],"version-history":[{"count":23,"href":"https:\/\/endurance.nu\/en\/wp-json\/wp\/v2\/pages\/8713\/revisions"}],"predecessor-version":[{"id":11484,"href":"https:\/\/endurance.nu\/en\/wp-json\/wp\/v2\/pages\/8713\/revisions\/11484"}],"wp:featuredmedia":[{"embeddable":true,"href":"https:\/\/endurance.nu\/en\/wp-json\/wp\/v2\/media\/2406"}],"wp:attachment":[{"href":"https:\/\/endurance.nu\/en\/wp-json\/wp\/v2\/media?parent=8713"}],"wp:term":[{"taxonomy":"category","embeddable":true,"href":"https:\/\/endurance.nu\/en\/wp-json\/wp\/v2\/categories?post=8713"},{"taxonomy":"post_tag","embeddable":true,"href":"https:\/\/endurance.nu\/en\/wp-json\/wp\/v2\/tags?post=8713"},{"taxonomy":"dbm_type","embeddable":true,"href":"https:\/\/endurance.nu\/en\/wp-json\/wp\/v2\/dbm_type?post=8713"},{"taxonomy":"dbm_relation","embeddable":true,"href":"https:\/\/endurance.nu\/en\/wp-json\/wp\/v2\/dbm_relation?post=8713"}],"curies":[{"name":"wp","href":"https:\/\/api.w.org\/{rel}","templated":true}]}}