{"id":8714,"date":"2019-05-17T11:10:50","date_gmt":"2019-05-17T09:10:50","guid":{"rendered":"https:\/\/endurance.nu\/kontakta-oss\/"},"modified":"2019-11-20T22:19:58","modified_gmt":"2019-11-20T21:19:58","slug":"kontakta-oss","status":"publish","type":"page","link":"https:\/\/endurance.nu\/en\/kontakta-oss\/","title":{"rendered":"Contact"},"content":{"rendered":"\n<h2 class=\"wp-block-heading\"><strong>We are here for you.<\/strong><\/h2>\n\n\n\n<p>If you have any questions about <strong><span class=\"flexovital-product-name\"><span class=\"flexovital\">ENDURANCE<\/span><span class=\"product-name\">+BEETROOT<\/span><\/span><\/strong> ? Or did your shipment got lost? Use the form below and we will get back to you as soon as we can.<\/p>\n\n\n<div class=\"caldera-grid\" id=\"caldera_form_1\" data-cf-ver=\"1.9.6\" data-cf-form-id=\"CF5dd5ad464ba1b\"><div id=\"caldera_notices_1\" data-spinner=\"https:\/\/endurance.nu\/wp-admin\/images\/spinner.gif\"><\/div><form data-instance=\"1\" class=\"CF5dd5ad464ba1b caldera_forms_form cfajax-trigger\" method=\"POST\" enctype=\"multipart\/form-data\" id=\"CF5dd5ad464ba1b_1\" data-form-id=\"CF5dd5ad464ba1b\" aria-label=\"Kontakta oss EN\" data-target=\"#caldera_notices_1\" data-template=\"#cfajax_CF5dd5ad464ba1b-tmpl\" data-cfajax=\"CF5dd5ad464ba1b\" data-load-element=\"_parent\" data-load-class=\"cf_processing\" data-post-disable=\"0\" data-action=\"cf_process_ajax_submit\" data-request=\"https:\/\/endurance.nu\/en\/\/cf-api\/CF5dd5ad464ba1b\" data-hiderows=\"true\">\r\n<input type=\"hidden\" id=\"_cf_verify_CF5dd5ad464ba1b\" name=\"_cf_verify\" value=\"26adea63df\"  data-nonce-time=\"1777520993\" \/><input type=\"hidden\" name=\"_wp_http_referer\" value=\"\/en\/wp-json\/wp\/v2\/pages\/8714\" \/><div id=\"cf2-CF5dd5ad464ba1b_1\"><\/div><input type=\"hidden\" name=\"_cf_frm_id\" value=\"CF5dd5ad464ba1b\">\r\n<input type=\"hidden\" name=\"_cf_frm_ct\" value=\"1\">\r\n<input type=\"hidden\" name=\"cfajax\" value=\"CF5dd5ad464ba1b\">\r\n<input type=\"hidden\" name=\"_cf_cr_pst\" value=\"8714\">\r\n<div class=\"hide\" style=\"display:none; overflow:hidden;height:0;width:0;\">\r\n<label>Phone<\/label><input type=\"text\" name=\"phone\" value=\"\" autocomplete=\"off\">\r\n<\/div><div id=\"CF5dd5ad464ba1b_1-row-1\"  class=\"row  first_row\"><div  class=\"col-sm-6  first_col\"><div data-field-wrapper=\"fld_8768091\" class=\"form-group\" id=\"fld_8768091_1-wrap\">\r\n\t<label id=\"fld_8768091Label\" for=\"fld_8768091_1\" class=\"control-label\">First name <span aria-hidden=\"true\" role=\"presentation\" class=\"field_required\" style=\"color:#ee0000;\">*<\/span><\/label>\r\n\t<div class=\"\">\r\n\t\t<input   required type=\"text\" data-field=\"fld_8768091\" class=\" form-control\" id=\"fld_8768091_1\" name=\"fld_8768091\" value=\"\" data-type=\"text\" aria-required=\"true\"   aria-labelledby=\"fld_8768091Label\" >\t\t\t<\/div>\r\n<\/div>\r\n<div data-field-wrapper=\"fld_6009157\" class=\"form-group\" id=\"fld_6009157_1-wrap\">\r\n\t<label id=\"fld_6009157Label\" for=\"fld_6009157_1\" class=\"control-label\">Email <span aria-hidden=\"true\" role=\"presentation\" class=\"field_required\" style=\"color:#ee0000;\">*<\/span><\/label>\r\n\t<div class=\"\">\r\n\t\t<input   required type=\"email\" data-field=\"fld_6009157\" class=\" form-control\" id=\"fld_6009157_1\" name=\"fld_6009157\" value=\"\" data-type=\"email\" aria-required=\"true\"   aria-labelledby=\"fld_6009157Label\" >\t\t\t<\/div>\r\n<\/div>\r\n<\/div><div  class=\"col-sm-6  last_col\"><div data-field-wrapper=\"fld_9970286\" class=\"form-group\" id=\"fld_9970286_1-wrap\">\r\n\t<label id=\"fld_9970286Label\" for=\"fld_9970286_1\" class=\"control-label\">Last name <span aria-hidden=\"true\" role=\"presentation\" class=\"field_required\" style=\"color:#ee0000;\">*<\/span><\/label>\r\n\t<div class=\"\">\r\n\t\t<input   required type=\"text\" data-field=\"fld_9970286\" class=\" form-control\" id=\"fld_9970286_1\" name=\"fld_9970286\" value=\"\" data-type=\"text\" aria-required=\"true\"   aria-labelledby=\"fld_9970286Label\" >\t\t\t<\/div>\r\n<\/div>\r\n<div data-field-wrapper=\"fld_7263056\" class=\"form-group\" id=\"fld_7263056_1-wrap\">\r\n\t<label id=\"fld_7263056Label\" for=\"fld_7263056_1\" class=\"control-label\">Phone <span aria-hidden=\"true\" role=\"presentation\" class=\"field_required\" style=\"color:#ee0000;\">*<\/span><\/label>\r\n\t<div class=\"\">\r\n\t\t<input   required type=\"text\" data-field=\"fld_7263056\" class=\" form-control\" id=\"fld_7263056_1\" name=\"fld_7263056\" value=\"\" data-type=\"text\" aria-required=\"true\"   aria-labelledby=\"fld_7263056Label\" >\t\t\t<\/div>\r\n<\/div>\r\n<\/div><\/div><div id=\"CF5dd5ad464ba1b_1-row-2\"  class=\"row \"><div  class=\"col-sm-12  single\"><div data-field-wrapper=\"fld_7569025\" class=\"form-group\" id=\"fld_7569025_1-wrap\">\r\n\t<label id=\"fld_7569025Label\" for=\"fld_7569025_1\" class=\"control-label\">Subject <span aria-hidden=\"true\" role=\"presentation\" class=\"field_required\" style=\"color:#ee0000;\">*<\/span><\/label>\r\n\t<div class=\"\">\r\n\t\t<input   required type=\"text\" data-field=\"fld_7569025\" class=\" form-control\" id=\"fld_7569025_1\" name=\"fld_7569025\" value=\"\" data-type=\"text\" aria-required=\"true\"   aria-labelledby=\"fld_7569025Label\" >\t\t\t<\/div>\r\n<\/div>\r\n<div data-field-wrapper=\"fld_7683514\" class=\"form-group\" id=\"fld_7683514_1-wrap\">\r\n\t<label id=\"fld_7683514Label\" for=\"fld_7683514_1\" class=\"control-label\">Comments \/ question <span aria-hidden=\"true\" role=\"presentation\" class=\"field_required\" style=\"color:#ee0000;\">*<\/span><\/label>\r\n\t<div class=\"\">\r\n\t\t<textarea name=\"fld_7683514\" value=\"\" data-field=\"fld_7683514\" class=\"form-control\" id=\"fld_7683514_1\" rows=\"7\"  required=\"required\"  aria-labelledby=\"fld_7683514Label\" ><\/textarea>\n\t\t\t<\/div>\r\n<\/div>\r\n<\/div><\/div><div id=\"CF5dd5ad464ba1b_1-row-3\"  class=\"row  last_row\"><div  class=\"col-sm-12  single\"><div data-field-wrapper=\"fld_7908577\" class=\"form-group\" id=\"fld_7908577_1-wrap\">\r\n<div class=\"\">\r\n\t<input  class=\"btn btn-default\" type=\"submit\" name=\"fld_7908577\" id=\"fld_7908577_1\" value=\"Send message\" data-field=\"fld_7908577\"  >\n<\/div>\r\n<\/div>\r\n\t<input class=\"button_trigger_1\" type=\"hidden\" name=\"fld_7908577\" id=\"fld_7908577_1_btn\" value=\"\" data-field=\"fld_7908577\"  \/>\n<\/div><\/div><\/form>\r\n<\/div>\r\n\n\n\n<p>Bioconcept AB FL\u00d6JELGATAN 10 16765 BROMMA office@bioconcept.se +46 (8) 1244 3838<\/p>\n","protected":false},"excerpt":{"rendered":"<p>We are here for you. If you have any questions about ? Or did your shipment got lost? Use the form below and we will get back to you as soon as we can. Bioconcept AB FL\u00d6JELGATAN 10 16765 BROMMA office@bioconcept.se +46 (8) 1244 3838<\/p>\n","protected":false},"author":1,"featured_media":11700,"parent":0,"menu_order":0,"comment_status":"closed","ping_status":"closed","template":"","meta":{"_acf_changed":false,"footnotes":""},"categories":[],"tags":[],"dbm_type":[],"dbm_relation":[],"class_list":["post-8714","page","type-page","status-publish","has-post-thumbnail","hentry"],"acf":[],"yoast_head":"<!-- This site is optimized with the Yoast SEO plugin v26.2 - https:\/\/yoast.com\/wordpress\/plugins\/seo\/ -->\n<title>Contact - Endurance<\/title>\n<meta name=\"robots\" content=\"index, follow, max-snippet:-1, max-image-preview:large, max-video-preview:-1\" \/>\n<link rel=\"canonical\" href=\"https:\/\/endurance.nu\/en\/kontakta-oss\/\" \/>\n<meta property=\"og:locale\" content=\"en_US\" \/>\n<meta property=\"og:type\" content=\"article\" \/>\n<meta property=\"og:title\" content=\"Contact - Endurance\" \/>\n<meta property=\"og:description\" content=\"We are here for you. If you have any questions about ? Or did your shipment got lost? Use the form below and we will get back to you as soon as we can. Bioconcept AB FL\u00d6JELGATAN 10 16765 BROMMA office@bioconcept.se +46 (8) 1244 3838\" \/>\n<meta property=\"og:url\" content=\"https:\/\/endurance.nu\/en\/kontakta-oss\/\" \/>\n<meta property=\"og:site_name\" content=\"Endurance\" \/>\n<meta property=\"article:modified_time\" content=\"2019-11-20T21:19:58+00:00\" \/>\n<meta property=\"og:image\" content=\"https:\/\/endurance.nu\/wp-content\/uploads\/2019\/11\/Runningroadmountain-1024x683.jpg\" \/>\n\t<meta property=\"og:image:width\" content=\"1024\" \/>\n\t<meta property=\"og:image:height\" content=\"683\" \/>\n\t<meta property=\"og:image:type\" content=\"image\/jpeg\" \/>\n<meta name=\"twitter:card\" content=\"summary_large_image\" \/>\n<script type=\"application\/ld+json\" class=\"yoast-schema-graph\">{\"@context\":\"https:\/\/schema.org\",\"@graph\":[{\"@type\":\"WebPage\",\"@id\":\"https:\/\/endurance.nu\/en\/kontakta-oss\/\",\"url\":\"https:\/\/endurance.nu\/en\/kontakta-oss\/\",\"name\":\"Contact - Endurance\",\"isPartOf\":{\"@id\":\"https:\/\/endurance.nu\/en\/#website\"},\"primaryImageOfPage\":{\"@id\":\"https:\/\/endurance.nu\/en\/kontakta-oss\/#primaryimage\"},\"image\":{\"@id\":\"https:\/\/endurance.nu\/en\/kontakta-oss\/#primaryimage\"},\"thumbnailUrl\":\"https:\/\/endurance.nu\/wp-content\/uploads\/2019\/11\/Runningroadmountain.jpg\",\"datePublished\":\"2019-05-17T09:10:50+00:00\",\"dateModified\":\"2019-11-20T21:19:58+00:00\",\"breadcrumb\":{\"@id\":\"https:\/\/endurance.nu\/en\/kontakta-oss\/#breadcrumb\"},\"inLanguage\":\"en-US\",\"potentialAction\":[{\"@type\":\"ReadAction\",\"target\":[\"https:\/\/endurance.nu\/en\/kontakta-oss\/\"]}]},{\"@type\":\"ImageObject\",\"inLanguage\":\"en-US\",\"@id\":\"https:\/\/endurance.nu\/en\/kontakta-oss\/#primaryimage\",\"url\":\"https:\/\/endurance.nu\/wp-content\/uploads\/2019\/11\/Runningroadmountain.jpg\",\"contentUrl\":\"https:\/\/endurance.nu\/wp-content\/uploads\/2019\/11\/Runningroadmountain.jpg\",\"width\":6000,\"height\":4000},{\"@type\":\"BreadcrumbList\",\"@id\":\"https:\/\/endurance.nu\/en\/kontakta-oss\/#breadcrumb\",\"itemListElement\":[{\"@type\":\"ListItem\",\"position\":1,\"name\":\"Home\",\"item\":\"https:\/\/endurance.nu\/en\/\"},{\"@type\":\"ListItem\",\"position\":2,\"name\":\"Contact\"}]},{\"@type\":\"WebSite\",\"@id\":\"https:\/\/endurance.nu\/en\/#website\",\"url\":\"https:\/\/endurance.nu\/en\/\",\"name\":\"Endurance\",\"description\":\"V\u00e4rldens mest s\u00e5lda tr\u00e4ningstillskott!\",\"publisher\":{\"@id\":\"https:\/\/endurance.nu\/en\/#organization\"},\"potentialAction\":[{\"@type\":\"SearchAction\",\"target\":{\"@type\":\"EntryPoint\",\"urlTemplate\":\"https:\/\/endurance.nu\/en\/?s={search_term_string}\"},\"query-input\":{\"@type\":\"PropertyValueSpecification\",\"valueRequired\":true,\"valueName\":\"search_term_string\"}}],\"inLanguage\":\"en-US\"},{\"@type\":\"Organization\",\"@id\":\"https:\/\/endurance.nu\/en\/#organization\",\"name\":\"Endurance\",\"url\":\"https:\/\/endurance.nu\/en\/\",\"logo\":{\"@type\":\"ImageObject\",\"inLanguage\":\"en-US\",\"@id\":\"https:\/\/endurance.nu\/en\/#\/schema\/logo\/image\/\",\"url\":\"https:\/\/endurance.nu\/wp-content\/uploads\/2019\/07\/endurance-logo.png\",\"contentUrl\":\"https:\/\/endurance.nu\/wp-content\/uploads\/2019\/07\/endurance-logo.png\",\"width\":700,\"height\":150,\"caption\":\"Endurance\"},\"image\":{\"@id\":\"https:\/\/endurance.nu\/en\/#\/schema\/logo\/image\/\"}}]}<\/script>\n<!-- \/ Yoast SEO plugin. -->","yoast_head_json":{"title":"Contact - Endurance","robots":{"index":"index","follow":"follow","max-snippet":"max-snippet:-1","max-image-preview":"max-image-preview:large","max-video-preview":"max-video-preview:-1"},"canonical":"https:\/\/endurance.nu\/en\/kontakta-oss\/","og_locale":"en_US","og_type":"article","og_title":"Contact - Endurance","og_description":"We are here for you. If you have any questions about ? Or did your shipment got lost? Use the form below and we will get back to you as soon as we can. Bioconcept AB FL\u00d6JELGATAN 10 16765 BROMMA office@bioconcept.se +46 (8) 1244 3838","og_url":"https:\/\/endurance.nu\/en\/kontakta-oss\/","og_site_name":"Endurance","article_modified_time":"2019-11-20T21:19:58+00:00","og_image":[{"width":1024,"height":683,"url":"https:\/\/endurance.nu\/wp-content\/uploads\/2019\/11\/Runningroadmountain-1024x683.jpg","type":"image\/jpeg"}],"twitter_card":"summary_large_image","schema":{"@context":"https:\/\/schema.org","@graph":[{"@type":"WebPage","@id":"https:\/\/endurance.nu\/en\/kontakta-oss\/","url":"https:\/\/endurance.nu\/en\/kontakta-oss\/","name":"Contact - Endurance","isPartOf":{"@id":"https:\/\/endurance.nu\/en\/#website"},"primaryImageOfPage":{"@id":"https:\/\/endurance.nu\/en\/kontakta-oss\/#primaryimage"},"image":{"@id":"https:\/\/endurance.nu\/en\/kontakta-oss\/#primaryimage"},"thumbnailUrl":"https:\/\/endurance.nu\/wp-content\/uploads\/2019\/11\/Runningroadmountain.jpg","datePublished":"2019-05-17T09:10:50+00:00","dateModified":"2019-11-20T21:19:58+00:00","breadcrumb":{"@id":"https:\/\/endurance.nu\/en\/kontakta-oss\/#breadcrumb"},"inLanguage":"en-US","potentialAction":[{"@type":"ReadAction","target":["https:\/\/endurance.nu\/en\/kontakta-oss\/"]}]},{"@type":"ImageObject","inLanguage":"en-US","@id":"https:\/\/endurance.nu\/en\/kontakta-oss\/#primaryimage","url":"https:\/\/endurance.nu\/wp-content\/uploads\/2019\/11\/Runningroadmountain.jpg","contentUrl":"https:\/\/endurance.nu\/wp-content\/uploads\/2019\/11\/Runningroadmountain.jpg","width":6000,"height":4000},{"@type":"BreadcrumbList","@id":"https:\/\/endurance.nu\/en\/kontakta-oss\/#breadcrumb","itemListElement":[{"@type":"ListItem","position":1,"name":"Home","item":"https:\/\/endurance.nu\/en\/"},{"@type":"ListItem","position":2,"name":"Contact"}]},{"@type":"WebSite","@id":"https:\/\/endurance.nu\/en\/#website","url":"https:\/\/endurance.nu\/en\/","name":"Endurance","description":"V\u00e4rldens mest s\u00e5lda tr\u00e4ningstillskott!","publisher":{"@id":"https:\/\/endurance.nu\/en\/#organization"},"potentialAction":[{"@type":"SearchAction","target":{"@type":"EntryPoint","urlTemplate":"https:\/\/endurance.nu\/en\/?s={search_term_string}"},"query-input":{"@type":"PropertyValueSpecification","valueRequired":true,"valueName":"search_term_string"}}],"inLanguage":"en-US"},{"@type":"Organization","@id":"https:\/\/endurance.nu\/en\/#organization","name":"Endurance","url":"https:\/\/endurance.nu\/en\/","logo":{"@type":"ImageObject","inLanguage":"en-US","@id":"https:\/\/endurance.nu\/en\/#\/schema\/logo\/image\/","url":"https:\/\/endurance.nu\/wp-content\/uploads\/2019\/07\/endurance-logo.png","contentUrl":"https:\/\/endurance.nu\/wp-content\/uploads\/2019\/07\/endurance-logo.png","width":700,"height":150,"caption":"Endurance"},"image":{"@id":"https:\/\/endurance.nu\/en\/#\/schema\/logo\/image\/"}}]}},"guten_post_layout_featured_media_urls":{"full":["https:\/\/endurance.nu\/wp-content\/uploads\/2019\/11\/Runningroadmountain.jpg",6000,4000,false],"thumbnail":["https:\/\/endurance.nu\/wp-content\/uploads\/2019\/11\/Runningroadmountain-150x150.jpg",150,150,true],"medium":["https:\/\/endurance.nu\/wp-content\/uploads\/2019\/11\/Runningroadmountain-300x200.jpg",300,200,true],"medium_large":["https:\/\/endurance.nu\/wp-content\/uploads\/2019\/11\/Runningroadmountain-768x512.jpg",600,400,true],"large":["https:\/\/endurance.nu\/wp-content\/uploads\/2019\/11\/Runningroadmountain-1024x683.jpg",600,400,true],"1536x1536":["https:\/\/endurance.nu\/wp-content\/uploads\/2019\/11\/Runningroadmountain.jpg",1536,1024,false],"2048x2048":["https:\/\/endurance.nu\/wp-content\/uploads\/2019\/11\/Runningroadmountain.jpg",2048,1365,false],"guten_post_layout_landscape_large":["https:\/\/endurance.nu\/wp-content\/uploads\/2019\/11\/Runningroadmountain-1200x800.jpg",1200,800,true],"guten_post_layout_portrait_large":["https:\/\/endurance.nu\/wp-content\/uploads\/2019\/11\/Runningroadmountain-1200x1800.jpg",1200,1800,true],"guten_post_layout_square_large":["https:\/\/endurance.nu\/wp-content\/uploads\/2019\/11\/Runningroadmountain-1200x1200.jpg",1200,1200,true],"guten_post_layout_landscape":["https:\/\/endurance.nu\/wp-content\/uploads\/2019\/11\/Runningroadmountain-600x400.jpg",600,400,true],"guten_post_layout_portrait":["https:\/\/endurance.nu\/wp-content\/uploads\/2019\/11\/Runningroadmountain-600x900.jpg",600,900,true],"guten_post_layout_square":["https:\/\/endurance.nu\/wp-content\/uploads\/2019\/11\/Runningroadmountain-600x600.jpg",600,600,true],"post-thumbnail":["https:\/\/endurance.nu\/wp-content\/uploads\/2019\/11\/Runningroadmountain-870x580.jpg",870,580,true],"sullivan_fullscreen":["https:\/\/endurance.nu\/wp-content\/uploads\/2019\/11\/Runningroadmountain-1860x1240.jpg",1860,1240,true],"woocommerce_thumbnail":["https:\/\/endurance.nu\/wp-content\/uploads\/2019\/11\/Runningroadmountain-300x300.jpg",300,300,true],"woocommerce_single":["https:\/\/endurance.nu\/wp-content\/uploads\/2019\/11\/Runningroadmountain-600x400.jpg",600,400,true],"woocommerce_gallery_thumbnail":["https:\/\/endurance.nu\/wp-content\/uploads\/2019\/11\/Runningroadmountain-100x100.jpg",100,100,true],"ppec_logo_image_size":["https:\/\/endurance.nu\/wp-content\/uploads\/2019\/11\/Runningroadmountain.jpg",90,60,false],"ppec_header_image_size":["https:\/\/endurance.nu\/wp-content\/uploads\/2019\/11\/Runningroadmountain.jpg",135,90,false]},"_links":{"self":[{"href":"https:\/\/endurance.nu\/en\/wp-json\/wp\/v2\/pages\/8714","targetHints":{"allow":["GET"]}}],"collection":[{"href":"https:\/\/endurance.nu\/en\/wp-json\/wp\/v2\/pages"}],"about":[{"href":"https:\/\/endurance.nu\/en\/wp-json\/wp\/v2\/types\/page"}],"author":[{"embeddable":true,"href":"https:\/\/endurance.nu\/en\/wp-json\/wp\/v2\/users\/1"}],"replies":[{"embeddable":true,"href":"https:\/\/endurance.nu\/en\/wp-json\/wp\/v2\/comments?post=8714"}],"version-history":[{"count":6,"href":"https:\/\/endurance.nu\/en\/wp-json\/wp\/v2\/pages\/8714\/revisions"}],"predecessor-version":[{"id":11477,"href":"https:\/\/endurance.nu\/en\/wp-json\/wp\/v2\/pages\/8714\/revisions\/11477"}],"wp:featuredmedia":[{"embeddable":true,"href":"https:\/\/endurance.nu\/en\/wp-json\/wp\/v2\/media\/11700"}],"wp:attachment":[{"href":"https:\/\/endurance.nu\/en\/wp-json\/wp\/v2\/media?parent=8714"}],"wp:term":[{"taxonomy":"category","embeddable":true,"href":"https:\/\/endurance.nu\/en\/wp-json\/wp\/v2\/categories?post=8714"},{"taxonomy":"post_tag","embeddable":true,"href":"https:\/\/endurance.nu\/en\/wp-json\/wp\/v2\/tags?post=8714"},{"taxonomy":"dbm_type","embeddable":true,"href":"https:\/\/endurance.nu\/en\/wp-json\/wp\/v2\/dbm_type?post=8714"},{"taxonomy":"dbm_relation","embeddable":true,"href":"https:\/\/endurance.nu\/en\/wp-json\/wp\/v2\/dbm_relation?post=8714"}],"curies":[{"name":"wp","href":"https:\/\/api.w.org\/{rel}","templated":true}]}}