{"id":8716,"date":"2019-06-03T14:10:25","date_gmt":"2019-06-03T12:10:25","guid":{"rendered":"https:\/\/endurance.nu\/endurance-challenge\/"},"modified":"2019-10-07T18:08:56","modified_gmt":"2019-10-07T16:08:56","slug":"endurance-challenge","status":"publish","type":"page","link":"https:\/\/endurance.nu\/en\/endurance-challenge\/","title":{"rendered":"Endurance Challenge"},"content":{"rendered":"\n<figure class=\"wp-block-embed-youtube wp-block-embed is-type-video is-provider-youtube wp-embed-aspect-16-9 wp-has-aspect-ratio\"><div class=\"wp-block-embed__wrapper\">\n<iframe loading=\"lazy\" title=\"Endurance Challenge\" width=\"600\" height=\"338\" src=\"https:\/\/www.youtube.com\/embed\/8w-M74CXQEo?feature=oembed\" frameborder=\"0\" allow=\"accelerometer; autoplay; clipboard-write; encrypted-media; gyroscope; picture-in-picture; web-share\" referrerpolicy=\"strict-origin-when-cross-origin\" allowfullscreen><\/iframe>\n<\/div><\/figure>\n\n\n\n<h2 class=\"wp-block-heading\">How does the ENDURANCE Challenge work?<\/h2>\n\n\n\n<p>During a perdiod of 10 weeks, our Ambassador and triathlete Clas Bj\u00f6rling will guide you and advise on how you can get 5% faster with <span class=\"flexovital-product-name\"><span class=\"flexovital\">ENDURANCE<\/span><span class=\"product-name\">+BEETROOT<\/span><\/span> <\/p>\n\n\n\n<p>Clas Bj\u00f6rling holds the Swedish record in IRONMAN, 5 time Swedish champion in Duathlon and World Cup gold in Thriathlon. Today, Clas is a lecturer and personal trainer. Clas has helped many elite athletes to achieve top results and <strong>now it&#8217;s your turn.<\/strong><\/p>\n\n\n\n<p>No matter what sports you do, there are 2 things that are crucial for the result: How you exercise and your body&#8217;s ability to oxygenate the blood. That&#8217;s why Clas and ENDURANCE+BEETROOT have created The ENDURANCE Challenge. We are convinced that we can help you get 5% faster in 10 weeks, whether you are a Pro or amateur.<\/p>\n\n\n\n<p>Follow Clas training tips below &#8211; while using  <span class=\"flexovital-product-name\"><span class=\"flexovital\">ENDURANCE<\/span><span class=\"product-name\">+BEETROOT<\/span><\/span>, and you too will succeed.<\/p>\n\n\n\n<p style=\"text-align:center\"><strong>Tips<\/strong><\/p>\n\n\n\n\n\n<p style=\"text-align:center\"><a href=\"http:\/\/endurance.nu\/category\/beet-your-self\/\">Se<\/a>e all tips<\/p>\n\n\n\n<div data-expanded-content=\"1\" data-wprr-component=\"bookButton\" data-wprr-component-data=\"{&quot;product&quot;:&quot;71&quot;,&quot;text&quot;:&quot;Get 50% of on the first box!&quot;,&quot;discountCode&quot;:&quot;prova-p\u00e5 rabatt&quot;}\" class=\"wp-block-bioconcept-book-button\"><\/div>\n\n\n\n<h2 class=\"wp-block-heading\">Share your development here #endurancebeetyourself<\/h2>\n\n\n    <div id=\"wdi_feed_0\" class=\"wdi_feed_main_container wdi_layout_th wdi_feed_theme_1 wdi_feed_thumbnail_1\"  >\n      <div class=\"wdi_js_error\">Something is wrong.<br \/><\/div><div class=\"wdi_token_error wdi_hidden\">Instagram token error.<\/div><div class=\"wdi_private_feed_error wdi_hidden\"><span><\/span><\/div><div class=\"wdi_check_fontawesome wdi_hidden\"><i><\/i><\/div>      <div id=\"wdi_spider_popup_loading_0\" class=\"wdi_spider_popup_loading\"><\/div>\n      <div id=\"wdi_spider_popup_overlay_0\" class=\"wdi_spider_popup_overlay\" onclick=\"wdi_spider_destroypopup(1000)\"><\/div>\n      <div class=\"wdi_feed_container\">\n        <div class=\"wdi_feed_info\">\n          <div id=\"wdi_feed_0_header\" class='wdi_feed_header'><\/div>\n          <div id=\"wdi_feed_0_users\" class='wdi_feed_users'>\n                  <div class=\"wdi_single_user\">\n        <div class=\"wdi_header_user_text \">\n                                  <h3 onclick=\"window.open('\/\/instagram.com\/','_blank')\"><\/h3>\n                                <div class=\"wdi_user_controls\">\n              <div class=\"wdi_follow_btn\"\n                   onclick=\"window.open('\/\/instagram.com\/','_blank')\">\n                <span>Follow<\/span>\n              <\/div>\n            <\/div>\n                                      <\/div>\n      <\/div>\n      <div class=\"wdi_clear\"><\/div>\n                <\/div>\n        <\/div>\n                <div class=\"wdi_feed_wrapper wdi_col_3\" wdi-res='wdi_col_3'><\/div>\n        <div class=\"wdi_clear\"><\/div>\n              <\/div>\n      <div class=\"wdi_front_overlay\"><\/div>\n    <\/div>\n        <script><\/script>    \n\n\n\n<div data-expanded-content=\"1\" data-wprr-component=\"bookButton\" data-wprr-component-data=\"{&quot;product&quot;:&quot;71&quot;,&quot;text&quot;:&quot;Order today and start you ENDRUANCE Challenge today!&quot;,&quot;discountCode&quot;:&quot;prova-p\u00e5 rabatt&quot;}\" class=\"wp-block-bioconcept-book-button\"><\/div>\n","protected":false},"excerpt":{"rendered":"<p>Beet Yourself<\/p>\n","protected":false},"author":1,"featured_media":2414,"parent":0,"menu_order":0,"comment_status":"closed","ping_status":"closed","template":"template-cover.php","meta":{"_acf_changed":false,"footnotes":""},"categories":[],"tags":[],"dbm_type":[],"dbm_relation":[],"class_list":["post-8716","page","type-page","status-publish","has-post-thumbnail","hentry"],"acf":[],"yoast_head":"<!-- This site is optimized with the Yoast SEO plugin v26.2 - https:\/\/yoast.com\/wordpress\/plugins\/seo\/ -->\n<title>Endurance Challenge - Endurance<\/title>\n<meta name=\"robots\" content=\"index, follow, max-snippet:-1, max-image-preview:large, max-video-preview:-1\" \/>\n<link rel=\"canonical\" href=\"https:\/\/endurance.nu\/en\/endurance-challenge\/\" \/>\n<meta property=\"og:locale\" content=\"en_US\" \/>\n<meta property=\"og:type\" content=\"article\" \/>\n<meta property=\"og:title\" content=\"Endurance Challenge - Endurance\" \/>\n<meta property=\"og:description\" content=\"Beet Yourself\" \/>\n<meta property=\"og:url\" content=\"https:\/\/endurance.nu\/en\/endurance-challenge\/\" \/>\n<meta property=\"og:site_name\" content=\"Endurance\" \/>\n<meta property=\"article:modified_time\" content=\"2019-10-07T16:08:56+00:00\" \/>\n<meta property=\"og:image\" content=\"https:\/\/endurance.nu\/wp-content\/uploads\/2019\/07\/ENDURANCE-STILL-2.jpg\" \/>\n\t<meta property=\"og:image:width\" content=\"1920\" \/>\n\t<meta property=\"og:image:height\" content=\"1080\" \/>\n\t<meta property=\"og:image:type\" content=\"image\/jpeg\" \/>\n<meta name=\"twitter:card\" content=\"summary_large_image\" \/>\n<meta name=\"twitter:label1\" content=\"Est. reading time\" \/>\n\t<meta name=\"twitter:data1\" content=\"1 minute\" \/>\n<script type=\"application\/ld+json\" class=\"yoast-schema-graph\">{\"@context\":\"https:\/\/schema.org\",\"@graph\":[{\"@type\":\"WebPage\",\"@id\":\"https:\/\/endurance.nu\/en\/endurance-challenge\/\",\"url\":\"https:\/\/endurance.nu\/en\/endurance-challenge\/\",\"name\":\"Endurance Challenge - Endurance\",\"isPartOf\":{\"@id\":\"https:\/\/endurance.nu\/en\/#website\"},\"primaryImageOfPage\":{\"@id\":\"https:\/\/endurance.nu\/en\/endurance-challenge\/#primaryimage\"},\"image\":{\"@id\":\"https:\/\/endurance.nu\/en\/endurance-challenge\/#primaryimage\"},\"thumbnailUrl\":\"https:\/\/endurance.nu\/wp-content\/uploads\/2019\/07\/ENDURANCE-STILL-2.jpg\",\"datePublished\":\"2019-06-03T12:10:25+00:00\",\"dateModified\":\"2019-10-07T16:08:56+00:00\",\"breadcrumb\":{\"@id\":\"https:\/\/endurance.nu\/en\/endurance-challenge\/#breadcrumb\"},\"inLanguage\":\"en-US\",\"potentialAction\":[{\"@type\":\"ReadAction\",\"target\":[\"https:\/\/endurance.nu\/en\/endurance-challenge\/\"]}]},{\"@type\":\"ImageObject\",\"inLanguage\":\"en-US\",\"@id\":\"https:\/\/endurance.nu\/en\/endurance-challenge\/#primaryimage\",\"url\":\"https:\/\/endurance.nu\/wp-content\/uploads\/2019\/07\/ENDURANCE-STILL-2.jpg\",\"contentUrl\":\"https:\/\/endurance.nu\/wp-content\/uploads\/2019\/07\/ENDURANCE-STILL-2.jpg\",\"width\":1920,\"height\":1080},{\"@type\":\"BreadcrumbList\",\"@id\":\"https:\/\/endurance.nu\/en\/endurance-challenge\/#breadcrumb\",\"itemListElement\":[{\"@type\":\"ListItem\",\"position\":1,\"name\":\"Home\",\"item\":\"https:\/\/endurance.nu\/en\/\"},{\"@type\":\"ListItem\",\"position\":2,\"name\":\"Endurance Challenge\"}]},{\"@type\":\"WebSite\",\"@id\":\"https:\/\/endurance.nu\/en\/#website\",\"url\":\"https:\/\/endurance.nu\/en\/\",\"name\":\"Endurance\",\"description\":\"V\u00e4rldens mest s\u00e5lda tr\u00e4ningstillskott!\",\"publisher\":{\"@id\":\"https:\/\/endurance.nu\/en\/#organization\"},\"potentialAction\":[{\"@type\":\"SearchAction\",\"target\":{\"@type\":\"EntryPoint\",\"urlTemplate\":\"https:\/\/endurance.nu\/en\/?s={search_term_string}\"},\"query-input\":{\"@type\":\"PropertyValueSpecification\",\"valueRequired\":true,\"valueName\":\"search_term_string\"}}],\"inLanguage\":\"en-US\"},{\"@type\":\"Organization\",\"@id\":\"https:\/\/endurance.nu\/en\/#organization\",\"name\":\"Endurance\",\"url\":\"https:\/\/endurance.nu\/en\/\",\"logo\":{\"@type\":\"ImageObject\",\"inLanguage\":\"en-US\",\"@id\":\"https:\/\/endurance.nu\/en\/#\/schema\/logo\/image\/\",\"url\":\"https:\/\/endurance.nu\/wp-content\/uploads\/2019\/07\/endurance-logo.png\",\"contentUrl\":\"https:\/\/endurance.nu\/wp-content\/uploads\/2019\/07\/endurance-logo.png\",\"width\":700,\"height\":150,\"caption\":\"Endurance\"},\"image\":{\"@id\":\"https:\/\/endurance.nu\/en\/#\/schema\/logo\/image\/\"}}]}<\/script>\n<!-- \/ Yoast SEO plugin. -->","yoast_head_json":{"title":"Endurance Challenge - Endurance","robots":{"index":"index","follow":"follow","max-snippet":"max-snippet:-1","max-image-preview":"max-image-preview:large","max-video-preview":"max-video-preview:-1"},"canonical":"https:\/\/endurance.nu\/en\/endurance-challenge\/","og_locale":"en_US","og_type":"article","og_title":"Endurance Challenge - Endurance","og_description":"Beet Yourself","og_url":"https:\/\/endurance.nu\/en\/endurance-challenge\/","og_site_name":"Endurance","article_modified_time":"2019-10-07T16:08:56+00:00","og_image":[{"width":1920,"height":1080,"url":"https:\/\/endurance.nu\/wp-content\/uploads\/2019\/07\/ENDURANCE-STILL-2.jpg","type":"image\/jpeg"}],"twitter_card":"summary_large_image","twitter_misc":{"Est. reading time":"1 minute"},"schema":{"@context":"https:\/\/schema.org","@graph":[{"@type":"WebPage","@id":"https:\/\/endurance.nu\/en\/endurance-challenge\/","url":"https:\/\/endurance.nu\/en\/endurance-challenge\/","name":"Endurance Challenge - Endurance","isPartOf":{"@id":"https:\/\/endurance.nu\/en\/#website"},"primaryImageOfPage":{"@id":"https:\/\/endurance.nu\/en\/endurance-challenge\/#primaryimage"},"image":{"@id":"https:\/\/endurance.nu\/en\/endurance-challenge\/#primaryimage"},"thumbnailUrl":"https:\/\/endurance.nu\/wp-content\/uploads\/2019\/07\/ENDURANCE-STILL-2.jpg","datePublished":"2019-06-03T12:10:25+00:00","dateModified":"2019-10-07T16:08:56+00:00","breadcrumb":{"@id":"https:\/\/endurance.nu\/en\/endurance-challenge\/#breadcrumb"},"inLanguage":"en-US","potentialAction":[{"@type":"ReadAction","target":["https:\/\/endurance.nu\/en\/endurance-challenge\/"]}]},{"@type":"ImageObject","inLanguage":"en-US","@id":"https:\/\/endurance.nu\/en\/endurance-challenge\/#primaryimage","url":"https:\/\/endurance.nu\/wp-content\/uploads\/2019\/07\/ENDURANCE-STILL-2.jpg","contentUrl":"https:\/\/endurance.nu\/wp-content\/uploads\/2019\/07\/ENDURANCE-STILL-2.jpg","width":1920,"height":1080},{"@type":"BreadcrumbList","@id":"https:\/\/endurance.nu\/en\/endurance-challenge\/#breadcrumb","itemListElement":[{"@type":"ListItem","position":1,"name":"Home","item":"https:\/\/endurance.nu\/en\/"},{"@type":"ListItem","position":2,"name":"Endurance Challenge"}]},{"@type":"WebSite","@id":"https:\/\/endurance.nu\/en\/#website","url":"https:\/\/endurance.nu\/en\/","name":"Endurance","description":"V\u00e4rldens mest s\u00e5lda tr\u00e4ningstillskott!","publisher":{"@id":"https:\/\/endurance.nu\/en\/#organization"},"potentialAction":[{"@type":"SearchAction","target":{"@type":"EntryPoint","urlTemplate":"https:\/\/endurance.nu\/en\/?s={search_term_string}"},"query-input":{"@type":"PropertyValueSpecification","valueRequired":true,"valueName":"search_term_string"}}],"inLanguage":"en-US"},{"@type":"Organization","@id":"https:\/\/endurance.nu\/en\/#organization","name":"Endurance","url":"https:\/\/endurance.nu\/en\/","logo":{"@type":"ImageObject","inLanguage":"en-US","@id":"https:\/\/endurance.nu\/en\/#\/schema\/logo\/image\/","url":"https:\/\/endurance.nu\/wp-content\/uploads\/2019\/07\/endurance-logo.png","contentUrl":"https:\/\/endurance.nu\/wp-content\/uploads\/2019\/07\/endurance-logo.png","width":700,"height":150,"caption":"Endurance"},"image":{"@id":"https:\/\/endurance.nu\/en\/#\/schema\/logo\/image\/"}}]}},"guten_post_layout_featured_media_urls":{"full":["https:\/\/endurance.nu\/wp-content\/uploads\/2019\/07\/ENDURANCE-STILL-2.jpg",1920,1080,false],"thumbnail":["https:\/\/endurance.nu\/wp-content\/uploads\/2019\/07\/ENDURANCE-STILL-2-150x150.jpg",150,150,true],"medium":["https:\/\/endurance.nu\/wp-content\/uploads\/2019\/07\/ENDURANCE-STILL-2-300x169.jpg",300,169,true],"medium_large":["https:\/\/endurance.nu\/wp-content\/uploads\/2019\/07\/ENDURANCE-STILL-2-768x432.jpg",600,338,true],"large":["https:\/\/endurance.nu\/wp-content\/uploads\/2019\/07\/ENDURANCE-STILL-2-1024x576.jpg",600,338,true],"1536x1536":["https:\/\/endurance.nu\/wp-content\/uploads\/2019\/07\/ENDURANCE-STILL-2.jpg",1536,864,false],"2048x2048":["https:\/\/endurance.nu\/wp-content\/uploads\/2019\/07\/ENDURANCE-STILL-2.jpg",1920,1080,false],"guten_post_layout_landscape_large":["https:\/\/endurance.nu\/wp-content\/uploads\/2019\/07\/ENDURANCE-STILL-2-1200x800.jpg",1200,800,true],"guten_post_layout_portrait_large":["https:\/\/endurance.nu\/wp-content\/uploads\/2019\/07\/ENDURANCE-STILL-2-1200x1080.jpg",1200,1080,true],"guten_post_layout_square_large":["https:\/\/endurance.nu\/wp-content\/uploads\/2019\/07\/ENDURANCE-STILL-2-1200x1080.jpg",1200,1080,true],"guten_post_layout_landscape":["https:\/\/endurance.nu\/wp-content\/uploads\/2019\/07\/ENDURANCE-STILL-2-600x400.jpg",600,400,true],"guten_post_layout_portrait":["https:\/\/endurance.nu\/wp-content\/uploads\/2019\/07\/ENDURANCE-STILL-2-600x900.jpg",600,900,true],"guten_post_layout_square":["https:\/\/endurance.nu\/wp-content\/uploads\/2019\/07\/ENDURANCE-STILL-2-600x600.jpg",600,600,true],"post-thumbnail":["https:\/\/endurance.nu\/wp-content\/uploads\/2019\/07\/ENDURANCE-STILL-2-870x489.jpg",870,489,true],"sullivan_fullscreen":["https:\/\/endurance.nu\/wp-content\/uploads\/2019\/07\/ENDURANCE-STILL-2-1860x1046.jpg",1860,1046,true],"woocommerce_thumbnail":["https:\/\/endurance.nu\/wp-content\/uploads\/2019\/07\/ENDURANCE-STILL-2-300x300.jpg",300,300,true],"woocommerce_single":["https:\/\/endurance.nu\/wp-content\/uploads\/2019\/07\/ENDURANCE-STILL-2-600x338.jpg",600,338,true],"woocommerce_gallery_thumbnail":["https:\/\/endurance.nu\/wp-content\/uploads\/2019\/07\/ENDURANCE-STILL-2-100x100.jpg",100,100,true],"ppec_logo_image_size":["https:\/\/endurance.nu\/wp-content\/uploads\/2019\/07\/ENDURANCE-STILL-2.jpg",107,60,false],"ppec_header_image_size":["https:\/\/endurance.nu\/wp-content\/uploads\/2019\/07\/ENDURANCE-STILL-2.jpg",160,90,false]},"_links":{"self":[{"href":"https:\/\/endurance.nu\/en\/wp-json\/wp\/v2\/pages\/8716","targetHints":{"allow":["GET"]}}],"collection":[{"href":"https:\/\/endurance.nu\/en\/wp-json\/wp\/v2\/pages"}],"about":[{"href":"https:\/\/endurance.nu\/en\/wp-json\/wp\/v2\/types\/page"}],"author":[{"embeddable":true,"href":"https:\/\/endurance.nu\/en\/wp-json\/wp\/v2\/users\/1"}],"replies":[{"embeddable":true,"href":"https:\/\/endurance.nu\/en\/wp-json\/wp\/v2\/comments?post=8716"}],"version-history":[{"count":13,"href":"https:\/\/endurance.nu\/en\/wp-json\/wp\/v2\/pages\/8716\/revisions"}],"predecessor-version":[{"id":8940,"href":"https:\/\/endurance.nu\/en\/wp-json\/wp\/v2\/pages\/8716\/revisions\/8940"}],"wp:featuredmedia":[{"embeddable":true,"href":"https:\/\/endurance.nu\/en\/wp-json\/wp\/v2\/media\/2414"}],"wp:attachment":[{"href":"https:\/\/endurance.nu\/en\/wp-json\/wp\/v2\/media?parent=8716"}],"wp:term":[{"taxonomy":"category","embeddable":true,"href":"https:\/\/endurance.nu\/en\/wp-json\/wp\/v2\/categories?post=8716"},{"taxonomy":"post_tag","embeddable":true,"href":"https:\/\/endurance.nu\/en\/wp-json\/wp\/v2\/tags?post=8716"},{"taxonomy":"dbm_type","embeddable":true,"href":"https:\/\/endurance.nu\/en\/wp-json\/wp\/v2\/dbm_type?post=8716"},{"taxonomy":"dbm_relation","embeddable":true,"href":"https:\/\/endurance.nu\/en\/wp-json\/wp\/v2\/dbm_relation?post=8716"}],"curies":[{"name":"wp","href":"https:\/\/api.w.org\/{rel}","templated":true}]}}