{"id":8717,"date":"2019-05-17T10:30:26","date_gmt":"2019-05-17T08:30:26","guid":{"rendered":"https:\/\/endurance.nu\/endurancerodbeta\/"},"modified":"2019-11-19T16:52:07","modified_gmt":"2019-11-19T15:52:07","slug":"endurancerodbeta","status":"publish","type":"page","link":"https:\/\/endurance.nu\/en\/","title":{"rendered":"ENDURANCE"},"content":{"rendered":"\n<h2 class=\"wp-block-heading\"><strong><span class=\"flexovital-product-name\"><span class=\"flexovital\">ENDURANCE<\/span><span class=\"product-name\">+BEETROOT<\/span><\/span><\/strong>         No:1 sportnutrition for more than 20 years!<\/h2>\n\n\n\n<p>Sport supplements containing the aminoacids L-Arginine and L-Citrulline are always in the top of bestselling pre workout supplements around the world. They are often reffered to as N.O. or Nitric Oxide supplements because the very meaning with them is to push bloodflow by increasing the N.O. level in the bloodstream. Beetroot juice has become very popular among athltetes but <strong>only a few knows that Beetroot increases the N.O. level<\/strong> and therefore we have added Beetroot Extract. <\/p>\n\n\n\n<p><strong><span class=\"flexovital-product-name\"><span class=\"flexovital\">ENDURANCE<\/span><span class=\"product-name\">+BEETROOT<\/span><\/span><\/strong> <strong>has taken N.O. supplements to a whole new level<\/strong> <strong>since we combine all important ingredients in one single product. We hope we made you curious enough to be able to entice you with a 50% try-on discount.<\/strong> <\/p>\n\n\n\n<figure class=\"wp-block-image\"><img loading=\"lazy\" decoding=\"async\" width=\"1024\" height=\"576\" src=\"http:\/\/endurance.nu\/wp-content\/uploads\/2019\/07\/ENDURANCE-STILL-11-YT-1024x576.png\" alt=\"\" class=\"wp-image-195\" srcset=\"https:\/\/endurance.nu\/wp-content\/uploads\/2019\/07\/ENDURANCE-STILL-11-YT-1024x576.png 1024w, https:\/\/endurance.nu\/wp-content\/uploads\/2019\/07\/ENDURANCE-STILL-11-YT-300x169.png 300w, https:\/\/endurance.nu\/wp-content\/uploads\/2019\/07\/ENDURANCE-STILL-11-YT-768x432.png 768w, https:\/\/endurance.nu\/wp-content\/uploads\/2019\/07\/ENDURANCE-STILL-11-YT-870x489.png 870w, https:\/\/endurance.nu\/wp-content\/uploads\/2019\/07\/ENDURANCE-STILL-11-YT-1860x1046.png 1860w, https:\/\/endurance.nu\/wp-content\/uploads\/2019\/07\/ENDURANCE-STILL-11-YT-600x338.png 600w\" sizes=\"auto, (max-width: 1024px) 100vw, 1024px\" \/><\/figure>\n\n\n\n<p>&#8220;If you think Beetroot juice work good for you, then you need to experience the effect you get with the combination of Beetroot Extract, L-Arginine, L-Citrulline and Rhodiola rose extract&#8221;<strong><br><\/strong><\/p>\n\n\n\n<p>Beetroot has, thanks to Swedish research, become incredibly popular around the world. But it is the Nitric Oxide molecule formed from the Nitrate in the beetroot that is the actual star. According to the studies done on Beetroot Juice, it has a significant effect on performance and recovery and especially on amateurs who have got improvements on their performance with up to 20%.<strong> If you think it would be exciting to try <span class=\"flexovital-product-name\"><span class=\"flexovital\">ENDURANCE<\/span><span class=\"product-name\">+BEETROOT<\/span><\/span>, use the link below to order your first product with a 50% discount.<\/strong><\/p>\n\n\n\n<div data-expanded-content=\"1\" data-wprr-component=\"bookButton\" data-wprr-component-data=\"{&quot;product&quot;:&quot;71&quot;,&quot;text&quot;:&quot;Order now and get 50% discount!&quot;,&quot;discountCode&quot;:&quot;prova-p\u00e5 rabatt&quot;}\" class=\"wp-block-bioconcept-book-button\"><\/div>\n\n\n\n<p><\/p>\n\n\n\n<figure class=\"wp-block-image\"><img loading=\"lazy\" decoding=\"async\" width=\"810\" height=\"454\" src=\"https:\/\/endurance.nu\/wp-content\/uploads\/2019\/05\/Endurance-man-2-compressor.jpg\" alt=\"\" class=\"wp-image-104\" srcset=\"https:\/\/endurance.nu\/wp-content\/uploads\/2019\/05\/Endurance-man-2-compressor.jpg 810w, https:\/\/endurance.nu\/wp-content\/uploads\/2019\/05\/Endurance-man-2-compressor-300x168.jpg 300w, https:\/\/endurance.nu\/wp-content\/uploads\/2019\/05\/Endurance-man-2-compressor-768x430.jpg 768w, https:\/\/endurance.nu\/wp-content\/uploads\/2019\/05\/Endurance-man-2-compressor-600x336.jpg 600w\" sizes=\"auto, (max-width: 810px) 100vw, 810px\" \/><\/figure>\n\n\n\n<h2 class=\"wp-block-heading\">We want you to feel that your body is with you and not the other way around.<\/h2>\n\n\n\n<p><strong>Did you know that&#8230;<\/strong><\/p>\n\n\n\n<ul class=\"wp-block-list\"><li>The blood stream is your body&#8217;s transport system for getting oxygen and nutrition to all cells and at the same time transporting lactic acid, carbon dioxide and waste products from the body.<\/li><li>Joint and muscle pain often is due to inflammation. A well functioning blood circulation helps the inflammation to heal.<\/li><li>Stiff muscles are often the result of poor blood circulation. Massage is one of many ways to get the blood flow going to increase mobility and reduce pain<\/li><li>If the transport system works well then it is good for everything<\/li><\/ul>\n\n\n\n<h2 class=\"wp-block-heading\">Your transport system must work optimally to perform optimally!<\/h2>\n\n\n\n<figure class=\"wp-block-image\"><img loading=\"lazy\" decoding=\"async\" width=\"1024\" height=\"576\" src=\"http:\/\/endurance.nu\/wp-content\/uploads\/2019\/07\/ENDURANCE-STILL-4-1024x576.png\" alt=\"\" class=\"wp-image-198\" srcset=\"https:\/\/endurance.nu\/wp-content\/uploads\/2019\/07\/ENDURANCE-STILL-4-1024x576.png 1024w, https:\/\/endurance.nu\/wp-content\/uploads\/2019\/07\/ENDURANCE-STILL-4-300x169.png 300w, https:\/\/endurance.nu\/wp-content\/uploads\/2019\/07\/ENDURANCE-STILL-4-768x432.png 768w, https:\/\/endurance.nu\/wp-content\/uploads\/2019\/07\/ENDURANCE-STILL-4-870x489.png 870w, https:\/\/endurance.nu\/wp-content\/uploads\/2019\/07\/ENDURANCE-STILL-4-1860x1046.png 1860w, https:\/\/endurance.nu\/wp-content\/uploads\/2019\/07\/ENDURANCE-STILL-4-600x338.png 600w, https:\/\/endurance.nu\/wp-content\/uploads\/2019\/07\/ENDURANCE-STILL-4.png 1920w\" sizes=\"auto, (max-width: 1024px) 100vw, 1024px\" \/><\/figure>\n\n\n\n<h2 class=\"wp-block-heading\"><strong>What is your focus?<\/strong><\/h2>\n\n\n\n<p>Athletes at all levels are constantly chasing improvement. Whether you want to cut a few seconds on the kilometer, to endure a little longer on the bike or to win a crucial point on the tennis court. We are fighting against ourselves, against the pain of lactic acid and lack of energy. Give <span class=\"flexovital-product-name\"><span class=\"flexovital\">ENDURANCE<\/span><span class=\"product-name\">+BEETROOT<\/span><\/span>, a chance for a 1-2 months, you will never regret it!<\/p>\n\n\n\n<figure class=\"wp-block-image\"><img loading=\"lazy\" decoding=\"async\" width=\"1024\" height=\"638\" src=\"https:\/\/endurance.nu\/wp-content\/uploads\/2019\/10\/Endurance_Eng_Fram_beskurenretu-1024x638.jpg\" alt=\"\" class=\"wp-image-8920\" srcset=\"https:\/\/endurance.nu\/wp-content\/uploads\/2019\/10\/Endurance_Eng_Fram_beskurenretu-1024x638.jpg 1024w, https:\/\/endurance.nu\/wp-content\/uploads\/2019\/10\/Endurance_Eng_Fram_beskurenretu-300x187.jpg 300w, https:\/\/endurance.nu\/wp-content\/uploads\/2019\/10\/Endurance_Eng_Fram_beskurenretu-768x478.jpg 768w, https:\/\/endurance.nu\/wp-content\/uploads\/2019\/10\/Endurance_Eng_Fram_beskurenretu-870x542.jpg 870w, https:\/\/endurance.nu\/wp-content\/uploads\/2019\/10\/Endurance_Eng_Fram_beskurenretu-1860x1159.jpg 1860w, https:\/\/endurance.nu\/wp-content\/uploads\/2019\/10\/Endurance_Eng_Fram_beskurenretu-600x374.jpg 600w, https:\/\/endurance.nu\/wp-content\/uploads\/2019\/10\/Endurance_Eng_Fram_beskurenretu.jpg 1936w\" sizes=\"auto, (max-width: 1024px) 100vw, 1024px\" \/><\/figure>\n\n\n\n<div data-expanded-content=\"1\" data-wprr-component=\"bookButton\" data-wprr-component-data=\"{&quot;product&quot;:&quot;71&quot;,&quot;text&quot;:&quot;Start your journey here!&quot;,&quot;discountCode&quot;:&quot;prova-p\u00e5 rabatt&quot;}\" class=\"wp-block-bioconcept-book-button\"><\/div>\n","protected":false},"excerpt":{"rendered":"<p>No:1 sportnutrition for more than 20 years! Sport supplements containing the aminoacids L-Arginine and L-Citrulline are always in the top of bestselling pre workout supplements around the world. They are often reffered to as N.O. or Nitric Oxide supplements because the very meaning with them is to push bloodflow by increasing the N.O. level in [&hellip;]<\/p>\n","protected":false},"author":1,"featured_media":11690,"parent":0,"menu_order":0,"comment_status":"closed","ping_status":"closed","template":"template-cover.php","meta":{"_acf_changed":false,"footnotes":""},"categories":[],"tags":[],"dbm_type":[],"dbm_relation":[],"class_list":["post-8717","page","type-page","status-publish","has-post-thumbnail","hentry"],"acf":[],"yoast_head":"<!-- This site is optimized with the Yoast SEO plugin v26.2 - https:\/\/yoast.com\/wordpress\/plugins\/seo\/ -->\n<title>ENDURANCE - Endurance<\/title>\n<meta name=\"robots\" content=\"index, follow, max-snippet:-1, max-image-preview:large, max-video-preview:-1\" \/>\n<link rel=\"canonical\" href=\"https:\/\/endurance.nu\/en\/\" \/>\n<meta property=\"og:locale\" content=\"en_US\" \/>\n<meta property=\"og:type\" content=\"article\" \/>\n<meta property=\"og:title\" content=\"ENDURANCE - Endurance\" \/>\n<meta property=\"og:description\" content=\"No:1 sportnutrition for more than 20 years! Sport supplements containing the aminoacids L-Arginine and L-Citrulline are always in the top of bestselling pre workout supplements around the world. They are often reffered to as N.O. or Nitric Oxide supplements because the very meaning with them is to push bloodflow by increasing the N.O. level in [&hellip;]\" \/>\n<meta property=\"og:url\" content=\"https:\/\/endurance.nu\/en\/\" \/>\n<meta property=\"og:site_name\" content=\"Endurance\" \/>\n<meta property=\"article:modified_time\" content=\"2019-11-19T15:52:07+00:00\" \/>\n<meta property=\"og:image\" content=\"https:\/\/endurance.nu\/wp-content\/uploads\/2019\/11\/Springerp\u00e5fj\u00e4llet-1024x576.jpg\" \/>\n\t<meta property=\"og:image:width\" content=\"1024\" \/>\n\t<meta property=\"og:image:height\" content=\"576\" \/>\n\t<meta property=\"og:image:type\" content=\"image\/jpeg\" \/>\n<meta name=\"twitter:card\" content=\"summary_large_image\" \/>\n<meta name=\"twitter:label1\" content=\"Est. reading time\" \/>\n\t<meta name=\"twitter:data1\" content=\"2 minutes\" \/>\n<script type=\"application\/ld+json\" class=\"yoast-schema-graph\">{\"@context\":\"https:\/\/schema.org\",\"@graph\":[{\"@type\":\"WebPage\",\"@id\":\"https:\/\/endurance.nu\/en\/\",\"url\":\"https:\/\/endurance.nu\/en\/\",\"name\":\"ENDURANCE - Endurance\",\"isPartOf\":{\"@id\":\"https:\/\/endurance.nu\/en\/#website\"},\"primaryImageOfPage\":{\"@id\":\"https:\/\/endurance.nu\/en\/#primaryimage\"},\"image\":{\"@id\":\"https:\/\/endurance.nu\/en\/#primaryimage\"},\"thumbnailUrl\":\"https:\/\/endurance.nu\/wp-content\/uploads\/2019\/11\/Springerp\u00e5fj\u00e4llet.jpg\",\"datePublished\":\"2019-05-17T08:30:26+00:00\",\"dateModified\":\"2019-11-19T15:52:07+00:00\",\"breadcrumb\":{\"@id\":\"https:\/\/endurance.nu\/en\/#breadcrumb\"},\"inLanguage\":\"en-US\",\"potentialAction\":[{\"@type\":\"ReadAction\",\"target\":[\"https:\/\/endurance.nu\/en\/\"]}]},{\"@type\":\"ImageObject\",\"inLanguage\":\"en-US\",\"@id\":\"https:\/\/endurance.nu\/en\/#primaryimage\",\"url\":\"https:\/\/endurance.nu\/wp-content\/uploads\/2019\/11\/Springerp\u00e5fj\u00e4llet.jpg\",\"contentUrl\":\"https:\/\/endurance.nu\/wp-content\/uploads\/2019\/11\/Springerp\u00e5fj\u00e4llet.jpg\",\"width\":6000,\"height\":3375},{\"@type\":\"BreadcrumbList\",\"@id\":\"https:\/\/endurance.nu\/en\/#breadcrumb\",\"itemListElement\":[{\"@type\":\"ListItem\",\"position\":1,\"name\":\"Home\",\"item\":\"https:\/\/endurance.nu\/en\/\"},{\"@type\":\"ListItem\",\"position\":2,\"name\":\"ENDURANCE\"}]},{\"@type\":\"WebSite\",\"@id\":\"https:\/\/endurance.nu\/en\/#website\",\"url\":\"https:\/\/endurance.nu\/en\/\",\"name\":\"Endurance\",\"description\":\"V\u00e4rldens mest s\u00e5lda tr\u00e4ningstillskott!\",\"publisher\":{\"@id\":\"https:\/\/endurance.nu\/en\/#organization\"},\"potentialAction\":[{\"@type\":\"SearchAction\",\"target\":{\"@type\":\"EntryPoint\",\"urlTemplate\":\"https:\/\/endurance.nu\/en\/?s={search_term_string}\"},\"query-input\":{\"@type\":\"PropertyValueSpecification\",\"valueRequired\":true,\"valueName\":\"search_term_string\"}}],\"inLanguage\":\"en-US\"},{\"@type\":\"Organization\",\"@id\":\"https:\/\/endurance.nu\/en\/#organization\",\"name\":\"Endurance\",\"url\":\"https:\/\/endurance.nu\/en\/\",\"logo\":{\"@type\":\"ImageObject\",\"inLanguage\":\"en-US\",\"@id\":\"https:\/\/endurance.nu\/en\/#\/schema\/logo\/image\/\",\"url\":\"https:\/\/endurance.nu\/wp-content\/uploads\/2019\/07\/endurance-logo.png\",\"contentUrl\":\"https:\/\/endurance.nu\/wp-content\/uploads\/2019\/07\/endurance-logo.png\",\"width\":700,\"height\":150,\"caption\":\"Endurance\"},\"image\":{\"@id\":\"https:\/\/endurance.nu\/en\/#\/schema\/logo\/image\/\"}}]}<\/script>\n<!-- \/ Yoast SEO plugin. -->","yoast_head_json":{"title":"ENDURANCE - Endurance","robots":{"index":"index","follow":"follow","max-snippet":"max-snippet:-1","max-image-preview":"max-image-preview:large","max-video-preview":"max-video-preview:-1"},"canonical":"https:\/\/endurance.nu\/en\/","og_locale":"en_US","og_type":"article","og_title":"ENDURANCE - Endurance","og_description":"No:1 sportnutrition for more than 20 years! Sport supplements containing the aminoacids L-Arginine and L-Citrulline are always in the top of bestselling pre workout supplements around the world. They are often reffered to as N.O. or Nitric Oxide supplements because the very meaning with them is to push bloodflow by increasing the N.O. level in [&hellip;]","og_url":"https:\/\/endurance.nu\/en\/","og_site_name":"Endurance","article_modified_time":"2019-11-19T15:52:07+00:00","og_image":[{"width":1024,"height":576,"url":"https:\/\/endurance.nu\/wp-content\/uploads\/2019\/11\/Springerp\u00e5fj\u00e4llet-1024x576.jpg","type":"image\/jpeg"}],"twitter_card":"summary_large_image","twitter_misc":{"Est. reading time":"2 minutes"},"schema":{"@context":"https:\/\/schema.org","@graph":[{"@type":"WebPage","@id":"https:\/\/endurance.nu\/en\/","url":"https:\/\/endurance.nu\/en\/","name":"ENDURANCE - Endurance","isPartOf":{"@id":"https:\/\/endurance.nu\/en\/#website"},"primaryImageOfPage":{"@id":"https:\/\/endurance.nu\/en\/#primaryimage"},"image":{"@id":"https:\/\/endurance.nu\/en\/#primaryimage"},"thumbnailUrl":"https:\/\/endurance.nu\/wp-content\/uploads\/2019\/11\/Springerp\u00e5fj\u00e4llet.jpg","datePublished":"2019-05-17T08:30:26+00:00","dateModified":"2019-11-19T15:52:07+00:00","breadcrumb":{"@id":"https:\/\/endurance.nu\/en\/#breadcrumb"},"inLanguage":"en-US","potentialAction":[{"@type":"ReadAction","target":["https:\/\/endurance.nu\/en\/"]}]},{"@type":"ImageObject","inLanguage":"en-US","@id":"https:\/\/endurance.nu\/en\/#primaryimage","url":"https:\/\/endurance.nu\/wp-content\/uploads\/2019\/11\/Springerp\u00e5fj\u00e4llet.jpg","contentUrl":"https:\/\/endurance.nu\/wp-content\/uploads\/2019\/11\/Springerp\u00e5fj\u00e4llet.jpg","width":6000,"height":3375},{"@type":"BreadcrumbList","@id":"https:\/\/endurance.nu\/en\/#breadcrumb","itemListElement":[{"@type":"ListItem","position":1,"name":"Home","item":"https:\/\/endurance.nu\/en\/"},{"@type":"ListItem","position":2,"name":"ENDURANCE"}]},{"@type":"WebSite","@id":"https:\/\/endurance.nu\/en\/#website","url":"https:\/\/endurance.nu\/en\/","name":"Endurance","description":"V\u00e4rldens mest s\u00e5lda tr\u00e4ningstillskott!","publisher":{"@id":"https:\/\/endurance.nu\/en\/#organization"},"potentialAction":[{"@type":"SearchAction","target":{"@type":"EntryPoint","urlTemplate":"https:\/\/endurance.nu\/en\/?s={search_term_string}"},"query-input":{"@type":"PropertyValueSpecification","valueRequired":true,"valueName":"search_term_string"}}],"inLanguage":"en-US"},{"@type":"Organization","@id":"https:\/\/endurance.nu\/en\/#organization","name":"Endurance","url":"https:\/\/endurance.nu\/en\/","logo":{"@type":"ImageObject","inLanguage":"en-US","@id":"https:\/\/endurance.nu\/en\/#\/schema\/logo\/image\/","url":"https:\/\/endurance.nu\/wp-content\/uploads\/2019\/07\/endurance-logo.png","contentUrl":"https:\/\/endurance.nu\/wp-content\/uploads\/2019\/07\/endurance-logo.png","width":700,"height":150,"caption":"Endurance"},"image":{"@id":"https:\/\/endurance.nu\/en\/#\/schema\/logo\/image\/"}}]}},"guten_post_layout_featured_media_urls":{"full":["https:\/\/endurance.nu\/wp-content\/uploads\/2019\/11\/Springerp\u00e5fj\u00e4llet.jpg",6000,3375,false],"thumbnail":["https:\/\/endurance.nu\/wp-content\/uploads\/2019\/11\/Springerp\u00e5fj\u00e4llet-150x150.jpg",150,150,true],"medium":["https:\/\/endurance.nu\/wp-content\/uploads\/2019\/11\/Springerp\u00e5fj\u00e4llet-300x169.jpg",300,169,true],"medium_large":["https:\/\/endurance.nu\/wp-content\/uploads\/2019\/11\/Springerp\u00e5fj\u00e4llet-768x432.jpg",600,338,true],"large":["https:\/\/endurance.nu\/wp-content\/uploads\/2019\/11\/Springerp\u00e5fj\u00e4llet-1024x576.jpg",600,338,true],"1536x1536":["https:\/\/endurance.nu\/wp-content\/uploads\/2019\/11\/Springerp\u00e5fj\u00e4llet.jpg",1536,864,false],"2048x2048":["https:\/\/endurance.nu\/wp-content\/uploads\/2019\/11\/Springerp\u00e5fj\u00e4llet.jpg",2048,1152,false],"guten_post_layout_landscape_large":["https:\/\/endurance.nu\/wp-content\/uploads\/2019\/11\/Springerp\u00e5fj\u00e4llet-1200x800.jpg",1200,800,true],"guten_post_layout_portrait_large":["https:\/\/endurance.nu\/wp-content\/uploads\/2019\/11\/Springerp\u00e5fj\u00e4llet-1200x1800.jpg",1200,1800,true],"guten_post_layout_square_large":["https:\/\/endurance.nu\/wp-content\/uploads\/2019\/11\/Springerp\u00e5fj\u00e4llet-1200x1200.jpg",1200,1200,true],"guten_post_layout_landscape":["https:\/\/endurance.nu\/wp-content\/uploads\/2019\/11\/Springerp\u00e5fj\u00e4llet-600x400.jpg",600,400,true],"guten_post_layout_portrait":["https:\/\/endurance.nu\/wp-content\/uploads\/2019\/11\/Springerp\u00e5fj\u00e4llet-600x900.jpg",600,900,true],"guten_post_layout_square":["https:\/\/endurance.nu\/wp-content\/uploads\/2019\/11\/Springerp\u00e5fj\u00e4llet-600x600.jpg",600,600,true],"post-thumbnail":["https:\/\/endurance.nu\/wp-content\/uploads\/2019\/11\/Springerp\u00e5fj\u00e4llet-870x489.jpg",870,489,true],"sullivan_fullscreen":["https:\/\/endurance.nu\/wp-content\/uploads\/2019\/11\/Springerp\u00e5fj\u00e4llet-1860x1046.jpg",1860,1046,true],"woocommerce_thumbnail":["https:\/\/endurance.nu\/wp-content\/uploads\/2019\/11\/Springerp\u00e5fj\u00e4llet-300x300.jpg",300,300,true],"woocommerce_single":["https:\/\/endurance.nu\/wp-content\/uploads\/2019\/11\/Springerp\u00e5fj\u00e4llet-600x338.jpg",600,338,true],"woocommerce_gallery_thumbnail":["https:\/\/endurance.nu\/wp-content\/uploads\/2019\/11\/Springerp\u00e5fj\u00e4llet-100x100.jpg",100,100,true],"ppec_logo_image_size":["https:\/\/endurance.nu\/wp-content\/uploads\/2019\/11\/Springerp\u00e5fj\u00e4llet.jpg",107,60,false],"ppec_header_image_size":["https:\/\/endurance.nu\/wp-content\/uploads\/2019\/11\/Springerp\u00e5fj\u00e4llet.jpg",160,90,false]},"_links":{"self":[{"href":"https:\/\/endurance.nu\/en\/wp-json\/wp\/v2\/pages\/8717","targetHints":{"allow":["GET"]}}],"collection":[{"href":"https:\/\/endurance.nu\/en\/wp-json\/wp\/v2\/pages"}],"about":[{"href":"https:\/\/endurance.nu\/en\/wp-json\/wp\/v2\/types\/page"}],"author":[{"embeddable":true,"href":"https:\/\/endurance.nu\/en\/wp-json\/wp\/v2\/users\/1"}],"replies":[{"embeddable":true,"href":"https:\/\/endurance.nu\/en\/wp-json\/wp\/v2\/comments?post=8717"}],"version-history":[{"count":35,"href":"https:\/\/endurance.nu\/en\/wp-json\/wp\/v2\/pages\/8717\/revisions"}],"predecessor-version":[{"id":11382,"href":"https:\/\/endurance.nu\/en\/wp-json\/wp\/v2\/pages\/8717\/revisions\/11382"}],"wp:featuredmedia":[{"embeddable":true,"href":"https:\/\/endurance.nu\/en\/wp-json\/wp\/v2\/media\/11690"}],"wp:attachment":[{"href":"https:\/\/endurance.nu\/en\/wp-json\/wp\/v2\/media?parent=8717"}],"wp:term":[{"taxonomy":"category","embeddable":true,"href":"https:\/\/endurance.nu\/en\/wp-json\/wp\/v2\/categories?post=8717"},{"taxonomy":"post_tag","embeddable":true,"href":"https:\/\/endurance.nu\/en\/wp-json\/wp\/v2\/tags?post=8717"},{"taxonomy":"dbm_type","embeddable":true,"href":"https:\/\/endurance.nu\/en\/wp-json\/wp\/v2\/dbm_type?post=8717"},{"taxonomy":"dbm_relation","embeddable":true,"href":"https:\/\/endurance.nu\/en\/wp-json\/wp\/v2\/dbm_relation?post=8717"}],"curies":[{"name":"wp","href":"https:\/\/api.w.org\/{rel}","templated":true}]}}