{"id":8783,"date":"2019-05-17T10:30:26","date_gmt":"2019-05-17T08:30:26","guid":{"rendered":"https:\/\/endurance.nu\/endurancerodbeta\/"},"modified":"2019-10-03T09:47:42","modified_gmt":"2019-10-03T07:47:42","slug":"endurancerodbeta","status":"publish","type":"page","link":"https:\/\/endurance.nu\/no\/","title":{"rendered":"ENDURANCE"},"content":{"rendered":"\n<h4 class=\"wp-block-heading\"><strong><span class=\"flexovital-product-name\"><span class=\"flexovital\">ENDURANCE<\/span><span class=\"product-name\">+R\u00d6DBETA<\/span><\/span><\/strong><\/h4>\n\n\n\n<h4 class=\"wp-block-heading\">Idrottares favorittillskott under 20 \u00e5r!<\/h4>\n\n\n\n<p>Kosttillskott inneh\u00e5llande aminosyrorna L-Arginine och L-Citrulline \u00e4r de mest popul\u00e4ra kosttillskotten i v\u00e4rlden. De kallas ofta f\u00f6r N.O. eller Kv\u00e4veoxidtillskott f\u00f6r att meningen med dem \u00e4r att s\u00e4ttA skjuts p\u00e5 blodcirkulationen genom att \u00f6ka Kv\u00e4veoxidniv\u00e5n i blodet. R\u00f6dbetsjuice \u00e4r det senaste Kv\u00e4veoxidtillskotten och d\u00e4rf\u00f6r har vi lagt till R\u00f6dbetsextrakt i ENDURANCE. <span class=\"flexovital-product-name\"><span class=\"flexovital\">ENDURANCE<\/span><span class=\"product-name\">+R\u00d6DBETA<\/span><\/span> <strong>har tagit N.O. tillskotten till en helt ny niv\u00e5. Tr\u00e4nar du regelbundet s\u00e5 vill du uppleva k\u00e4nslan av dig i superform!<\/strong><\/p>\n\n\n\n<figure class=\"wp-block-image\"><img loading=\"lazy\" decoding=\"async\" width=\"1024\" height=\"576\" src=\"http:\/\/endurance.nu\/wp-content\/uploads\/2019\/07\/ENDURANCE-STILL-11-YT-1024x576.png\" alt=\"\" class=\"wp-image-195\" srcset=\"https:\/\/endurance.nu\/wp-content\/uploads\/2019\/07\/ENDURANCE-STILL-11-YT-1024x576.png 1024w, https:\/\/endurance.nu\/wp-content\/uploads\/2019\/07\/ENDURANCE-STILL-11-YT-300x169.png 300w, https:\/\/endurance.nu\/wp-content\/uploads\/2019\/07\/ENDURANCE-STILL-11-YT-768x432.png 768w, https:\/\/endurance.nu\/wp-content\/uploads\/2019\/07\/ENDURANCE-STILL-11-YT-870x489.png 870w, https:\/\/endurance.nu\/wp-content\/uploads\/2019\/07\/ENDURANCE-STILL-11-YT-1860x1046.png 1860w, https:\/\/endurance.nu\/wp-content\/uploads\/2019\/07\/ENDURANCE-STILL-11-YT-600x338.png 600w\" sizes=\"auto, (max-width: 1024px) 100vw, 1024px\" \/><\/figure>\n\n\n\n<p><strong>&laquo;Om du gillar R\u00f6dbetsjuice s\u00e5 m\u00e5ste du testa effekten du f\u00e5r med R\u00f6dbetsextrakt, L-Arginine, L-Citrulline och Rosenrotexktrakt tillsammans&raquo;<br><\/strong><\/p>\n\n\n\n<p>R\u00f6dbetan har tack vare svensk forskning blivit hela v\u00e4rldens \u00e4lskling.<strong> Det \u00e4r Kv\u00e4veoxidmolekylen som bildas fr\u00e5n Nitratet i r\u00f6dbetan som \u00e4r den egentliga stj\u00e4rnan<\/strong>. Enligt studierna som gjorts p\u00e5 R\u00f6dbetsjuice s\u00e5 har den en p\u00e5taglig effekt p\u00e5 prestations och \u00e5terh\u00e4mtning och i synnerhet hos amat\u00f6rer som f\u00e5tt prestationsf\u00f6rb\u00e4ttringar p\u00e5 upp\u00e5t 20%. K\u00e4nner du att det skulle vara sp\u00e4nnande att prova <span class=\"flexovital-product-name\"><span class=\"flexovital\">ENDURANCE<\/span><span class=\"product-name\">+R\u00d6DBETA<\/span><\/span>? <strong>Best\u00e4ll nedan s\u00e5 f\u00e5r du 50% i prova-p\u00e5 rabatt!<\/strong>  <\/p>\n\n\n\n<div data-expanded-content=\"1\" data-wprr-component=\"bookButton\" data-wprr-component-data=\"{&quot;product&quot;:&quot;71&quot;,&quot;text&quot;:&quot;Best\u00e4ll nu och f\u00e5 50% rabatt!&quot;,&quot;discountCode&quot;:&quot;prova-p\u00e5 rabatt&quot;}\" class=\"wp-block-bioconcept-book-button\"><\/div>\n\n\n\n<p><\/p>\n\n\n\n<figure class=\"wp-block-image\"><img loading=\"lazy\" decoding=\"async\" width=\"810\" height=\"454\" src=\"https:\/\/endurance.nu\/wp-content\/uploads\/2019\/05\/Endurance-man-2-compressor.jpg\" alt=\"\" class=\"wp-image-104\" srcset=\"https:\/\/endurance.nu\/wp-content\/uploads\/2019\/05\/Endurance-man-2-compressor.jpg 810w, https:\/\/endurance.nu\/wp-content\/uploads\/2019\/05\/Endurance-man-2-compressor-300x168.jpg 300w, https:\/\/endurance.nu\/wp-content\/uploads\/2019\/05\/Endurance-man-2-compressor-768x430.jpg 768w, https:\/\/endurance.nu\/wp-content\/uploads\/2019\/05\/Endurance-man-2-compressor-600x336.jpg 600w\" sizes=\"auto, (max-width: 810px) 100vw, 810px\" \/><\/figure>\n\n\n\n<h2 class=\"wp-block-heading\">Vi vill att du ska k\u00e4nna att kroppen \u00e4r med dig och inte tv\u00e4rtom<\/h2>\n\n\n\n<p><strong>Visste du att&#8230;<\/strong><\/p>\n\n\n\n<ul class=\"wp-block-list\"><li>Blodomloppet \u00e4r kroppens transportsystem f\u00f6r att f\u00e5 ut syre och n\u00e4ring till alla celler och samtidigt transportera bort mj\u00f6lksyra, koldioxid och slaggprodukter ur kroppen.<\/li><li>V\u00e4rk i lederna och muskler beror ofta p\u00e5 en inflammation. Bra blodcirkulation bidrar till att inflammationen kan l\u00e4ka ut.<\/li><li>Stela muskler \u00e4r ofta ett resultat av d\u00e5lig blodcirkulation och d\u00e4rf\u00f6r \u00e4r t ex massage bra. Det \u00e4r ett av m\u00e5nga s\u00e4tt att f\u00e5 ig\u00e5ng blodcirkulationen f\u00f6r \u00f6ka r\u00f6rligheten och minska v\u00e4rken<\/li><li>Om transportsystemet fungerar bra s\u00e5 \u00e4r det bra f\u00f6r allt<\/li><\/ul>\n\n\n\n<h2 class=\"wp-block-heading\">Transportsystemet m\u00e5ste fungera optimalt!<\/h2>\n\n\n\n<figure class=\"wp-block-image\"><img loading=\"lazy\" decoding=\"async\" width=\"1024\" height=\"576\" src=\"http:\/\/endurance.nu\/wp-content\/uploads\/2019\/07\/ENDURANCE-STILL-4-1024x576.png\" alt=\"\" class=\"wp-image-198\" srcset=\"https:\/\/endurance.nu\/wp-content\/uploads\/2019\/07\/ENDURANCE-STILL-4-1024x576.png 1024w, https:\/\/endurance.nu\/wp-content\/uploads\/2019\/07\/ENDURANCE-STILL-4-300x169.png 300w, https:\/\/endurance.nu\/wp-content\/uploads\/2019\/07\/ENDURANCE-STILL-4-768x432.png 768w, https:\/\/endurance.nu\/wp-content\/uploads\/2019\/07\/ENDURANCE-STILL-4-870x489.png 870w, https:\/\/endurance.nu\/wp-content\/uploads\/2019\/07\/ENDURANCE-STILL-4-1860x1046.png 1860w, https:\/\/endurance.nu\/wp-content\/uploads\/2019\/07\/ENDURANCE-STILL-4-600x338.png 600w, https:\/\/endurance.nu\/wp-content\/uploads\/2019\/07\/ENDURANCE-STILL-4.png 1920w\" sizes=\"auto, (max-width: 1024px) 100vw, 1024px\" \/><\/figure>\n\n\n\n<h2 class=\"wp-block-heading\"><strong>Vad jagar du?<\/strong><\/h2>\n\n\n\n<p>Idrottare p\u00e5 alla niv\u00e5er jagar st\u00e4ndig f\u00f6rb\u00e4ttring. Oavsett om det g\u00e4ller att kapa n\u00e5gra sekunder p\u00e5 kilometern, orka n\u00e5gra meter till p\u00e5 cykeln eller vinna en avg\u00f6rande po\u00e4ng p\u00e5 tennisbanan. Vi k\u00e4mpar&nbsp;mot oss sj\u00e4lva, mot sm\u00e4rtan av mj\u00f6lksyran och bristen p\u00e5 energi. Prova <span class=\"flexovital-product-name\"><span class=\"flexovital\">ENDURANCE<\/span><span class=\"product-name\">+R\u00d6DBETA<\/span><\/span>, effekten k\u00e4nner du direkt. <\/p>\n\n\n\n<figure class=\"wp-block-image\"><img loading=\"lazy\" decoding=\"async\" width=\"1024\" height=\"731\" src=\"http:\/\/endurance.nu\/wp-content\/uploads\/2019\/05\/Endurance_Sve_Fram_sRGB_50_Fri_T2A5906-1024x731.png\" alt=\"\" class=\"wp-image-47\" srcset=\"https:\/\/endurance.nu\/wp-content\/uploads\/2019\/05\/Endurance_Sve_Fram_sRGB_50_Fri_T2A5906-1024x731.png 1024w, https:\/\/endurance.nu\/wp-content\/uploads\/2019\/05\/Endurance_Sve_Fram_sRGB_50_Fri_T2A5906-300x214.png 300w, https:\/\/endurance.nu\/wp-content\/uploads\/2019\/05\/Endurance_Sve_Fram_sRGB_50_Fri_T2A5906-768x549.png 768w, https:\/\/endurance.nu\/wp-content\/uploads\/2019\/05\/Endurance_Sve_Fram_sRGB_50_Fri_T2A5906-870x621.png 870w, https:\/\/endurance.nu\/wp-content\/uploads\/2019\/05\/Endurance_Sve_Fram_sRGB_50_Fri_T2A5906-1860x1328.png 1860w, https:\/\/endurance.nu\/wp-content\/uploads\/2019\/05\/Endurance_Sve_Fram_sRGB_50_Fri_T2A5906-600x429.png 600w\" sizes=\"auto, (max-width: 1024px) 100vw, 1024px\" \/><\/figure>\n\n\n\n<div data-expanded-content=\"1\" data-wprr-component=\"bookButton\" data-wprr-component-data=\"{&quot;product&quot;:&quot;71&quot;,&quot;text&quot;:&quot;B\u00f6rja resan mot ditt b\u00e4sta jag h\u00e4r!&quot;,&quot;discountCode&quot;:&quot;prova-p\u00e5 rabatt&quot;}\" class=\"wp-block-bioconcept-book-button\"><\/div>\n","protected":false},"excerpt":{"rendered":"<p>Idrottares favorittillskott under 20 \u00e5r! Kosttillskott inneh\u00e5llande aminosyrorna L-Arginine och L-Citrulline \u00e4r de mest popul\u00e4ra kosttillskotten i v\u00e4rlden. De kallas ofta f\u00f6r N.O. eller Kv\u00e4veoxidtillskott f\u00f6r att meningen med dem \u00e4r att s\u00e4ttA skjuts p\u00e5 blodcirkulationen genom att \u00f6ka Kv\u00e4veoxidniv\u00e5n i blodet. R\u00f6dbetsjuice \u00e4r det senaste Kv\u00e4veoxidtillskotten och d\u00e4rf\u00f6r har vi lagt till R\u00f6dbetsextrakt i [&hellip;]<\/p>\n","protected":false},"author":1,"featured_media":11693,"parent":0,"menu_order":0,"comment_status":"closed","ping_status":"closed","template":"template-cover.php","meta":{"_acf_changed":false,"footnotes":""},"categories":[],"tags":[],"dbm_type":[],"dbm_relation":[],"class_list":["post-8783","page","type-page","status-publish","has-post-thumbnail","hentry"],"acf":[],"yoast_head":"<!-- This site is optimized with the Yoast SEO plugin v26.2 - https:\/\/yoast.com\/wordpress\/plugins\/seo\/ -->\n<title>ENDURANCE - Endurance<\/title>\n<meta name=\"robots\" content=\"index, follow, max-snippet:-1, max-image-preview:large, max-video-preview:-1\" \/>\n<link rel=\"canonical\" href=\"https:\/\/endurance.nu\/no\/\" \/>\n<meta property=\"og:locale\" content=\"nb_NO\" \/>\n<meta property=\"og:type\" content=\"article\" \/>\n<meta property=\"og:title\" content=\"ENDURANCE - Endurance\" \/>\n<meta property=\"og:description\" content=\"Idrottares favorittillskott under 20 \u00e5r! Kosttillskott inneh\u00e5llande aminosyrorna L-Arginine och L-Citrulline \u00e4r de mest popul\u00e4ra kosttillskotten i v\u00e4rlden. De kallas ofta f\u00f6r N.O. eller Kv\u00e4veoxidtillskott f\u00f6r att meningen med dem \u00e4r att s\u00e4ttA skjuts p\u00e5 blodcirkulationen genom att \u00f6ka Kv\u00e4veoxidniv\u00e5n i blodet. R\u00f6dbetsjuice \u00e4r det senaste Kv\u00e4veoxidtillskotten och d\u00e4rf\u00f6r har vi lagt till R\u00f6dbetsextrakt i [&hellip;]\" \/>\n<meta property=\"og:url\" content=\"https:\/\/endurance.nu\/no\/\" \/>\n<meta property=\"og:site_name\" content=\"Endurance\" \/>\n<meta property=\"article:modified_time\" content=\"2019-10-03T07:47:42+00:00\" \/>\n<meta property=\"og:image\" content=\"https:\/\/endurance.nu\/wp-content\/uploads\/2019\/11\/Springerp\u00e5fj\u00e4llet-1024x576.jpg\" \/>\n\t<meta property=\"og:image:width\" content=\"1024\" \/>\n\t<meta property=\"og:image:height\" content=\"576\" \/>\n\t<meta property=\"og:image:type\" content=\"image\/jpeg\" \/>\n<meta name=\"twitter:card\" content=\"summary_large_image\" \/>\n<meta name=\"twitter:label1\" content=\"Ansl. lesetid\" \/>\n\t<meta name=\"twitter:data1\" content=\"2 minutter\" \/>\n<script type=\"application\/ld+json\" class=\"yoast-schema-graph\">{\"@context\":\"https:\/\/schema.org\",\"@graph\":[{\"@type\":\"WebPage\",\"@id\":\"https:\/\/endurance.nu\/no\/\",\"url\":\"https:\/\/endurance.nu\/no\/\",\"name\":\"ENDURANCE - Endurance\",\"isPartOf\":{\"@id\":\"https:\/\/endurance.nu\/no\/#website\"},\"primaryImageOfPage\":{\"@id\":\"https:\/\/endurance.nu\/no\/#primaryimage\"},\"image\":{\"@id\":\"https:\/\/endurance.nu\/no\/#primaryimage\"},\"thumbnailUrl\":\"https:\/\/endurance.nu\/wp-content\/uploads\/2019\/11\/Springerp\u00e5fj\u00e4llet.jpg\",\"datePublished\":\"2019-05-17T08:30:26+00:00\",\"dateModified\":\"2019-10-03T07:47:42+00:00\",\"breadcrumb\":{\"@id\":\"https:\/\/endurance.nu\/no\/#breadcrumb\"},\"inLanguage\":\"nb-NO\",\"potentialAction\":[{\"@type\":\"ReadAction\",\"target\":[\"https:\/\/endurance.nu\/no\/\"]}]},{\"@type\":\"ImageObject\",\"inLanguage\":\"nb-NO\",\"@id\":\"https:\/\/endurance.nu\/no\/#primaryimage\",\"url\":\"https:\/\/endurance.nu\/wp-content\/uploads\/2019\/11\/Springerp\u00e5fj\u00e4llet.jpg\",\"contentUrl\":\"https:\/\/endurance.nu\/wp-content\/uploads\/2019\/11\/Springerp\u00e5fj\u00e4llet.jpg\",\"width\":6000,\"height\":3375},{\"@type\":\"BreadcrumbList\",\"@id\":\"https:\/\/endurance.nu\/no\/#breadcrumb\",\"itemListElement\":[{\"@type\":\"ListItem\",\"position\":1,\"name\":\"Home\",\"item\":\"https:\/\/endurance.nu\/no\/\"},{\"@type\":\"ListItem\",\"position\":2,\"name\":\"ENDURANCE\"}]},{\"@type\":\"WebSite\",\"@id\":\"https:\/\/endurance.nu\/no\/#website\",\"url\":\"https:\/\/endurance.nu\/no\/\",\"name\":\"Endurance\",\"description\":\"V\u00e4rldens mest s\u00e5lda tr\u00e4ningstillskott!\",\"publisher\":{\"@id\":\"https:\/\/endurance.nu\/no\/#organization\"},\"potentialAction\":[{\"@type\":\"SearchAction\",\"target\":{\"@type\":\"EntryPoint\",\"urlTemplate\":\"https:\/\/endurance.nu\/no\/?s={search_term_string}\"},\"query-input\":{\"@type\":\"PropertyValueSpecification\",\"valueRequired\":true,\"valueName\":\"search_term_string\"}}],\"inLanguage\":\"nb-NO\"},{\"@type\":\"Organization\",\"@id\":\"https:\/\/endurance.nu\/no\/#organization\",\"name\":\"Endurance\",\"url\":\"https:\/\/endurance.nu\/no\/\",\"logo\":{\"@type\":\"ImageObject\",\"inLanguage\":\"nb-NO\",\"@id\":\"https:\/\/endurance.nu\/no\/#\/schema\/logo\/image\/\",\"url\":\"https:\/\/endurance.nu\/wp-content\/uploads\/2019\/07\/endurance-logo.png\",\"contentUrl\":\"https:\/\/endurance.nu\/wp-content\/uploads\/2019\/07\/endurance-logo.png\",\"width\":700,\"height\":150,\"caption\":\"Endurance\"},\"image\":{\"@id\":\"https:\/\/endurance.nu\/no\/#\/schema\/logo\/image\/\"}}]}<\/script>\n<!-- \/ Yoast SEO plugin. -->","yoast_head_json":{"title":"ENDURANCE - Endurance","robots":{"index":"index","follow":"follow","max-snippet":"max-snippet:-1","max-image-preview":"max-image-preview:large","max-video-preview":"max-video-preview:-1"},"canonical":"https:\/\/endurance.nu\/no\/","og_locale":"nb_NO","og_type":"article","og_title":"ENDURANCE - Endurance","og_description":"Idrottares favorittillskott under 20 \u00e5r! Kosttillskott inneh\u00e5llande aminosyrorna L-Arginine och L-Citrulline \u00e4r de mest popul\u00e4ra kosttillskotten i v\u00e4rlden. De kallas ofta f\u00f6r N.O. eller Kv\u00e4veoxidtillskott f\u00f6r att meningen med dem \u00e4r att s\u00e4ttA skjuts p\u00e5 blodcirkulationen genom att \u00f6ka Kv\u00e4veoxidniv\u00e5n i blodet. R\u00f6dbetsjuice \u00e4r det senaste Kv\u00e4veoxidtillskotten och d\u00e4rf\u00f6r har vi lagt till R\u00f6dbetsextrakt i [&hellip;]","og_url":"https:\/\/endurance.nu\/no\/","og_site_name":"Endurance","article_modified_time":"2019-10-03T07:47:42+00:00","og_image":[{"width":1024,"height":576,"url":"https:\/\/endurance.nu\/wp-content\/uploads\/2019\/11\/Springerp\u00e5fj\u00e4llet-1024x576.jpg","type":"image\/jpeg"}],"twitter_card":"summary_large_image","twitter_misc":{"Ansl. lesetid":"2 minutter"},"schema":{"@context":"https:\/\/schema.org","@graph":[{"@type":"WebPage","@id":"https:\/\/endurance.nu\/no\/","url":"https:\/\/endurance.nu\/no\/","name":"ENDURANCE - Endurance","isPartOf":{"@id":"https:\/\/endurance.nu\/no\/#website"},"primaryImageOfPage":{"@id":"https:\/\/endurance.nu\/no\/#primaryimage"},"image":{"@id":"https:\/\/endurance.nu\/no\/#primaryimage"},"thumbnailUrl":"https:\/\/endurance.nu\/wp-content\/uploads\/2019\/11\/Springerp\u00e5fj\u00e4llet.jpg","datePublished":"2019-05-17T08:30:26+00:00","dateModified":"2019-10-03T07:47:42+00:00","breadcrumb":{"@id":"https:\/\/endurance.nu\/no\/#breadcrumb"},"inLanguage":"nb-NO","potentialAction":[{"@type":"ReadAction","target":["https:\/\/endurance.nu\/no\/"]}]},{"@type":"ImageObject","inLanguage":"nb-NO","@id":"https:\/\/endurance.nu\/no\/#primaryimage","url":"https:\/\/endurance.nu\/wp-content\/uploads\/2019\/11\/Springerp\u00e5fj\u00e4llet.jpg","contentUrl":"https:\/\/endurance.nu\/wp-content\/uploads\/2019\/11\/Springerp\u00e5fj\u00e4llet.jpg","width":6000,"height":3375},{"@type":"BreadcrumbList","@id":"https:\/\/endurance.nu\/no\/#breadcrumb","itemListElement":[{"@type":"ListItem","position":1,"name":"Home","item":"https:\/\/endurance.nu\/no\/"},{"@type":"ListItem","position":2,"name":"ENDURANCE"}]},{"@type":"WebSite","@id":"https:\/\/endurance.nu\/no\/#website","url":"https:\/\/endurance.nu\/no\/","name":"Endurance","description":"V\u00e4rldens mest s\u00e5lda tr\u00e4ningstillskott!","publisher":{"@id":"https:\/\/endurance.nu\/no\/#organization"},"potentialAction":[{"@type":"SearchAction","target":{"@type":"EntryPoint","urlTemplate":"https:\/\/endurance.nu\/no\/?s={search_term_string}"},"query-input":{"@type":"PropertyValueSpecification","valueRequired":true,"valueName":"search_term_string"}}],"inLanguage":"nb-NO"},{"@type":"Organization","@id":"https:\/\/endurance.nu\/no\/#organization","name":"Endurance","url":"https:\/\/endurance.nu\/no\/","logo":{"@type":"ImageObject","inLanguage":"nb-NO","@id":"https:\/\/endurance.nu\/no\/#\/schema\/logo\/image\/","url":"https:\/\/endurance.nu\/wp-content\/uploads\/2019\/07\/endurance-logo.png","contentUrl":"https:\/\/endurance.nu\/wp-content\/uploads\/2019\/07\/endurance-logo.png","width":700,"height":150,"caption":"Endurance"},"image":{"@id":"https:\/\/endurance.nu\/no\/#\/schema\/logo\/image\/"}}]}},"guten_post_layout_featured_media_urls":{"full":["https:\/\/endurance.nu\/wp-content\/uploads\/2019\/11\/Springerp\u00e5fj\u00e4llet.jpg",6000,3375,false],"thumbnail":["https:\/\/endurance.nu\/wp-content\/uploads\/2019\/11\/Springerp\u00e5fj\u00e4llet-150x150.jpg",150,150,true],"medium":["https:\/\/endurance.nu\/wp-content\/uploads\/2019\/11\/Springerp\u00e5fj\u00e4llet-300x169.jpg",300,169,true],"medium_large":["https:\/\/endurance.nu\/wp-content\/uploads\/2019\/11\/Springerp\u00e5fj\u00e4llet-768x432.jpg",600,338,true],"large":["https:\/\/endurance.nu\/wp-content\/uploads\/2019\/11\/Springerp\u00e5fj\u00e4llet-1024x576.jpg",600,338,true],"1536x1536":["https:\/\/endurance.nu\/wp-content\/uploads\/2019\/11\/Springerp\u00e5fj\u00e4llet.jpg",1536,864,false],"2048x2048":["https:\/\/endurance.nu\/wp-content\/uploads\/2019\/11\/Springerp\u00e5fj\u00e4llet.jpg",2048,1152,false],"guten_post_layout_landscape_large":["https:\/\/endurance.nu\/wp-content\/uploads\/2019\/11\/Springerp\u00e5fj\u00e4llet-1200x800.jpg",1200,800,true],"guten_post_layout_portrait_large":["https:\/\/endurance.nu\/wp-content\/uploads\/2019\/11\/Springerp\u00e5fj\u00e4llet-1200x1800.jpg",1200,1800,true],"guten_post_layout_square_large":["https:\/\/endurance.nu\/wp-content\/uploads\/2019\/11\/Springerp\u00e5fj\u00e4llet-1200x1200.jpg",1200,1200,true],"guten_post_layout_landscape":["https:\/\/endurance.nu\/wp-content\/uploads\/2019\/11\/Springerp\u00e5fj\u00e4llet-600x400.jpg",600,400,true],"guten_post_layout_portrait":["https:\/\/endurance.nu\/wp-content\/uploads\/2019\/11\/Springerp\u00e5fj\u00e4llet-600x900.jpg",600,900,true],"guten_post_layout_square":["https:\/\/endurance.nu\/wp-content\/uploads\/2019\/11\/Springerp\u00e5fj\u00e4llet-600x600.jpg",600,600,true],"post-thumbnail":["https:\/\/endurance.nu\/wp-content\/uploads\/2019\/11\/Springerp\u00e5fj\u00e4llet-870x489.jpg",870,489,true],"sullivan_fullscreen":["https:\/\/endurance.nu\/wp-content\/uploads\/2019\/11\/Springerp\u00e5fj\u00e4llet-1860x1046.jpg",1860,1046,true],"woocommerce_thumbnail":["https:\/\/endurance.nu\/wp-content\/uploads\/2019\/11\/Springerp\u00e5fj\u00e4llet-300x300.jpg",300,300,true],"woocommerce_single":["https:\/\/endurance.nu\/wp-content\/uploads\/2019\/11\/Springerp\u00e5fj\u00e4llet-600x338.jpg",600,338,true],"woocommerce_gallery_thumbnail":["https:\/\/endurance.nu\/wp-content\/uploads\/2019\/11\/Springerp\u00e5fj\u00e4llet-100x100.jpg",100,100,true],"ppec_logo_image_size":["https:\/\/endurance.nu\/wp-content\/uploads\/2019\/11\/Springerp\u00e5fj\u00e4llet.jpg",107,60,false],"ppec_header_image_size":["https:\/\/endurance.nu\/wp-content\/uploads\/2019\/11\/Springerp\u00e5fj\u00e4llet.jpg",160,90,false]},"_links":{"self":[{"href":"https:\/\/endurance.nu\/no\/wp-json\/wp\/v2\/pages\/8783","targetHints":{"allow":["GET"]}}],"collection":[{"href":"https:\/\/endurance.nu\/no\/wp-json\/wp\/v2\/pages"}],"about":[{"href":"https:\/\/endurance.nu\/no\/wp-json\/wp\/v2\/types\/page"}],"author":[{"embeddable":true,"href":"https:\/\/endurance.nu\/no\/wp-json\/wp\/v2\/users\/1"}],"replies":[{"embeddable":true,"href":"https:\/\/endurance.nu\/no\/wp-json\/wp\/v2\/comments?post=8783"}],"version-history":[{"count":1,"href":"https:\/\/endurance.nu\/no\/wp-json\/wp\/v2\/pages\/8783\/revisions"}],"predecessor-version":[{"id":8801,"href":"https:\/\/endurance.nu\/no\/wp-json\/wp\/v2\/pages\/8783\/revisions\/8801"}],"wp:featuredmedia":[{"embeddable":true,"href":"https:\/\/endurance.nu\/no\/wp-json\/wp\/v2\/media\/11693"}],"wp:attachment":[{"href":"https:\/\/endurance.nu\/no\/wp-json\/wp\/v2\/media?parent=8783"}],"wp:term":[{"taxonomy":"category","embeddable":true,"href":"https:\/\/endurance.nu\/no\/wp-json\/wp\/v2\/categories?post=8783"},{"taxonomy":"post_tag","embeddable":true,"href":"https:\/\/endurance.nu\/no\/wp-json\/wp\/v2\/tags?post=8783"},{"taxonomy":"dbm_type","embeddable":true,"href":"https:\/\/endurance.nu\/no\/wp-json\/wp\/v2\/dbm_type?post=8783"},{"taxonomy":"dbm_relation","embeddable":true,"href":"https:\/\/endurance.nu\/no\/wp-json\/wp\/v2\/dbm_relation?post=8783"}],"curies":[{"name":"wp","href":"https:\/\/api.w.org\/{rel}","templated":true}]}}