{"id":8792,"date":"2019-05-17T10:55:36","date_gmt":"2019-05-17T08:55:36","guid":{"rendered":"https:\/\/endurance.nu\/om-endurance\/"},"modified":"2019-10-03T09:47:54","modified_gmt":"2019-10-03T07:47:54","slug":"om-endurance","status":"publish","type":"page","link":"https:\/\/endurance.nu\/no\/om-endurance\/","title":{"rendered":"Om ENDURANCE+R\u00d6DBETA"},"content":{"rendered":"\n<p>R\u00f6dbetsjuice har i studier p\u00e5 m\u00e4nniskor visat sig kunna f\u00f6rb\u00e4ttra prestationen upp till 20% hos amat\u00f6rer och upp till 10 % hos professionella idrottsut\u00f6vare. R\u00f6dbetsextrakt \u00e4r<strong> en av flera lika viktiga ingrediense<\/strong>r i <strong><span class=\"flexovital-product-name\"><span class=\"flexovital\">ENDURANCE<\/span><span class=\"product-name\">+R\u00d6DBETA<\/span><\/span><\/strong> s\u00e5 om du tycker R\u00f6dbetsjuice \u00e4r bra, d\u00e5 m\u00e5ste du prova <strong><span class=\"flexovital-product-name\"><span class=\"flexovital\">ENDURANCE<\/span><span class=\"product-name\">+R\u00d6DBETA<\/span><\/span><\/strong> idag. F\u00f6r att g\u00f6ra dig extra motiverad s\u00e5 f\u00e5r du en prova-p\u00e5 ask f\u00f6r halva priset!<\/p>\n\n\n\n<div data-expanded-content=\"1\" data-wprr-component=\"bookButton\" data-wprr-component-data=\"{&quot;text&quot;:&quot;Best\u00e4ll nu och f\u00e5 50% rabatt!&quot;,&quot;product&quot;:&quot;71&quot;,&quot;discountCode&quot;:&quot;prova-p\u00e5 rabatt&quot;}\" class=\"wp-block-bioconcept-book-button\"><\/div>\n\n\n\n<h3 class=\"wp-block-heading\">S\u00e5 h\u00e4r funkar dem, v\u00e4rldens mest s\u00e5lda kosttillskott f\u00f6r idrottsut\u00f6vare!<\/h3>\n\n\n\n<p>R\u00f6dbetan inneh\u00e5ller Nitrat som i kroppen ombildas till Nitrit som i sin tur omvandlas till Kv\u00e4veoxid (N.O.). Det finns 3 k\u00e4nda \u00e4mnen som kroppen kan bilda N.O. fr\u00e5n och de \u00e4r L-Arginin, L-Citrullin och Nitrat.&nbsp;<\/p>\n\n\n\n<p><strong><span class=\"flexovital-product-name\"><span class=\"flexovital\">ENDURANCE<\/span><span class=\"product-name\">+R\u00d6DBETA<\/span><\/span><\/strong> togs fram av ett forskarteam vid Akademiska Sjukhuset i Uppsala f\u00f6r drygt 14 \u00e5r sedan och dom inspirerades av en uppt\u00e4ckt som bel\u00f6nats med Nobelpriset i medicin 1998. Nitratet i R\u00f6dbetan, L-arginine och L-Citrullin \u00e4r de &laquo;byggstenar&raquo; f\u00f6r N.O. som man k\u00e4nner till och <strong><span class=\"flexovital-product-name\"><span class=\"flexovital\">ENDURANCE<\/span><span class=\"product-name\">+R\u00d6DBETA<\/span><\/span><\/strong> inneh\u00e5ller dem alla tre. Kronan p\u00e5 verket \u00e4r Rosenrotextrakt, Magnesium och C-vitamin. <strong><span class=\"flexovital-product-name\"><span class=\"flexovital\">ENDURANCE<\/span><span class=\"product-name\">+R\u00d6DBETA<\/span><\/span><\/strong>!<\/p>\n\n\n\n<figure class=\"wp-block-image\"><img loading=\"lazy\" decoding=\"async\" width=\"673\" height=\"397\" src=\"https:\/\/endurance.nu\/wp-content\/uploads\/2019\/09\/IMG_9307.png\" alt=\"\" class=\"wp-image-7511\" srcset=\"https:\/\/endurance.nu\/wp-content\/uploads\/2019\/09\/IMG_9307.png 673w, https:\/\/endurance.nu\/wp-content\/uploads\/2019\/09\/IMG_9307-300x177.png 300w, https:\/\/endurance.nu\/wp-content\/uploads\/2019\/09\/IMG_9307-600x354.png 600w\" sizes=\"auto, (max-width: 673px) 100vw, 673px\" \/><\/figure>\n\n\n\n<p><\/p>\n\n\n\n<p>R\u00f6dbetsjuice och L-Arginine produkter \u00e4r stors\u00e4ljare bland idrottsut\u00f6vare v\u00e4rlden \u00f6ver f\u00f6r att de anses f\u00f6rb\u00e4ttra uth\u00e5lligheten och \u00e5terh\u00e4mtningen.&nbsp;Gillar n\u00e5gon av dessa \u00e4mnen kommer du \u00e4lska kombinationen av dem. <strong><span class=\"flexovital-product-name\"><span class=\"flexovital\">ENDURANCE<\/span><span class=\"product-name\">+R\u00d6DBETA<\/span><\/span><\/strong> \u00e4r med sin kombination helt unik.<\/p>\n\n\n\n<p><\/p>\n\n\n\n<h3 class=\"wp-block-heading\"><strong>Syres\u00e4ttningen \u00e5terh\u00e4mtningen uth\u00e5lligheten<\/strong><\/h3>\n\n\n\n<figure class=\"wp-block-image\"><img loading=\"lazy\" decoding=\"async\" width=\"1024\" height=\"576\" src=\"http:\/\/endurance.nu\/wp-content\/uploads\/2019\/07\/ENDURANCE-STILL-1-NY-1024x576.png\" alt=\"\" class=\"wp-image-201\" srcset=\"https:\/\/endurance.nu\/wp-content\/uploads\/2019\/07\/ENDURANCE-STILL-1-NY-1024x576.png 1024w, https:\/\/endurance.nu\/wp-content\/uploads\/2019\/07\/ENDURANCE-STILL-1-NY-300x169.png 300w, https:\/\/endurance.nu\/wp-content\/uploads\/2019\/07\/ENDURANCE-STILL-1-NY-768x432.png 768w, https:\/\/endurance.nu\/wp-content\/uploads\/2019\/07\/ENDURANCE-STILL-1-NY-870x489.png 870w, https:\/\/endurance.nu\/wp-content\/uploads\/2019\/07\/ENDURANCE-STILL-1-NY-1860x1046.png 1860w, https:\/\/endurance.nu\/wp-content\/uploads\/2019\/07\/ENDURANCE-STILL-1-NY-600x338.png 600w\" sizes=\"auto, (max-width: 1024px) 100vw, 1024px\" \/><\/figure>\n\n\n\n<p>Blodet \u00e4r transportsystemet f\u00f6r n\u00e4ring och syre till kroppens alla celler. Samtidigt ska mj\u00f6lksyra och slaggprodukter transporteras bort fr\u00e5n muskelcellerna.<\/p>\n\n\n\n<p>Din idrottsprestation \u00e4r helt beroende av din fysiska f\u00f6rm\u00e5ga. Men oavsett om du redan \u00e4r superfit som n\u00e5gra av v\u00e5ra Ironman och Triathlon ut\u00f6vare eller, ut\u00f6var bollsport n\u00e5gon dag i veckan, s\u00e5 tror vi <strong><span class=\"flexovital-product-name\"><span class=\"flexovital\">ENDURANCE<\/span><span class=\"product-name\">+R\u00d6DBETA<\/span><\/span><\/strong> kommer g\u00f6ra en skillnad f\u00f6r dig. \u00c4r du \u00f6ver 30 \u00e5r tror vi det \u00e4r s\u00e4rskilt viktigt med tillskott som <strong><span class=\"flexovital-product-name\"><span class=\"flexovital\">ENDURANCE<\/span><span class=\"product-name\">+R\u00d6DBETA<\/span><\/span><\/strong> och R\u00f6dbetsjuice.<\/p>\n\n\n\n<p>\u00c5terh\u00e4mtningen \u00e4r helt avg\u00f6rande f\u00f6r hur ofta och h\u00e5rt du ska kunna tr\u00e4na utan att bryta ner kroppen. N\u00e4r vi \u00e4r stela och har ont i muskler och leder s\u00e5 t\u00e4nker vi sj\u00e4lvklart p\u00e5 massage, liniment och stretching. Har du t\u00e4nkt p\u00e5 att det egentligen bara olika s\u00e4tt att f\u00e5 ig\u00e5ng blodcirkulationen f\u00f6r att p\u00e5 s\u00e5 s\u00e4tt f\u00f6rb\u00e4ttra r\u00f6rligheten i muskler och leder?<\/p>\n\n\n\n<div data-expanded-content=\"1\" data-wprr-component=\"bookButton\" data-wprr-component-data=\"{&quot;text&quot;:&quot;Best\u00e4ll 50% rabatt&quot;,&quot;product&quot;:&quot;71&quot;,&quot;discountCode&quot;:&quot;prova-p\u00e5 rabatt&quot;}\" class=\"wp-block-bioconcept-book-button\"><\/div>\n","protected":false},"excerpt":{"rendered":"<p>ENDURANCE + R\u00d6DBETA<\/p>\n","protected":false},"author":1,"featured_media":8794,"parent":0,"menu_order":0,"comment_status":"closed","ping_status":"closed","template":"template-cover.php","meta":{"_acf_changed":false,"footnotes":""},"categories":[],"tags":[],"dbm_type":[],"dbm_relation":[],"class_list":["post-8792","page","type-page","status-publish","has-post-thumbnail","hentry"],"acf":[],"yoast_head":"<!-- This site is optimized with the Yoast SEO plugin v26.2 - https:\/\/yoast.com\/wordpress\/plugins\/seo\/ -->\n<title>Om ENDURANCE+R\u00d6DBETA - Endurance<\/title>\n<meta name=\"robots\" content=\"index, follow, max-snippet:-1, max-image-preview:large, max-video-preview:-1\" \/>\n<link rel=\"canonical\" href=\"https:\/\/endurance.nu\/no\/om-endurance\/\" \/>\n<meta property=\"og:locale\" content=\"nb_NO\" \/>\n<meta property=\"og:type\" content=\"article\" \/>\n<meta property=\"og:title\" content=\"Om ENDURANCE+R\u00d6DBETA - Endurance\" \/>\n<meta property=\"og:description\" content=\"ENDURANCE + R\u00d6DBETA\" \/>\n<meta property=\"og:url\" content=\"https:\/\/endurance.nu\/no\/om-endurance\/\" \/>\n<meta property=\"og:site_name\" content=\"Endurance\" \/>\n<meta property=\"article:modified_time\" content=\"2019-10-03T07:47:54+00:00\" \/>\n<meta property=\"og:image\" content=\"https:\/\/endurance.nu\/wp-content\/uploads\/2019\/07\/ENDURANCE-STILL-1-NY.jpg\" \/>\n\t<meta property=\"og:image:width\" content=\"2560\" \/>\n\t<meta property=\"og:image:height\" content=\"1440\" \/>\n\t<meta property=\"og:image:type\" content=\"image\/jpeg\" \/>\n<meta name=\"twitter:card\" content=\"summary_large_image\" \/>\n<meta name=\"twitter:label1\" content=\"Ansl. lesetid\" \/>\n\t<meta name=\"twitter:data1\" content=\"2 minutter\" \/>\n<script type=\"application\/ld+json\" class=\"yoast-schema-graph\">{\"@context\":\"https:\/\/schema.org\",\"@graph\":[{\"@type\":\"WebPage\",\"@id\":\"https:\/\/endurance.nu\/no\/om-endurance\/\",\"url\":\"https:\/\/endurance.nu\/no\/om-endurance\/\",\"name\":\"Om ENDURANCE+R\u00d6DBETA - Endurance\",\"isPartOf\":{\"@id\":\"https:\/\/endurance.nu\/no\/#website\"},\"primaryImageOfPage\":{\"@id\":\"https:\/\/endurance.nu\/no\/om-endurance\/#primaryimage\"},\"image\":{\"@id\":\"https:\/\/endurance.nu\/no\/om-endurance\/#primaryimage\"},\"thumbnailUrl\":\"https:\/\/endurance.nu\/wp-content\/uploads\/2019\/07\/ENDURANCE-STILL-1-NY.jpg\",\"datePublished\":\"2019-05-17T08:55:36+00:00\",\"dateModified\":\"2019-10-03T07:47:54+00:00\",\"breadcrumb\":{\"@id\":\"https:\/\/endurance.nu\/no\/om-endurance\/#breadcrumb\"},\"inLanguage\":\"nb-NO\",\"potentialAction\":[{\"@type\":\"ReadAction\",\"target\":[\"https:\/\/endurance.nu\/no\/om-endurance\/\"]}]},{\"@type\":\"ImageObject\",\"inLanguage\":\"nb-NO\",\"@id\":\"https:\/\/endurance.nu\/no\/om-endurance\/#primaryimage\",\"url\":\"https:\/\/endurance.nu\/wp-content\/uploads\/2019\/07\/ENDURANCE-STILL-1-NY.jpg\",\"contentUrl\":\"https:\/\/endurance.nu\/wp-content\/uploads\/2019\/07\/ENDURANCE-STILL-1-NY.jpg\",\"width\":2560,\"height\":1440},{\"@type\":\"BreadcrumbList\",\"@id\":\"https:\/\/endurance.nu\/no\/om-endurance\/#breadcrumb\",\"itemListElement\":[{\"@type\":\"ListItem\",\"position\":1,\"name\":\"Home\",\"item\":\"https:\/\/endurance.nu\/no\/\"},{\"@type\":\"ListItem\",\"position\":2,\"name\":\"Om ENDURANCE+R\u00d6DBETA\"}]},{\"@type\":\"WebSite\",\"@id\":\"https:\/\/endurance.nu\/no\/#website\",\"url\":\"https:\/\/endurance.nu\/no\/\",\"name\":\"Endurance\",\"description\":\"V\u00e4rldens mest s\u00e5lda tr\u00e4ningstillskott!\",\"publisher\":{\"@id\":\"https:\/\/endurance.nu\/no\/#organization\"},\"potentialAction\":[{\"@type\":\"SearchAction\",\"target\":{\"@type\":\"EntryPoint\",\"urlTemplate\":\"https:\/\/endurance.nu\/no\/?s={search_term_string}\"},\"query-input\":{\"@type\":\"PropertyValueSpecification\",\"valueRequired\":true,\"valueName\":\"search_term_string\"}}],\"inLanguage\":\"nb-NO\"},{\"@type\":\"Organization\",\"@id\":\"https:\/\/endurance.nu\/no\/#organization\",\"name\":\"Endurance\",\"url\":\"https:\/\/endurance.nu\/no\/\",\"logo\":{\"@type\":\"ImageObject\",\"inLanguage\":\"nb-NO\",\"@id\":\"https:\/\/endurance.nu\/no\/#\/schema\/logo\/image\/\",\"url\":\"https:\/\/endurance.nu\/wp-content\/uploads\/2019\/07\/endurance-logo.png\",\"contentUrl\":\"https:\/\/endurance.nu\/wp-content\/uploads\/2019\/07\/endurance-logo.png\",\"width\":700,\"height\":150,\"caption\":\"Endurance\"},\"image\":{\"@id\":\"https:\/\/endurance.nu\/no\/#\/schema\/logo\/image\/\"}}]}<\/script>\n<!-- \/ Yoast SEO plugin. -->","yoast_head_json":{"title":"Om ENDURANCE+R\u00d6DBETA - Endurance","robots":{"index":"index","follow":"follow","max-snippet":"max-snippet:-1","max-image-preview":"max-image-preview:large","max-video-preview":"max-video-preview:-1"},"canonical":"https:\/\/endurance.nu\/no\/om-endurance\/","og_locale":"nb_NO","og_type":"article","og_title":"Om ENDURANCE+R\u00d6DBETA - Endurance","og_description":"ENDURANCE + R\u00d6DBETA","og_url":"https:\/\/endurance.nu\/no\/om-endurance\/","og_site_name":"Endurance","article_modified_time":"2019-10-03T07:47:54+00:00","og_image":[{"width":2560,"height":1440,"url":"https:\/\/endurance.nu\/wp-content\/uploads\/2019\/07\/ENDURANCE-STILL-1-NY.jpg","type":"image\/jpeg"}],"twitter_card":"summary_large_image","twitter_misc":{"Ansl. lesetid":"2 minutter"},"schema":{"@context":"https:\/\/schema.org","@graph":[{"@type":"WebPage","@id":"https:\/\/endurance.nu\/no\/om-endurance\/","url":"https:\/\/endurance.nu\/no\/om-endurance\/","name":"Om ENDURANCE+R\u00d6DBETA - Endurance","isPartOf":{"@id":"https:\/\/endurance.nu\/no\/#website"},"primaryImageOfPage":{"@id":"https:\/\/endurance.nu\/no\/om-endurance\/#primaryimage"},"image":{"@id":"https:\/\/endurance.nu\/no\/om-endurance\/#primaryimage"},"thumbnailUrl":"https:\/\/endurance.nu\/wp-content\/uploads\/2019\/07\/ENDURANCE-STILL-1-NY.jpg","datePublished":"2019-05-17T08:55:36+00:00","dateModified":"2019-10-03T07:47:54+00:00","breadcrumb":{"@id":"https:\/\/endurance.nu\/no\/om-endurance\/#breadcrumb"},"inLanguage":"nb-NO","potentialAction":[{"@type":"ReadAction","target":["https:\/\/endurance.nu\/no\/om-endurance\/"]}]},{"@type":"ImageObject","inLanguage":"nb-NO","@id":"https:\/\/endurance.nu\/no\/om-endurance\/#primaryimage","url":"https:\/\/endurance.nu\/wp-content\/uploads\/2019\/07\/ENDURANCE-STILL-1-NY.jpg","contentUrl":"https:\/\/endurance.nu\/wp-content\/uploads\/2019\/07\/ENDURANCE-STILL-1-NY.jpg","width":2560,"height":1440},{"@type":"BreadcrumbList","@id":"https:\/\/endurance.nu\/no\/om-endurance\/#breadcrumb","itemListElement":[{"@type":"ListItem","position":1,"name":"Home","item":"https:\/\/endurance.nu\/no\/"},{"@type":"ListItem","position":2,"name":"Om ENDURANCE+R\u00d6DBETA"}]},{"@type":"WebSite","@id":"https:\/\/endurance.nu\/no\/#website","url":"https:\/\/endurance.nu\/no\/","name":"Endurance","description":"V\u00e4rldens mest s\u00e5lda tr\u00e4ningstillskott!","publisher":{"@id":"https:\/\/endurance.nu\/no\/#organization"},"potentialAction":[{"@type":"SearchAction","target":{"@type":"EntryPoint","urlTemplate":"https:\/\/endurance.nu\/no\/?s={search_term_string}"},"query-input":{"@type":"PropertyValueSpecification","valueRequired":true,"valueName":"search_term_string"}}],"inLanguage":"nb-NO"},{"@type":"Organization","@id":"https:\/\/endurance.nu\/no\/#organization","name":"Endurance","url":"https:\/\/endurance.nu\/no\/","logo":{"@type":"ImageObject","inLanguage":"nb-NO","@id":"https:\/\/endurance.nu\/no\/#\/schema\/logo\/image\/","url":"https:\/\/endurance.nu\/wp-content\/uploads\/2019\/07\/endurance-logo.png","contentUrl":"https:\/\/endurance.nu\/wp-content\/uploads\/2019\/07\/endurance-logo.png","width":700,"height":150,"caption":"Endurance"},"image":{"@id":"https:\/\/endurance.nu\/no\/#\/schema\/logo\/image\/"}}]}},"guten_post_layout_featured_media_urls":{"full":["https:\/\/endurance.nu\/wp-content\/uploads\/2019\/07\/ENDURANCE-STILL-1-NY.jpg",2560,1440,false],"thumbnail":["https:\/\/endurance.nu\/wp-content\/uploads\/2019\/07\/ENDURANCE-STILL-1-NY-150x150.jpg",150,150,true],"medium":["https:\/\/endurance.nu\/wp-content\/uploads\/2019\/07\/ENDURANCE-STILL-1-NY-300x169.jpg",300,169,true],"medium_large":["https:\/\/endurance.nu\/wp-content\/uploads\/2019\/07\/ENDURANCE-STILL-1-NY-768x432.jpg",600,338,true],"large":["https:\/\/endurance.nu\/wp-content\/uploads\/2019\/07\/ENDURANCE-STILL-1-NY-1024x576.jpg",600,338,true],"1536x1536":["https:\/\/endurance.nu\/wp-content\/uploads\/2019\/07\/ENDURANCE-STILL-1-NY.jpg",1536,864,false],"2048x2048":["https:\/\/endurance.nu\/wp-content\/uploads\/2019\/07\/ENDURANCE-STILL-1-NY.jpg",2048,1152,false],"guten_post_layout_landscape_large":["https:\/\/endurance.nu\/wp-content\/uploads\/2019\/07\/ENDURANCE-STILL-1-NY-1200x800.jpg",1200,800,true],"guten_post_layout_portrait_large":["https:\/\/endurance.nu\/wp-content\/uploads\/2019\/07\/ENDURANCE-STILL-1-NY-1200x1440.jpg",1200,1440,true],"guten_post_layout_square_large":["https:\/\/endurance.nu\/wp-content\/uploads\/2019\/07\/ENDURANCE-STILL-1-NY-1200x1200.jpg",1200,1200,true],"guten_post_layout_landscape":["https:\/\/endurance.nu\/wp-content\/uploads\/2019\/07\/ENDURANCE-STILL-1-NY-600x400.jpg",600,400,true],"guten_post_layout_portrait":["https:\/\/endurance.nu\/wp-content\/uploads\/2019\/07\/ENDURANCE-STILL-1-NY-600x900.jpg",600,900,true],"guten_post_layout_square":["https:\/\/endurance.nu\/wp-content\/uploads\/2019\/07\/ENDURANCE-STILL-1-NY-600x600.jpg",600,600,true],"post-thumbnail":["https:\/\/endurance.nu\/wp-content\/uploads\/2019\/07\/ENDURANCE-STILL-1-NY-870x489.jpg",870,489,true],"sullivan_fullscreen":["https:\/\/endurance.nu\/wp-content\/uploads\/2019\/07\/ENDURANCE-STILL-1-NY-1860x1046.jpg",1860,1046,true],"woocommerce_thumbnail":["https:\/\/endurance.nu\/wp-content\/uploads\/2019\/07\/ENDURANCE-STILL-1-NY-300x300.jpg",300,300,true],"woocommerce_single":["https:\/\/endurance.nu\/wp-content\/uploads\/2019\/07\/ENDURANCE-STILL-1-NY-600x338.jpg",600,338,true],"woocommerce_gallery_thumbnail":["https:\/\/endurance.nu\/wp-content\/uploads\/2019\/07\/ENDURANCE-STILL-1-NY-100x100.jpg",100,100,true],"ppec_logo_image_size":["https:\/\/endurance.nu\/wp-content\/uploads\/2019\/07\/ENDURANCE-STILL-1-NY.jpg",107,60,false],"ppec_header_image_size":["https:\/\/endurance.nu\/wp-content\/uploads\/2019\/07\/ENDURANCE-STILL-1-NY.jpg",160,90,false]},"_links":{"self":[{"href":"https:\/\/endurance.nu\/no\/wp-json\/wp\/v2\/pages\/8792","targetHints":{"allow":["GET"]}}],"collection":[{"href":"https:\/\/endurance.nu\/no\/wp-json\/wp\/v2\/pages"}],"about":[{"href":"https:\/\/endurance.nu\/no\/wp-json\/wp\/v2\/types\/page"}],"author":[{"embeddable":true,"href":"https:\/\/endurance.nu\/no\/wp-json\/wp\/v2\/users\/1"}],"replies":[{"embeddable":true,"href":"https:\/\/endurance.nu\/no\/wp-json\/wp\/v2\/comments?post=8792"}],"version-history":[{"count":1,"href":"https:\/\/endurance.nu\/no\/wp-json\/wp\/v2\/pages\/8792\/revisions"}],"predecessor-version":[{"id":8812,"href":"https:\/\/endurance.nu\/no\/wp-json\/wp\/v2\/pages\/8792\/revisions\/8812"}],"wp:featuredmedia":[{"embeddable":true,"href":"https:\/\/endurance.nu\/no\/wp-json\/wp\/v2\/media\/8794"}],"wp:attachment":[{"href":"https:\/\/endurance.nu\/no\/wp-json\/wp\/v2\/media?parent=8792"}],"wp:term":[{"taxonomy":"category","embeddable":true,"href":"https:\/\/endurance.nu\/no\/wp-json\/wp\/v2\/categories?post=8792"},{"taxonomy":"post_tag","embeddable":true,"href":"https:\/\/endurance.nu\/no\/wp-json\/wp\/v2\/tags?post=8792"},{"taxonomy":"dbm_type","embeddable":true,"href":"https:\/\/endurance.nu\/no\/wp-json\/wp\/v2\/dbm_type?post=8792"},{"taxonomy":"dbm_relation","embeddable":true,"href":"https:\/\/endurance.nu\/no\/wp-json\/wp\/v2\/dbm_relation?post=8792"}],"curies":[{"name":"wp","href":"https:\/\/api.w.org\/{rel}","templated":true}]}}