{"id":8796,"date":"2019-05-17T11:01:59","date_gmt":"2019-05-17T09:01:59","guid":{"rendered":"https:\/\/endurance.nu\/vanliga-fragor\/"},"modified":"2019-10-03T09:47:59","modified_gmt":"2019-10-03T07:47:59","slug":"vanliga-fragor","status":"publish","type":"page","link":"https:\/\/endurance.nu\/no\/vanliga-fragor\/","title":{"rendered":"Vanliga fr\u00e5gor"},"content":{"rendered":"\n<h2 class=\"wp-block-heading\"><strong><span class=\"flexovital-product-name\"><span class=\"flexovital\">ENDURANCE<\/span><span class=\"product-name\">+R\u00d6DBETA<\/span><\/span> inneh\u00e5ller bara naturliga \u00e4mnen<\/strong>.<\/h2>\n\n\n\n<p><span class=\"flexovital-product-name\"><span class=\"flexovital\">ENDURANCE<\/span><span class=\"product-name\">+R\u00d6DBETA<\/span><\/span>  \u00e4r unik i sin sammans\u00e4ttning och \u00e4r helt inriktad p\u00e5 N.O. (Kv\u00e4veoxid). Vi har utvecklat  <span class=\"flexovital-product-name\"><span class=\"flexovital\">ENDURANCE<\/span><span class=\"product-name\">+R\u00d6DBETA<\/span><\/span> under 15 \u00e5r och nu k\u00e4nner vi att den \u00e4r perfekt. Tabletterna inneh\u00e5ller Aminosyrorna L-Arginine, L-Citrulline som tillsammans med Nitratet i r\u00f6dbetan \u00e4r kroppens byggstenar f\u00f6r N.O. (Kv\u00e4veoxid). Rosenroten \u00e4r i allra h\u00f6gsta grad delaktig i varf\u00f6r produkten fungerar s\u00e5 bra f\u00f6r uth\u00e5llighetsidrottare. Magnesium och C-vitamin \u00e4r sj\u00e4lvklara ingredienser f\u00f6r \u00e5terh\u00e4mtning.<\/p>\n\n\n\n<p><b>L-Arginine<\/b> \u00e4r f\u00f6rmodligen en av de mest v\u00e4ldokumenterade aminosyrorna och vi rekommenderar alla som \u00e4r intresserade av sport och h\u00e4lsa att s\u00f6ka upp och l\u00e4sa mer om denna otroligt viktiga och sp\u00e4nnande aminosyra. <\/p>\n\n\n\n<p><strong>L-Citrulline <\/strong>\u00e4r den andra aminosyran kroppen anv\u00e4nder f\u00f6r att bilda N.O. men den ombildas i kroppen till L-Arginine och sedan till N.O.<\/p>\n\n\n\n<p>R\u00f6dbeta passar perfekt in i  <span class=\"flexovital-product-name\"><span class=\"flexovital\">ENDURANCE<\/span><span class=\"product-name\">+R\u00d6DBETA<\/span><\/span> eftersom den inneh\u00e5ller Nitrat som \u00e4ven det ombildas till N.O. i kroppen. Det \u00e4r anledningen till att R\u00f6dbetsjuice har blivit s\u00e5 oerh\u00f6rt popul\u00e4rt bland olika typer av idrottsut\u00f6vare.<\/p>\n\n\n\n<p><\/p>\n\n\n\n<h3 class=\"wp-block-heading\"><strong>Bra kondition, vad \u00e4r det?<\/strong><\/h3>\n\n\n\n<p>Bra kondition \u00e4r en individs uth\u00e5llighet och \u00e5terh\u00e4mtningsf\u00f6rm\u00e5ga och den \u00e4r helt beroende av hj\u00e4rtat och lungornas kapacitet att transportera ut syre och n\u00e4ring till kroppens alla celler. \u00c5terh\u00e4mtningen \u00e4r beroende av hur bra kroppen \u00e4r p\u00e5 att transportera bort mj\u00f6lksyra och slaggprodukter ur musklerna. Blodomloppets funktion \u00e4r allts\u00e5 helt avg\u00f6rande f\u00f6r resultatet och d\u00e4rf\u00f6r \u00e4r blodk\u00e4rlens kondition oerh\u00f6rt viktig f\u00f6r att hj\u00e4rtat effektivt ska kunna pumpa runt syre och n\u00e4ring i kroppen.<\/p>\n\n\n\n<h3 class=\"wp-block-heading\"><strong>R\u00f6relse \u00e4r bra f\u00f6r stela leder eftersom cirkulationen h\u00e5lls ig\u00e5ng.<\/strong><\/h3>\n\n\n\n<p>N\u00e4r vi har ont i musklerna g\u00e5r tankarna ofta mot massage och vila. Har vi ont i exempelvis armb\u00e5gen s\u00e5 \u00e4r det naturligt att vi masserar armb\u00e5gen f\u00f6r att det ska g\u00f6ra mindre ont.<\/p>\n\n\n\n<p>Massage \u00e4r i sj\u00e4lva verket bara ett s\u00e4tt av m\u00e5nga f\u00f6r att f\u00e5 ig\u00e5ng blodcirkulationen. D\u00e5lig blodcirkulation i musklerna g\u00f6r att man kan k\u00e4nna sig stel, och d\u00e5lig blodcirkulation i en inflammerad led g\u00f6r det sv\u00e5rt f\u00f6r inflammationen att l\u00e4ka ut. Med andra ord \u00e4r en v\u00e4l fungerande blodcirkulation avg\u00f6rande f\u00f6r l\u00e4kande efter h\u00e5rd tr\u00e4ning.<\/p>\n\n\n\n<h3 class=\"wp-block-heading\"><strong>Var tillverkas <span class=\"flexovital-product-name\"><span class=\"flexovital\">ENDURANCE<\/span><span class=\"product-name\">+R\u00d6DBETA<\/span><\/span>?<\/strong><\/h3>\n\n\n\n<p><span class=\"flexovital-product-name\"><span class=\"flexovital\">ENDURANCE<\/span><span class=\"product-name\">+R\u00d6DBETA<\/span><\/span> tillverkas i Sverige vilket m\u00e5nga anv\u00e4ndare tycker k\u00e4nns tryggt.<\/p>\n\n\n\n<h2 class=\"wp-block-heading\"><strong>Vad inneh\u00e5ller en tablett och hur doserar jag?<\/strong><\/h2>\n\n\n\n<p>En ask <span class=\"flexovital-product-name\"><span class=\"flexovital\">ENDURANCE<\/span><span class=\"product-name\">+R\u00d6DBETA<\/span><\/span> inneh\u00e5ller 90 tabletter. Varje tablett inneh\u00e5ller:&nbsp;L-Arginin (175mg), L-Citrullin (175mg), R\u00f6dbetsextrakt (100mg), Rosenrotextrakt (100mg), Magnesium och C-vitamin. <\/p>\n\n\n\n<p><strong>Den rekommenderade dosen \u00e4r 3-4 tabletter om dagen, f\u00f6rdelat p\u00e5 morgon och kv\u00e4ll.<\/strong><\/p>\n\n\n\n<figure class=\"wp-block-image\"><img loading=\"lazy\" decoding=\"async\" width=\"1024\" height=\"607\" src=\"https:\/\/endurance.nu\/wp-content\/uploads\/2019\/07\/EnduranceSWEbaksidaminsta-1024x607.jpg\" alt=\"\" class=\"wp-image-2393\" srcset=\"https:\/\/endurance.nu\/wp-content\/uploads\/2019\/07\/EnduranceSWEbaksidaminsta-1024x607.jpg 1024w, https:\/\/endurance.nu\/wp-content\/uploads\/2019\/07\/EnduranceSWEbaksidaminsta-300x178.jpg 300w, https:\/\/endurance.nu\/wp-content\/uploads\/2019\/07\/EnduranceSWEbaksidaminsta-768x455.jpg 768w, https:\/\/endurance.nu\/wp-content\/uploads\/2019\/07\/EnduranceSWEbaksidaminsta-870x515.jpg 870w, https:\/\/endurance.nu\/wp-content\/uploads\/2019\/07\/EnduranceSWEbaksidaminsta-1860x1102.jpg 1860w, https:\/\/endurance.nu\/wp-content\/uploads\/2019\/07\/EnduranceSWEbaksidaminsta-600x355.jpg 600w\" sizes=\"auto, (max-width: 1024px) 100vw, 1024px\" \/><\/figure>\n\n\n\n<div data-expanded-content=\"1\" data-wprr-component=\"bookButton\" data-wprr-component-data=\"{&quot;product&quot;:&quot;71&quot;,&quot;text&quot;:&quot;K\u00f6p nu och f\u00e5 50% i prova-p\u00e5 rabatt!&quot;,&quot;discountCode&quot;:&quot;Prova-p\u00e5 pris&quot;}\" class=\"wp-block-bioconcept-book-button\"><\/div>\n\n\n\n<h2 class=\"wp-block-heading\"><strong>Betalning och leverans<\/strong><\/h2>\n\n\n\n<p><strong>Prenumerationsvillkor<\/strong><br>N\u00e4r du best\u00e4ller f\u00e5r du f\u00f6rsta asken f\u00f6r halva priset (114 kr). Du f\u00e5r en prenumeration men det \u00e4r <strong>ingen upps\u00e4gningstid<\/strong> s\u00e5 du kan n\u00e4rsomhelst meddela oss att du inte vill ha fler tabletter. Efter 1 m\u00e5nad f\u00e5r du 1 m\u00e5nadsf\u00f6rbrukning per m\u00e5nad till ordinarie pris 229 SEK per ask inkl frakt och moms p\u00e5 12 %.<\/p>\n\n\n\n<p><strong>Leveranser &#8211; Leveranstid<\/strong><br>Normalt levereras varor inom 3-5 helgfria dagar.<\/p>\n\n\n\n<p><strong>Betalningsalternativ<\/strong><br>Vi anv\u00e4nder Klarna s\u00e5 ni kan v\u00e4lja mellan kortbetalning, faktura eller autogiro.<\/p>\n\n\n\n<p><strong>Avgifter<\/strong><br>Vi redovisar priser inklusive moms. Inga \u00f6vriga skatter eller avgifter tillkommer vid best\u00e4llning.<\/p>\n\n\n\n<p><strong>\u00c5terbetalningar<\/strong><br>En eventuell \u00e5terbetalning g\u00f6rs till ditt bankkonto, person- konto eller bankgirokonto. \u00c5terbetalningen sker inom 10 arbetsdagar fr\u00e5n att vi har mottagit och godk\u00e4nt din retur.&nbsp;<\/p>\n\n\n\n<p><strong>\u00c5ngerr\u00e4tt och \u00f6ppet k\u00f6p i 14 dagar<\/strong><br>Enligt Distans- och hemf\u00f6rs\u00e4ljningslagen har du som kund r\u00e4tt att \u00e5ngra ditt k\u00f6p inom 14 dagar efter det att du har tagit emot varan och utan speciell anledning. Detta f\u00f6rutsatt att produkten och produktf\u00f6rpackningen \u00e4r i of\u00f6r\u00e4ndrat skick, dvs oanv\u00e4nd och ej \u00f6ppnad, f\u00f6rst\u00f6rd eller skadad. Du som kund st\u00e5r f\u00f6r returfrakten vid \u00e5beropande av \u00c5ngerr\u00e4tt och \u00f6ppet k\u00f6p. Vid retur m\u00e5ste kvitto eller kopia p\u00e5 denna medf\u00f6lja. Kontakt med oss m\u00e5ste ha skett innan retur. Vi f\u00f6rbeh\u00e5ller oss r\u00e4tten att i de fall returen ej \u00e4r komplett eller \u00f6ppnad, debitera sj\u00e4lvkostnadspris f\u00f6r de saknade delarna. Vi f\u00f6rbeh\u00e5ller oss r\u00e4tten att i de fall returen skett felaktig dvs kvitto saknas eller kontakt ej tagen avst\u00e5 fr\u00e5n \u00e5terbetalning av varans v\u00e4rde. Vi kommer ej l\u00f6sa ut paket mot postf\u00f6rskott.<\/p>\n\n\n\n<p><strong>Reklamation<\/strong><br>Enligt Konsumentk\u00f6plagen har du som kund reklamationsr\u00e4tt i 3 \u00e5r efter det att du har tagit emot varan. Vi till\u00e4mpar konsumentk\u00f6plagens reklamationsr\u00e4tt. OBS! Ni m\u00e5ste beh\u00e5lla kvittot f\u00f6r att utnyttja reklamationsr\u00e4tten samt att produkten m\u00e5ste vara i obruten f\u00f6rpackning. Skulle varan vara skadad eller felexpedierad (obruten f\u00f6rpackning) n\u00e4r den anl\u00e4nder s\u00e5 \u00e5tar vi oss att kostnadsfritt \u00e5tg\u00e4rda felet. OBS! Det \u00e4r viktigt att du g\u00f6r en korrekt anm\u00e4lan. Synligt fel: Anm\u00e4ls direkt vid mottagandet av varan. Dolt fel: Anm\u00e4ls till oss inom 7 dagar fr\u00e5n mottagandet av varan. En produkt som vi har konstaterat att den \u00e4r felexpedierad alternativt skadad byter vi ut. Vid giltigt retur\u00e4rende betalar vi returfrakten. Om du best\u00e4llt fler varor \u00e4n den du returnerat betalar vi dock inte tillbaka hela fraktkostnaden. F\u00f6r felaktigt returnerad vara utg\u00e5r ingen ers\u00e4ttning f\u00f6r varken vara eller returkostnader, ej heller f\u00e5r kunden tillbaka varan utan att erl\u00e4gga ny fraktkostnad. Vid eventuell tvist f\u00f6ljer vi ARN:s rekommendationer.<\/p>\n\n\n\n<p><strong>Sekretess och s\u00e4kerhet f\u00f6r personuppgifter<\/strong><br>N\u00e4r du l\u00e4gger din best\u00e4llning hos oss uppger du dina personuppgifter s\u00e5som namn, adress och telefonnummer. I samband med din registrering och best\u00e4llning godk\u00e4nner du att vi lagrar och anv\u00e4nder dina uppgifter i v\u00e5r verksamhet f\u00f6r att fullf\u00f6lja v\u00e5ra \u00e5taganden gentemot dig. Vi dokumenterar \u00e4ven all kommunikation som vi har med dig via e-post, detta f\u00f6r att tillhandah\u00e5lla den service som du f\u00f6rv\u00e4ntar dig av oss. Vi kommer inte att l\u00e4mna ut dina personuppgifter till tredje part. Enligt Personuppgiftslagen har du r\u00e4tt att f\u00e5 den information som vi har registrerat om dig. Om den \u00e4r felaktig, ofullst\u00e4ndig eller irrelevant kan du beg\u00e4ra att informationen ska r\u00e4ttas eller tas bort. Kontakta i s\u00e5 fall oss.<\/p>\n\n\n\n<p><strong>Leveransf\u00f6rsening<\/strong><br>Om leveransf\u00f6rsening uppst\u00e5r meddelar vi dig detta genom e-post. Du som kund har alltid r\u00e4tt att h\u00e4va k\u00f6pet vid leveransf\u00f6rseningar. Vi kommer att g\u00f6ra allt som st\u00e5r i v\u00e5r makt f\u00f6r att fullf\u00f6lja din best\u00e4llning. Det kan finnas tillf\u00e4llen som g\u00f6r det om\u00f6jligt att fullf\u00f6lja best\u00e4llningen. Vi f\u00f6rbeh\u00e5ller oss r\u00e4tten att friskriva oss fr\u00e5n all ers\u00e4ttning till kund g\u00e4llande leveransf\u00f6rseningar.<\/p>\n","protected":false},"excerpt":{"rendered":"<p>inneh\u00e5ller bara naturliga \u00e4mnen. \u00e4r unik i sin sammans\u00e4ttning och \u00e4r helt inriktad p\u00e5 N.O. (Kv\u00e4veoxid). Vi har utvecklat under 15 \u00e5r och nu k\u00e4nner vi att den \u00e4r perfekt. Tabletterna inneh\u00e5ller Aminosyrorna L-Arginine, L-Citrulline som tillsammans med Nitratet i r\u00f6dbetan \u00e4r kroppens byggstenar f\u00f6r N.O. (Kv\u00e4veoxid). Rosenroten \u00e4r i allra h\u00f6gsta grad delaktig i [&hellip;]<\/p>\n","protected":false},"author":1,"featured_media":11698,"parent":0,"menu_order":0,"comment_status":"closed","ping_status":"closed","template":"template-cover.php","meta":{"_acf_changed":false,"footnotes":""},"categories":[],"tags":[],"dbm_type":[],"dbm_relation":[],"class_list":["post-8796","page","type-page","status-publish","has-post-thumbnail","hentry"],"acf":[],"yoast_head":"<!-- This site is optimized with the Yoast SEO plugin v26.2 - https:\/\/yoast.com\/wordpress\/plugins\/seo\/ -->\n<title>Vanliga fr\u00e5gor - Endurance<\/title>\n<meta name=\"robots\" content=\"index, follow, max-snippet:-1, max-image-preview:large, max-video-preview:-1\" \/>\n<link rel=\"canonical\" href=\"https:\/\/endurance.nu\/no\/vanliga-fragor\/\" \/>\n<meta property=\"og:locale\" content=\"nb_NO\" \/>\n<meta property=\"og:type\" content=\"article\" \/>\n<meta property=\"og:title\" content=\"Vanliga fr\u00e5gor - Endurance\" \/>\n<meta property=\"og:description\" content=\"inneh\u00e5ller bara naturliga \u00e4mnen. \u00e4r unik i sin sammans\u00e4ttning och \u00e4r helt inriktad p\u00e5 N.O. (Kv\u00e4veoxid). Vi har utvecklat under 15 \u00e5r och nu k\u00e4nner vi att den \u00e4r perfekt. Tabletterna inneh\u00e5ller Aminosyrorna L-Arginine, L-Citrulline som tillsammans med Nitratet i r\u00f6dbetan \u00e4r kroppens byggstenar f\u00f6r N.O. (Kv\u00e4veoxid). Rosenroten \u00e4r i allra h\u00f6gsta grad delaktig i [&hellip;]\" \/>\n<meta property=\"og:url\" content=\"https:\/\/endurance.nu\/no\/vanliga-fragor\/\" \/>\n<meta property=\"og:site_name\" content=\"Endurance\" \/>\n<meta property=\"article:modified_time\" content=\"2019-10-03T07:47:59+00:00\" \/>\n<meta property=\"og:image\" content=\"https:\/\/endurance.nu\/wp-content\/uploads\/2019\/11\/AndyMurray-1024x712.jpg\" \/>\n\t<meta property=\"og:image:width\" content=\"1024\" \/>\n\t<meta property=\"og:image:height\" content=\"712\" \/>\n\t<meta property=\"og:image:type\" content=\"image\/jpeg\" \/>\n<meta name=\"twitter:card\" content=\"summary_large_image\" \/>\n<meta name=\"twitter:label1\" content=\"Ansl. lesetid\" \/>\n\t<meta name=\"twitter:data1\" content=\"6 minutter\" \/>\n<script type=\"application\/ld+json\" class=\"yoast-schema-graph\">{\"@context\":\"https:\/\/schema.org\",\"@graph\":[{\"@type\":\"WebPage\",\"@id\":\"https:\/\/endurance.nu\/no\/vanliga-fragor\/\",\"url\":\"https:\/\/endurance.nu\/no\/vanliga-fragor\/\",\"name\":\"Vanliga fr\u00e5gor - Endurance\",\"isPartOf\":{\"@id\":\"https:\/\/endurance.nu\/no\/#website\"},\"primaryImageOfPage\":{\"@id\":\"https:\/\/endurance.nu\/no\/vanliga-fragor\/#primaryimage\"},\"image\":{\"@id\":\"https:\/\/endurance.nu\/no\/vanliga-fragor\/#primaryimage\"},\"thumbnailUrl\":\"https:\/\/endurance.nu\/wp-content\/uploads\/2019\/11\/AndyMurray.jpg\",\"datePublished\":\"2019-05-17T09:01:59+00:00\",\"dateModified\":\"2019-10-03T07:47:59+00:00\",\"breadcrumb\":{\"@id\":\"https:\/\/endurance.nu\/no\/vanliga-fragor\/#breadcrumb\"},\"inLanguage\":\"nb-NO\",\"potentialAction\":[{\"@type\":\"ReadAction\",\"target\":[\"https:\/\/endurance.nu\/no\/vanliga-fragor\/\"]}]},{\"@type\":\"ImageObject\",\"inLanguage\":\"nb-NO\",\"@id\":\"https:\/\/endurance.nu\/no\/vanliga-fragor\/#primaryimage\",\"url\":\"https:\/\/endurance.nu\/wp-content\/uploads\/2019\/11\/AndyMurray.jpg\",\"contentUrl\":\"https:\/\/endurance.nu\/wp-content\/uploads\/2019\/11\/AndyMurray.jpg\",\"width\":5268,\"height\":3662},{\"@type\":\"BreadcrumbList\",\"@id\":\"https:\/\/endurance.nu\/no\/vanliga-fragor\/#breadcrumb\",\"itemListElement\":[{\"@type\":\"ListItem\",\"position\":1,\"name\":\"Home\",\"item\":\"https:\/\/endurance.nu\/no\/\"},{\"@type\":\"ListItem\",\"position\":2,\"name\":\"Vanliga fr\u00e5gor\"}]},{\"@type\":\"WebSite\",\"@id\":\"https:\/\/endurance.nu\/no\/#website\",\"url\":\"https:\/\/endurance.nu\/no\/\",\"name\":\"Endurance\",\"description\":\"V\u00e4rldens mest s\u00e5lda tr\u00e4ningstillskott!\",\"publisher\":{\"@id\":\"https:\/\/endurance.nu\/no\/#organization\"},\"potentialAction\":[{\"@type\":\"SearchAction\",\"target\":{\"@type\":\"EntryPoint\",\"urlTemplate\":\"https:\/\/endurance.nu\/no\/?s={search_term_string}\"},\"query-input\":{\"@type\":\"PropertyValueSpecification\",\"valueRequired\":true,\"valueName\":\"search_term_string\"}}],\"inLanguage\":\"nb-NO\"},{\"@type\":\"Organization\",\"@id\":\"https:\/\/endurance.nu\/no\/#organization\",\"name\":\"Endurance\",\"url\":\"https:\/\/endurance.nu\/no\/\",\"logo\":{\"@type\":\"ImageObject\",\"inLanguage\":\"nb-NO\",\"@id\":\"https:\/\/endurance.nu\/no\/#\/schema\/logo\/image\/\",\"url\":\"https:\/\/endurance.nu\/wp-content\/uploads\/2019\/07\/endurance-logo.png\",\"contentUrl\":\"https:\/\/endurance.nu\/wp-content\/uploads\/2019\/07\/endurance-logo.png\",\"width\":700,\"height\":150,\"caption\":\"Endurance\"},\"image\":{\"@id\":\"https:\/\/endurance.nu\/no\/#\/schema\/logo\/image\/\"}}]}<\/script>\n<!-- \/ Yoast SEO plugin. -->","yoast_head_json":{"title":"Vanliga fr\u00e5gor - Endurance","robots":{"index":"index","follow":"follow","max-snippet":"max-snippet:-1","max-image-preview":"max-image-preview:large","max-video-preview":"max-video-preview:-1"},"canonical":"https:\/\/endurance.nu\/no\/vanliga-fragor\/","og_locale":"nb_NO","og_type":"article","og_title":"Vanliga fr\u00e5gor - Endurance","og_description":"inneh\u00e5ller bara naturliga \u00e4mnen. \u00e4r unik i sin sammans\u00e4ttning och \u00e4r helt inriktad p\u00e5 N.O. (Kv\u00e4veoxid). Vi har utvecklat under 15 \u00e5r och nu k\u00e4nner vi att den \u00e4r perfekt. Tabletterna inneh\u00e5ller Aminosyrorna L-Arginine, L-Citrulline som tillsammans med Nitratet i r\u00f6dbetan \u00e4r kroppens byggstenar f\u00f6r N.O. (Kv\u00e4veoxid). Rosenroten \u00e4r i allra h\u00f6gsta grad delaktig i [&hellip;]","og_url":"https:\/\/endurance.nu\/no\/vanliga-fragor\/","og_site_name":"Endurance","article_modified_time":"2019-10-03T07:47:59+00:00","og_image":[{"width":1024,"height":712,"url":"https:\/\/endurance.nu\/wp-content\/uploads\/2019\/11\/AndyMurray-1024x712.jpg","type":"image\/jpeg"}],"twitter_card":"summary_large_image","twitter_misc":{"Ansl. lesetid":"6 minutter"},"schema":{"@context":"https:\/\/schema.org","@graph":[{"@type":"WebPage","@id":"https:\/\/endurance.nu\/no\/vanliga-fragor\/","url":"https:\/\/endurance.nu\/no\/vanliga-fragor\/","name":"Vanliga fr\u00e5gor - Endurance","isPartOf":{"@id":"https:\/\/endurance.nu\/no\/#website"},"primaryImageOfPage":{"@id":"https:\/\/endurance.nu\/no\/vanliga-fragor\/#primaryimage"},"image":{"@id":"https:\/\/endurance.nu\/no\/vanliga-fragor\/#primaryimage"},"thumbnailUrl":"https:\/\/endurance.nu\/wp-content\/uploads\/2019\/11\/AndyMurray.jpg","datePublished":"2019-05-17T09:01:59+00:00","dateModified":"2019-10-03T07:47:59+00:00","breadcrumb":{"@id":"https:\/\/endurance.nu\/no\/vanliga-fragor\/#breadcrumb"},"inLanguage":"nb-NO","potentialAction":[{"@type":"ReadAction","target":["https:\/\/endurance.nu\/no\/vanliga-fragor\/"]}]},{"@type":"ImageObject","inLanguage":"nb-NO","@id":"https:\/\/endurance.nu\/no\/vanliga-fragor\/#primaryimage","url":"https:\/\/endurance.nu\/wp-content\/uploads\/2019\/11\/AndyMurray.jpg","contentUrl":"https:\/\/endurance.nu\/wp-content\/uploads\/2019\/11\/AndyMurray.jpg","width":5268,"height":3662},{"@type":"BreadcrumbList","@id":"https:\/\/endurance.nu\/no\/vanliga-fragor\/#breadcrumb","itemListElement":[{"@type":"ListItem","position":1,"name":"Home","item":"https:\/\/endurance.nu\/no\/"},{"@type":"ListItem","position":2,"name":"Vanliga fr\u00e5gor"}]},{"@type":"WebSite","@id":"https:\/\/endurance.nu\/no\/#website","url":"https:\/\/endurance.nu\/no\/","name":"Endurance","description":"V\u00e4rldens mest s\u00e5lda tr\u00e4ningstillskott!","publisher":{"@id":"https:\/\/endurance.nu\/no\/#organization"},"potentialAction":[{"@type":"SearchAction","target":{"@type":"EntryPoint","urlTemplate":"https:\/\/endurance.nu\/no\/?s={search_term_string}"},"query-input":{"@type":"PropertyValueSpecification","valueRequired":true,"valueName":"search_term_string"}}],"inLanguage":"nb-NO"},{"@type":"Organization","@id":"https:\/\/endurance.nu\/no\/#organization","name":"Endurance","url":"https:\/\/endurance.nu\/no\/","logo":{"@type":"ImageObject","inLanguage":"nb-NO","@id":"https:\/\/endurance.nu\/no\/#\/schema\/logo\/image\/","url":"https:\/\/endurance.nu\/wp-content\/uploads\/2019\/07\/endurance-logo.png","contentUrl":"https:\/\/endurance.nu\/wp-content\/uploads\/2019\/07\/endurance-logo.png","width":700,"height":150,"caption":"Endurance"},"image":{"@id":"https:\/\/endurance.nu\/no\/#\/schema\/logo\/image\/"}}]}},"guten_post_layout_featured_media_urls":{"full":["https:\/\/endurance.nu\/wp-content\/uploads\/2019\/11\/AndyMurray.jpg",5268,3662,false],"thumbnail":["https:\/\/endurance.nu\/wp-content\/uploads\/2019\/11\/AndyMurray-150x150.jpg",150,150,true],"medium":["https:\/\/endurance.nu\/wp-content\/uploads\/2019\/11\/AndyMurray-300x209.jpg",300,209,true],"medium_large":["https:\/\/endurance.nu\/wp-content\/uploads\/2019\/11\/AndyMurray-768x534.jpg",600,417,true],"large":["https:\/\/endurance.nu\/wp-content\/uploads\/2019\/11\/AndyMurray-1024x712.jpg",600,417,true],"1536x1536":["https:\/\/endurance.nu\/wp-content\/uploads\/2019\/11\/AndyMurray.jpg",1536,1068,false],"2048x2048":["https:\/\/endurance.nu\/wp-content\/uploads\/2019\/11\/AndyMurray.jpg",2048,1424,false],"guten_post_layout_landscape_large":["https:\/\/endurance.nu\/wp-content\/uploads\/2019\/11\/AndyMurray-1200x800.jpg",1200,800,true],"guten_post_layout_portrait_large":["https:\/\/endurance.nu\/wp-content\/uploads\/2019\/11\/AndyMurray-1200x1800.jpg",1200,1800,true],"guten_post_layout_square_large":["https:\/\/endurance.nu\/wp-content\/uploads\/2019\/11\/AndyMurray-1200x1200.jpg",1200,1200,true],"guten_post_layout_landscape":["https:\/\/endurance.nu\/wp-content\/uploads\/2019\/11\/AndyMurray-600x400.jpg",600,400,true],"guten_post_layout_portrait":["https:\/\/endurance.nu\/wp-content\/uploads\/2019\/11\/AndyMurray-600x900.jpg",600,900,true],"guten_post_layout_square":["https:\/\/endurance.nu\/wp-content\/uploads\/2019\/11\/AndyMurray-600x600.jpg",600,600,true],"post-thumbnail":["https:\/\/endurance.nu\/wp-content\/uploads\/2019\/11\/AndyMurray-870x605.jpg",870,605,true],"sullivan_fullscreen":["https:\/\/endurance.nu\/wp-content\/uploads\/2019\/11\/AndyMurray-1860x1293.jpg",1860,1293,true],"woocommerce_thumbnail":["https:\/\/endurance.nu\/wp-content\/uploads\/2019\/11\/AndyMurray-300x300.jpg",300,300,true],"woocommerce_single":["https:\/\/endurance.nu\/wp-content\/uploads\/2019\/11\/AndyMurray-600x417.jpg",600,417,true],"woocommerce_gallery_thumbnail":["https:\/\/endurance.nu\/wp-content\/uploads\/2019\/11\/AndyMurray-100x100.jpg",100,100,true],"ppec_logo_image_size":["https:\/\/endurance.nu\/wp-content\/uploads\/2019\/11\/AndyMurray.jpg",86,60,false],"ppec_header_image_size":["https:\/\/endurance.nu\/wp-content\/uploads\/2019\/11\/AndyMurray.jpg",129,90,false]},"_links":{"self":[{"href":"https:\/\/endurance.nu\/no\/wp-json\/wp\/v2\/pages\/8796","targetHints":{"allow":["GET"]}}],"collection":[{"href":"https:\/\/endurance.nu\/no\/wp-json\/wp\/v2\/pages"}],"about":[{"href":"https:\/\/endurance.nu\/no\/wp-json\/wp\/v2\/types\/page"}],"author":[{"embeddable":true,"href":"https:\/\/endurance.nu\/no\/wp-json\/wp\/v2\/users\/1"}],"replies":[{"embeddable":true,"href":"https:\/\/endurance.nu\/no\/wp-json\/wp\/v2\/comments?post=8796"}],"version-history":[{"count":1,"href":"https:\/\/endurance.nu\/no\/wp-json\/wp\/v2\/pages\/8796\/revisions"}],"predecessor-version":[{"id":8816,"href":"https:\/\/endurance.nu\/no\/wp-json\/wp\/v2\/pages\/8796\/revisions\/8816"}],"wp:featuredmedia":[{"embeddable":true,"href":"https:\/\/endurance.nu\/no\/wp-json\/wp\/v2\/media\/11698"}],"wp:attachment":[{"href":"https:\/\/endurance.nu\/no\/wp-json\/wp\/v2\/media?parent=8796"}],"wp:term":[{"taxonomy":"category","embeddable":true,"href":"https:\/\/endurance.nu\/no\/wp-json\/wp\/v2\/categories?post=8796"},{"taxonomy":"post_tag","embeddable":true,"href":"https:\/\/endurance.nu\/no\/wp-json\/wp\/v2\/tags?post=8796"},{"taxonomy":"dbm_type","embeddable":true,"href":"https:\/\/endurance.nu\/no\/wp-json\/wp\/v2\/dbm_type?post=8796"},{"taxonomy":"dbm_relation","embeddable":true,"href":"https:\/\/endurance.nu\/no\/wp-json\/wp\/v2\/dbm_relation?post=8796"}],"curies":[{"name":"wp","href":"https:\/\/api.w.org\/{rel}","templated":true}]}}